{"id":59774,"date":"2023-05-23T19:27:27","date_gmt":"2023-05-23T17:27:27","guid":{"rendered":"https:\/\/hairtastic.se\/?page_id=59774"},"modified":"2023-05-23T19:33:56","modified_gmt":"2023-05-23T17:33:56","slug":"salon-hairtastic","status":"publish","type":"page","link":"https:\/\/hairtastic.se\/en\/salon-hairtastic\/","title":{"rendered":"Salon Hairtastic"},"content":{"rendered":"<h3 style=\"text-align: center;\">Hair extensions with Hairtastic Hair Extensions<\/h3>\n<p style=\"text-align: center;\">We at Hairtastic are fully focused on our area of expertise &#8211; hair extensions &amp; extensions.<br \/>\nIn the <em>Talking Heads<\/em> premises in \u00d6stermalm, specialized hair stylists perform professional hair extensions.<\/p>\n<p style=\"text-align: center;\"><a href=\"https:\/\/www.bokadirekt.se\/places\/salong-hairtastic--11226\">Book a time for hair extension \/ hair extension in \u00d6stermalm.<\/a> In our web booking you can see which times are available, which makes it easy to find a time that suits you best. You are of course also welcome to contact us if you have questions about hair extensions or our services. We offer payment against Klarna invoice.<\/p>\n<p style=\"text-align: center;\">For those of you who prefer to order hair extensions and insert hair extensions on your own, you will find everything you need in our <a href=\"https:\/\/hairtastic.se\/shop\/\">online store<\/a>. Here you will find our bestseller, Tape hair extensions, Nail Hair Remy hair of different quality grades, handy clip on-set, hair care products and tools for hair extension.<\/p>\n<h3 style=\"text-align: center;\">BOOK A TIME FOR COLOR TREATMENT?<\/h3>\n<p style=\"text-align: center;\">New customers can advantageously email for consultation regarding color treatment and time consumption. For more extensive color treatments and\/or for extra long and thick hair, extra time may need to be set aside.<\/p>\n<p style=\"text-align: center;\">Please visit us on our <a href=\"https:\/\/www.instagram.com\/hairtasticab\/\">Instagram<\/a> for more pictures and inspiration!<\/p>\n<p style=\"text-align: center;\">Phone: <a href=\"tel:+46 8-500 824 00\">08-500 824 00<\/a><\/p>\n<p style=\"text-align: center;\"><strong>Hairtastic<\/strong><br \/>\nRegeringsgatan 83<br \/>\n111 39 Stockholm, Norrmalm<\/p>\n<p style=\"text-align: center;\"><a href=\"https:\/\/www.bokadirekt.se\/places\/salong-hairtastic--11226\"><img loading=\"lazy\" decoding=\"async\" class=\"size-full wp-image-10741 aligncenter\" src=\"https:\/\/hairtastic.se\/wp-content\/uploads\/2019\/06\/BokaTid_Gron_MorkBakgrund_120px.png\" alt=\"\" width=\"146\" height=\"41\" srcset=\"https:\/\/hairtastic.se\/wp-content\/uploads\/2019\/06\/BokaTid_Gron_MorkBakgrund_120px.png 146w, https:\/\/hairtastic.se\/wp-content\/uploads\/2019\/06\/BokaTid_Gron_MorkBakgrund_120px-64x18.png 64w\" sizes=\"auto, (max-width: 146px) 100vw, 146px\" \/><\/a><\/p>\n<p><center><img decoding=\"async\" class=\"alignnone size-medium wp-image-11787\" src=\"https:\/\/hairtastic.se\/wp-content\/uploads\/2019\/10\/Klarna_ActionBadge_Secondary_Pink-300x164.png\" alt=\"\" width=\"150\" height=\"auto\" srcset=\"https:\/\/hairtastic.se\/wp-content\/uploads\/2019\/10\/Klarna_ActionBadge_Secondary_Pink-300x164.png 300w, https:\/\/hairtastic.se\/wp-content\/uploads\/2019\/10\/Klarna_ActionBadge_Secondary_Pink-768x419.png 768w, https:\/\/hairtastic.se\/wp-content\/uploads\/2019\/10\/Klarna_ActionBadge_Secondary_Pink-1024x559.png 1024w, https:\/\/hairtastic.se\/wp-content\/uploads\/2019\/10\/Klarna_ActionBadge_Secondary_Pink-640x349.png 640w, https:\/\/hairtastic.se\/wp-content\/uploads\/2019\/10\/Klarna_ActionBadge_Secondary_Pink-64x35.png 64w, https:\/\/hairtastic.se\/wp-content\/uploads\/2019\/10\/Klarna_ActionBadge_Secondary_Pink.png 1469w\" sizes=\"(max-width: 300px) 100vw, 300px\" \/><\/center><img loading=\"lazy\" decoding=\"async\" class=\"alignnone size-medium wp-image-11778\" style=\"display: inline-block;\" src=\"https:\/\/hairtastic.se\/wp-content\/uploads\/2019\/10\/A9249887-B9C7-498D-93A1-A192B8BA2AF4-300x300.jpg\" alt=\"\" width=\"200\" height=\"200\" srcset=\"https:\/\/hairtastic.se\/wp-content\/uploads\/2019\/10\/A9249887-B9C7-498D-93A1-A192B8BA2AF4-300x300.jpg 300w, https:\/\/hairtastic.se\/wp-content\/uploads\/2019\/10\/A9249887-B9C7-498D-93A1-A192B8BA2AF4-150x150.jpg 150w, https:\/\/hairtastic.se\/wp-content\/uploads\/2019\/10\/A9249887-B9C7-498D-93A1-A192B8BA2AF4-768x768.jpg 768w, https:\/\/hairtastic.se\/wp-content\/uploads\/2019\/10\/A9249887-B9C7-498D-93A1-A192B8BA2AF4-1024x1024.jpg 1024w, https:\/\/hairtastic.se\/wp-content\/uploads\/2019\/10\/A9249887-B9C7-498D-93A1-A192B8BA2AF4-640x640.jpg 640w, https:\/\/hairtastic.se\/wp-content\/uploads\/2019\/10\/A9249887-B9C7-498D-93A1-A192B8BA2AF4-100x100.jpg 100w, https:\/\/hairtastic.se\/wp-content\/uploads\/2019\/10\/A9249887-B9C7-498D-93A1-A192B8BA2AF4-64x64.jpg 64w, https:\/\/hairtastic.se\/wp-content\/uploads\/2019\/10\/A9249887-B9C7-498D-93A1-A192B8BA2AF4-180x180.jpg 180w, https:\/\/hairtastic.se\/wp-content\/uploads\/2019\/10\/A9249887-B9C7-498D-93A1-A192B8BA2AF4.jpg 2048w\" sizes=\"auto, (max-width: 200px) 100vw, 200px\" \/><img loading=\"lazy\" decoding=\"async\" class=\"alignnone size-medium wp-image-11780\" style=\"display: inline-block;\" src=\"https:\/\/hairtastic.se\/wp-content\/uploads\/2019\/10\/7E499726-7A8A-4F25-802B-E396AD17DB21-300x300.jpg\" alt=\"\" width=\"200\" height=\"200\" srcset=\"https:\/\/hairtastic.se\/wp-content\/uploads\/2019\/10\/7E499726-7A8A-4F25-802B-E396AD17DB21-300x300.jpg 300w, https:\/\/hairtastic.se\/wp-content\/uploads\/2019\/10\/7E499726-7A8A-4F25-802B-E396AD17DB21-150x150.jpg 150w, https:\/\/hairtastic.se\/wp-content\/uploads\/2019\/10\/7E499726-7A8A-4F25-802B-E396AD17DB21-768x768.jpg 768w, https:\/\/hairtastic.se\/wp-content\/uploads\/2019\/10\/7E499726-7A8A-4F25-802B-E396AD17DB21-1024x1024.jpg 1024w, https:\/\/hairtastic.se\/wp-content\/uploads\/2019\/10\/7E499726-7A8A-4F25-802B-E396AD17DB21-640x640.jpg 640w, https:\/\/hairtastic.se\/wp-content\/uploads\/2019\/10\/7E499726-7A8A-4F25-802B-E396AD17DB21-100x100.jpg 100w, https:\/\/hairtastic.se\/wp-content\/uploads\/2019\/10\/7E499726-7A8A-4F25-802B-E396AD17DB21-64x64.jpg 64w, https:\/\/hairtastic.se\/wp-content\/uploads\/2019\/10\/7E499726-7A8A-4F25-802B-E396AD17DB21-180x180.jpg 180w, https:\/\/hairtastic.se\/wp-content\/uploads\/2019\/10\/7E499726-7A8A-4F25-802B-E396AD17DB21.jpg 2048w\" sizes=\"auto, (max-width: 200px) 100vw, 200px\" \/><img loading=\"lazy\" decoding=\"async\" class=\"alignnone size-medium wp-image-11782\" style=\"display: inline-block;\" src=\"https:\/\/hairtastic.se\/wp-content\/uploads\/2019\/10\/B03D33C4-C222-4153-9253-FA79DFDDFB13-300x300.jpg\" alt=\"\" width=\"200\" height=\"200\" srcset=\"https:\/\/hairtastic.se\/wp-content\/uploads\/2019\/10\/B03D33C4-C222-4153-9253-FA79DFDDFB13-300x300.jpg 300w, https:\/\/hairtastic.se\/wp-content\/uploads\/2019\/10\/B03D33C4-C222-4153-9253-FA79DFDDFB13-150x150.jpg 150w, https:\/\/hairtastic.se\/wp-content\/uploads\/2019\/10\/B03D33C4-C222-4153-9253-FA79DFDDFB13-768x768.jpg 768w, https:\/\/hairtastic.se\/wp-content\/uploads\/2019\/10\/B03D33C4-C222-4153-9253-FA79DFDDFB13-1024x1024.jpg 1024w, https:\/\/hairtastic.se\/wp-content\/uploads\/2019\/10\/B03D33C4-C222-4153-9253-FA79DFDDFB13-640x640.jpg 640w, https:\/\/hairtastic.se\/wp-content\/uploads\/2019\/10\/B03D33C4-C222-4153-9253-FA79DFDDFB13-100x100.jpg 100w, https:\/\/hairtastic.se\/wp-content\/uploads\/2019\/10\/B03D33C4-C222-4153-9253-FA79DFDDFB13-64x64.jpg 64w, https:\/\/hairtastic.se\/wp-content\/uploads\/2019\/10\/B03D33C4-C222-4153-9253-FA79DFDDFB13-180x180.jpg 180w, https:\/\/hairtastic.se\/wp-content\/uploads\/2019\/10\/B03D33C4-C222-4153-9253-FA79DFDDFB13.jpg 2048w\" sizes=\"auto, (max-width: 200px) 100vw, 200px\" \/><\/p>\n<div class=\"mapouter\">\n<div class=\"gmap_canvas\"><iframe loading=\"lazy\" id=\"gmap_canvas\" src=\"https:\/\/maps.google.com\/maps?q=hairtastic&amp;t=&amp;z=13&amp;ie=UTF8&amp;iwloc=&amp;output=embed\" width=\"600\" height=\"500\" frameborder=\"0\" marginwidth=\"0\" marginheight=\"0\" scrolling=\"no\" data-mce-fragment=\"1\"><\/iframe><\/div>\n<style>.mapouter{position:relative;text-align:center; margin: 0 auto; height:500px;width:600px;}.gmap_canvas {overflow:hidden;background:none!important;height:500px;width:600px;}<\/style>\n<\/div>\n<p style=\"text-align: center;\">\n","protected":false},"excerpt":{"rendered":"<p>Hair extensions with Hairtastic Hair Extensions We at Hairtastic are fully focused on our area of expertise &#8211; hair extensions &amp; extensions. In the Talking Heads premises in \u00d6stermalm, specialized hair stylists perform professional hair extensions. Book a time for hair extension \/ hair extension in \u00d6stermalm. In our web booking you can see which [&hellip;]<\/p>\n","protected":false},"author":307,"featured_media":0,"parent":0,"menu_order":0,"comment_status":"closed","ping_status":"closed","template":"","meta":{"_acf_changed":false,"_exactmetrics_skip_tracking":false,"_exactmetrics_sitenote_active":false,"_exactmetrics_sitenote_note":"","_exactmetrics_sitenote_category":0,"footnotes":""},"class_list":["post-59774","page","type-page","status-publish","hentry"],"acf":[],"yoast_head":"<!-- This site is optimized with the Yoast SEO Premium plugin v26.7 (Yoast SEO v26.7) - https:\/\/yoast.com\/wordpress\/plugins\/seo\/ -->\n<title>Salon Hairtastic - Hairtastic<\/title>\n<meta name=\"robots\" content=\"index, follow, max-snippet:-1, max-image-preview:large, max-video-preview:-1\" \/>\n<link rel=\"canonical\" href=\"https:\/\/hairtastic.se\/en\/salon-hairtastic\/\" \/>\n<meta property=\"og:locale\" content=\"en_US\" \/>\n<meta property=\"og:type\" content=\"article\" \/>\n<meta property=\"og:title\" content=\"Salon Hairtastic\" \/>\n<meta property=\"og:description\" content=\"Hair extensions with Hairtastic Hair Extensions We at Hairtastic are fully focused on our area of expertise &#8211; hair extensions &amp; extensions. In the Talking Heads premises in \u00d6stermalm, specialized hair stylists perform professional hair extensions. Book a time for hair extension \/ hair extension in \u00d6stermalm. In our web booking you can see which [&hellip;]\" \/>\n<meta property=\"og:url\" content=\"https:\/\/hairtastic.se\/en\/salon-hairtastic\/\" \/>\n<meta property=\"og:site_name\" content=\"Hairtastic\" \/>\n<meta property=\"article:publisher\" content=\"https:\/\/www.facebook.com\/Hairtastic-663755403684614\/\" \/>\n<meta property=\"article:modified_time\" content=\"2023-05-23T17:33:56+00:00\" \/>\n<meta property=\"og:image\" content=\"https:\/\/hairtastic.se\/wp-content\/uploads\/2019\/06\/BokaTid_Gron_MorkBakgrund_120px.png\" \/>\n<meta name=\"twitter:label1\" content=\"Est. reading time\" \/>\n\t<meta name=\"twitter:data1\" content=\"3 minutes\" \/>\n<script type=\"application\/ld+json\" class=\"yoast-schema-graph\">{\"@context\":\"https:\/\/schema.org\",\"@graph\":[{\"@type\":\"WebPage\",\"@id\":\"https:\/\/hairtastic.se\/en\/salon-hairtastic\/\",\"url\":\"https:\/\/hairtastic.se\/en\/salon-hairtastic\/\",\"name\":\"Salon Hairtastic - Hairtastic\",\"isPartOf\":{\"@id\":\"https:\/\/hairtastic.se\/en\/#website\"},\"primaryImageOfPage\":{\"@id\":\"https:\/\/hairtastic.se\/en\/salon-hairtastic\/#primaryimage\"},\"image\":{\"@id\":\"https:\/\/hairtastic.se\/en\/salon-hairtastic\/#primaryimage\"},\"thumbnailUrl\":\"https:\/\/hairtastic.se\/wp-content\/uploads\/2019\/06\/BokaTid_Gron_MorkBakgrund_120px.png\",\"datePublished\":\"2023-05-23T17:27:27+00:00\",\"dateModified\":\"2023-05-23T17:33:56+00:00\",\"breadcrumb\":{\"@id\":\"https:\/\/hairtastic.se\/en\/salon-hairtastic\/#breadcrumb\"},\"inLanguage\":\"en-US\",\"potentialAction\":[{\"@type\":\"ReadAction\",\"target\":[\"https:\/\/hairtastic.se\/en\/salon-hairtastic\/\"]}]},{\"@type\":\"ImageObject\",\"inLanguage\":\"en-US\",\"@id\":\"https:\/\/hairtastic.se\/en\/salon-hairtastic\/#primaryimage\",\"url\":\"https:\/\/hairtastic.se\/wp-content\/uploads\/2019\/06\/BokaTid_Gron_MorkBakgrund_120px.png\",\"contentUrl\":\"https:\/\/hairtastic.se\/wp-content\/uploads\/2019\/06\/BokaTid_Gron_MorkBakgrund_120px.png\"},{\"@type\":\"BreadcrumbList\",\"@id\":\"https:\/\/hairtastic.se\/en\/salon-hairtastic\/#breadcrumb\",\"itemListElement\":[{\"@type\":\"ListItem\",\"position\":1,\"name\":\"Hem\",\"item\":\"https:\/\/hairtastic.se\/en\/\"},{\"@type\":\"ListItem\",\"position\":2,\"name\":\"Salon Hairtastic\"}]},{\"@type\":\"WebSite\",\"@id\":\"https:\/\/hairtastic.se\/en\/#website\",\"url\":\"https:\/\/hairtastic.se\/en\/\",\"name\":\"Hairtastic\",\"description\":\"\u00c4kta l\u00f6sh\u00e5r med kvalit\u00e9 som h\u00e5ller l\u00e4ngre\",\"publisher\":{\"@id\":\"https:\/\/hairtastic.se\/en\/#organization\"},\"potentialAction\":[{\"@type\":\"SearchAction\",\"target\":{\"@type\":\"EntryPoint\",\"urlTemplate\":\"https:\/\/hairtastic.se\/en\/?s={search_term_string}\"},\"query-input\":{\"@type\":\"PropertyValueSpecification\",\"valueRequired\":true,\"valueName\":\"search_term_string\"}}],\"inLanguage\":\"en-US\"},{\"@type\":\"Organization\",\"@id\":\"https:\/\/hairtastic.se\/en\/#organization\",\"name\":\"Hairtastic\",\"url\":\"https:\/\/hairtastic.se\/en\/\",\"logo\":{\"@type\":\"ImageObject\",\"inLanguage\":\"en-US\",\"@id\":\"https:\/\/hairtastic.se\/en\/#\/schema\/logo\/image\/\",\"url\":\"https:\/\/hairtastic.se\/wp-content\/uploads\/2015\/12\/logo.jpg\",\"contentUrl\":\"https:\/\/hairtastic.se\/wp-content\/uploads\/2015\/12\/logo.jpg\",\"width\":235,\"height\":59,\"caption\":\"Hairtastic\"},\"image\":{\"@id\":\"https:\/\/hairtastic.se\/en\/#\/schema\/logo\/image\/\"},\"sameAs\":[\"https:\/\/www.facebook.com\/Hairtastic-663755403684614\/\",\"https:\/\/www.instagram.com\/hairtasticab\/-566646813447362\"]}]}<\/script>\n<!-- \/ Yoast SEO Premium plugin. -->","yoast_head_json":{"title":"Salon Hairtastic - Hairtastic","robots":{"index":"index","follow":"follow","max-snippet":"max-snippet:-1","max-image-preview":"max-image-preview:large","max-video-preview":"max-video-preview:-1"},"canonical":"https:\/\/hairtastic.se\/en\/salon-hairtastic\/","og_locale":"en_US","og_type":"article","og_title":"Salon Hairtastic","og_description":"Hair extensions with Hairtastic Hair Extensions We at Hairtastic are fully focused on our area of expertise &#8211; hair extensions &amp; extensions. In the Talking Heads premises in \u00d6stermalm, specialized hair stylists perform professional hair extensions. Book a time for hair extension \/ hair extension in \u00d6stermalm. In our web booking you can see which [&hellip;]","og_url":"https:\/\/hairtastic.se\/en\/salon-hairtastic\/","og_site_name":"Hairtastic","article_publisher":"https:\/\/www.facebook.com\/Hairtastic-663755403684614\/","article_modified_time":"2023-05-23T17:33:56+00:00","og_image":[{"url":"https:\/\/hairtastic.se\/wp-content\/uploads\/2019\/06\/BokaTid_Gron_MorkBakgrund_120px.png","type":"","width":"","height":""}],"twitter_misc":{"Est. reading time":"3 minutes"},"schema":{"@context":"https:\/\/schema.org","@graph":[{"@type":"WebPage","@id":"https:\/\/hairtastic.se\/en\/salon-hairtastic\/","url":"https:\/\/hairtastic.se\/en\/salon-hairtastic\/","name":"Salon Hairtastic - Hairtastic","isPartOf":{"@id":"https:\/\/hairtastic.se\/en\/#website"},"primaryImageOfPage":{"@id":"https:\/\/hairtastic.se\/en\/salon-hairtastic\/#primaryimage"},"image":{"@id":"https:\/\/hairtastic.se\/en\/salon-hairtastic\/#primaryimage"},"thumbnailUrl":"https:\/\/hairtastic.se\/wp-content\/uploads\/2019\/06\/BokaTid_Gron_MorkBakgrund_120px.png","datePublished":"2023-05-23T17:27:27+00:00","dateModified":"2023-05-23T17:33:56+00:00","breadcrumb":{"@id":"https:\/\/hairtastic.se\/en\/salon-hairtastic\/#breadcrumb"},"inLanguage":"en-US","potentialAction":[{"@type":"ReadAction","target":["https:\/\/hairtastic.se\/en\/salon-hairtastic\/"]}]},{"@type":"ImageObject","inLanguage":"en-US","@id":"https:\/\/hairtastic.se\/en\/salon-hairtastic\/#primaryimage","url":"https:\/\/hairtastic.se\/wp-content\/uploads\/2019\/06\/BokaTid_Gron_MorkBakgrund_120px.png","contentUrl":"https:\/\/hairtastic.se\/wp-content\/uploads\/2019\/06\/BokaTid_Gron_MorkBakgrund_120px.png"},{"@type":"BreadcrumbList","@id":"https:\/\/hairtastic.se\/en\/salon-hairtastic\/#breadcrumb","itemListElement":[{"@type":"ListItem","position":1,"name":"Hem","item":"https:\/\/hairtastic.se\/en\/"},{"@type":"ListItem","position":2,"name":"Salon Hairtastic"}]},{"@type":"WebSite","@id":"https:\/\/hairtastic.se\/en\/#website","url":"https:\/\/hairtastic.se\/en\/","name":"Hairtastic","description":"\u00c4kta l\u00f6sh\u00e5r med kvalit\u00e9 som h\u00e5ller l\u00e4ngre","publisher":{"@id":"https:\/\/hairtastic.se\/en\/#organization"},"potentialAction":[{"@type":"SearchAction","target":{"@type":"EntryPoint","urlTemplate":"https:\/\/hairtastic.se\/en\/?s={search_term_string}"},"query-input":{"@type":"PropertyValueSpecification","valueRequired":true,"valueName":"search_term_string"}}],"inLanguage":"en-US"},{"@type":"Organization","@id":"https:\/\/hairtastic.se\/en\/#organization","name":"Hairtastic","url":"https:\/\/hairtastic.se\/en\/","logo":{"@type":"ImageObject","inLanguage":"en-US","@id":"https:\/\/hairtastic.se\/en\/#\/schema\/logo\/image\/","url":"https:\/\/hairtastic.se\/wp-content\/uploads\/2015\/12\/logo.jpg","contentUrl":"https:\/\/hairtastic.se\/wp-content\/uploads\/2015\/12\/logo.jpg","width":235,"height":59,"caption":"Hairtastic"},"image":{"@id":"https:\/\/hairtastic.se\/en\/#\/schema\/logo\/image\/"},"sameAs":["https:\/\/www.facebook.com\/Hairtastic-663755403684614\/","https:\/\/www.instagram.com\/hairtasticab\/-566646813447362"]}]}},"_links":{"self":[{"href":"https:\/\/hairtastic.se\/en\/wp-json\/wp\/v2\/pages\/59774","targetHints":{"allow":["GET"]}}],"collection":[{"href":"https:\/\/hairtastic.se\/en\/wp-json\/wp\/v2\/pages"}],"about":[{"href":"https:\/\/hairtastic.se\/en\/wp-json\/wp\/v2\/types\/page"}],"author":[{"embeddable":true,"href":"https:\/\/hairtastic.se\/en\/wp-json\/wp\/v2\/users\/307"}],"replies":[{"embeddable":true,"href":"https:\/\/hairtastic.se\/en\/wp-json\/wp\/v2\/comments?post=59774"}],"version-history":[{"count":1,"href":"https:\/\/hairtastic.se\/en\/wp-json\/wp\/v2\/pages\/59774\/revisions"}],"predecessor-version":[{"id":59775,"href":"https:\/\/hairtastic.se\/en\/wp-json\/wp\/v2\/pages\/59774\/revisions\/59775"}],"wp:attachment":[{"href":"https:\/\/hairtastic.se\/en\/wp-json\/wp\/v2\/media?parent=59774"}],"curies":[{"name":"wp","href":"https:\/\/api.w.org\/{rel}","templated":true}]}}