{"id":59781,"date":"2023-05-23T19:41:58","date_gmt":"2023-05-23T17:41:58","guid":{"rendered":"https:\/\/hairtastic.se\/?page_id=59781"},"modified":"2023-05-23T19:49:24","modified_gmt":"2023-05-23T17:49:24","slug":"clip-on-hair-extensions-your-step-by-step-guide","status":"publish","type":"page","link":"https:\/\/hairtastic.se\/en\/clip-on-hair-extensions-your-step-by-step-guide\/","title":{"rendered":"Clip-On Hair Extensions: Your Step-by-step Guide"},"content":{"rendered":"<p>Transform your look in a matter of minutes with Hairtastic&#8217;s real hair clip-on extensions. Our sets come in seven distinct pieces, letting you add as much volume or length to your natural hair as you like. With approximately 110g of hair, you have the flexibility to insert and remove the extensions yourself &#8211; an effortless process that takes mere minutes. Plus, our extensions are versatile enough to be curled, blow-dried, and styled to your liking. Here&#8217;s your step-by-step guide to achieving that perfect look.<\/p>\n<h3>Choosing Your Perfect Hair Extension Color<\/h3>\n<p>For the most natural-looking hair extensions, it&#8217;s crucial to match your extension color as closely as possible to your own. With Hairtastic&#8217;s extensive color range and handy color chart, finding a perfect match is easier than ever. You can view our full range of colors here. If you&#8217;re undecided between two shades, we recommend opting for the lighter one. This tip is applicable to both blondes and brunettes and ensures a more seamless, natural finish. Need more help finding your perfect match? Email our stylists at <a href=\"mailto:info@hairtastic.se\" target=\"_new\" rel=\"noopener\">info@hairtastic.se<\/a> &#8211; they&#8217;re ready to assist.<\/p>\n<h3>How to Insert Your Hair Extensions<\/h3>\n<p>Before you begin, decide where you want to place the different lengths. A standard Hairtastic clip-on set contains seven parts in various sizes to cater to all hair types and styles.<\/p>\n<ul>\n<li>Create a horizontal parting from ear to ear, then work your way upwards.<\/li>\n<li>Tease the hair along the line where the clips will be attached.<\/li>\n<li>For added durability, apply a light mist of hairspray to the teased area.<\/li>\n<li>Attach the clips to the teased part, one at a time.<\/li>\n<li>Continue this process until all seven parts are securely in place.<\/li>\n<\/ul>\n<p>For those with particularly thick hair, we recommend purchasing two Hairtastic Clip-On Sets to ensure full coverage and a voluminous finish.<\/p>\n","protected":false},"excerpt":{"rendered":"<p>Transform your look in a matter of minutes with Hairtastic&#8217;s real hair clip-on extensions. Our sets come in seven distinct pieces, letting you add as much volume or length to your natural hair as you like. With approximately 110g of hair, you have the flexibility to insert and remove the extensions yourself &#8211; an effortless [&hellip;]<\/p>\n","protected":false},"author":307,"featured_media":0,"parent":0,"menu_order":0,"comment_status":"closed","ping_status":"closed","template":"","meta":{"_acf_changed":false,"_exactmetrics_skip_tracking":false,"_exactmetrics_sitenote_active":false,"_exactmetrics_sitenote_note":"","_exactmetrics_sitenote_category":0,"footnotes":""},"class_list":["post-59781","page","type-page","status-publish","hentry"],"acf":[],"yoast_head":"<!-- This site is optimized with the Yoast SEO Premium plugin v26.7 (Yoast SEO v26.7) - https:\/\/yoast.com\/wordpress\/plugins\/seo\/ -->\n<title>Clip-On Hair Extensions: Your Step-by-step Guide - Hairtastic<\/title>\n<meta name=\"robots\" content=\"index, follow, max-snippet:-1, max-image-preview:large, max-video-preview:-1\" \/>\n<link rel=\"canonical\" href=\"https:\/\/hairtastic.se\/en\/clip-on-hair-extensions-your-step-by-step-guide\/\" \/>\n<meta property=\"og:locale\" content=\"en_US\" \/>\n<meta property=\"og:type\" content=\"article\" \/>\n<meta property=\"og:title\" content=\"Clip-On Hair Extensions: Your Step-by-step Guide\" \/>\n<meta property=\"og:description\" content=\"Transform your look in a matter of minutes with Hairtastic&#8217;s real hair clip-on extensions. Our sets come in seven distinct pieces, letting you add as much volume or length to your natural hair as you like. With approximately 110g of hair, you have the flexibility to insert and remove the extensions yourself &#8211; an effortless [&hellip;]\" \/>\n<meta property=\"og:url\" content=\"https:\/\/hairtastic.se\/en\/clip-on-hair-extensions-your-step-by-step-guide\/\" \/>\n<meta property=\"og:site_name\" content=\"Hairtastic\" \/>\n<meta property=\"article:publisher\" content=\"https:\/\/www.facebook.com\/Hairtastic-663755403684614\/\" \/>\n<meta property=\"article:modified_time\" content=\"2023-05-23T17:49:24+00:00\" \/>\n<meta name=\"twitter:label1\" content=\"Est. reading time\" \/>\n\t<meta name=\"twitter:data1\" content=\"2 minutes\" \/>\n<script type=\"application\/ld+json\" class=\"yoast-schema-graph\">{\"@context\":\"https:\/\/schema.org\",\"@graph\":[{\"@type\":\"WebPage\",\"@id\":\"https:\/\/hairtastic.se\/en\/clip-on-hair-extensions-your-step-by-step-guide\/\",\"url\":\"https:\/\/hairtastic.se\/en\/clip-on-hair-extensions-your-step-by-step-guide\/\",\"name\":\"Clip-On Hair Extensions: Your Step-by-step Guide - Hairtastic\",\"isPartOf\":{\"@id\":\"https:\/\/hairtastic.se\/en\/#website\"},\"datePublished\":\"2023-05-23T17:41:58+00:00\",\"dateModified\":\"2023-05-23T17:49:24+00:00\",\"breadcrumb\":{\"@id\":\"https:\/\/hairtastic.se\/en\/clip-on-hair-extensions-your-step-by-step-guide\/#breadcrumb\"},\"inLanguage\":\"en-US\",\"potentialAction\":[{\"@type\":\"ReadAction\",\"target\":[\"https:\/\/hairtastic.se\/en\/clip-on-hair-extensions-your-step-by-step-guide\/\"]}]},{\"@type\":\"BreadcrumbList\",\"@id\":\"https:\/\/hairtastic.se\/en\/clip-on-hair-extensions-your-step-by-step-guide\/#breadcrumb\",\"itemListElement\":[{\"@type\":\"ListItem\",\"position\":1,\"name\":\"Hem\",\"item\":\"https:\/\/hairtastic.se\/en\/\"},{\"@type\":\"ListItem\",\"position\":2,\"name\":\"Clip-On Hair Extensions: Your Step-by-step Guide\"}]},{\"@type\":\"WebSite\",\"@id\":\"https:\/\/hairtastic.se\/en\/#website\",\"url\":\"https:\/\/hairtastic.se\/en\/\",\"name\":\"Hairtastic\",\"description\":\"\u00c4kta l\u00f6sh\u00e5r med kvalit\u00e9 som h\u00e5ller l\u00e4ngre\",\"publisher\":{\"@id\":\"https:\/\/hairtastic.se\/en\/#organization\"},\"potentialAction\":[{\"@type\":\"SearchAction\",\"target\":{\"@type\":\"EntryPoint\",\"urlTemplate\":\"https:\/\/hairtastic.se\/en\/?s={search_term_string}\"},\"query-input\":{\"@type\":\"PropertyValueSpecification\",\"valueRequired\":true,\"valueName\":\"search_term_string\"}}],\"inLanguage\":\"en-US\"},{\"@type\":\"Organization\",\"@id\":\"https:\/\/hairtastic.se\/en\/#organization\",\"name\":\"Hairtastic\",\"url\":\"https:\/\/hairtastic.se\/en\/\",\"logo\":{\"@type\":\"ImageObject\",\"inLanguage\":\"en-US\",\"@id\":\"https:\/\/hairtastic.se\/en\/#\/schema\/logo\/image\/\",\"url\":\"https:\/\/hairtastic.se\/wp-content\/uploads\/2015\/12\/logo.jpg\",\"contentUrl\":\"https:\/\/hairtastic.se\/wp-content\/uploads\/2015\/12\/logo.jpg\",\"width\":235,\"height\":59,\"caption\":\"Hairtastic\"},\"image\":{\"@id\":\"https:\/\/hairtastic.se\/en\/#\/schema\/logo\/image\/\"},\"sameAs\":[\"https:\/\/www.facebook.com\/Hairtastic-663755403684614\/\",\"https:\/\/www.instagram.com\/hairtasticab\/-566646813447362\"]}]}<\/script>\n<!-- \/ Yoast SEO Premium plugin. -->","yoast_head_json":{"title":"Clip-On Hair Extensions: Your Step-by-step Guide - Hairtastic","robots":{"index":"index","follow":"follow","max-snippet":"max-snippet:-1","max-image-preview":"max-image-preview:large","max-video-preview":"max-video-preview:-1"},"canonical":"https:\/\/hairtastic.se\/en\/clip-on-hair-extensions-your-step-by-step-guide\/","og_locale":"en_US","og_type":"article","og_title":"Clip-On Hair Extensions: Your Step-by-step Guide","og_description":"Transform your look in a matter of minutes with Hairtastic&#8217;s real hair clip-on extensions. Our sets come in seven distinct pieces, letting you add as much volume or length to your natural hair as you like. With approximately 110g of hair, you have the flexibility to insert and remove the extensions yourself &#8211; an effortless [&hellip;]","og_url":"https:\/\/hairtastic.se\/en\/clip-on-hair-extensions-your-step-by-step-guide\/","og_site_name":"Hairtastic","article_publisher":"https:\/\/www.facebook.com\/Hairtastic-663755403684614\/","article_modified_time":"2023-05-23T17:49:24+00:00","twitter_misc":{"Est. reading time":"2 minutes"},"schema":{"@context":"https:\/\/schema.org","@graph":[{"@type":"WebPage","@id":"https:\/\/hairtastic.se\/en\/clip-on-hair-extensions-your-step-by-step-guide\/","url":"https:\/\/hairtastic.se\/en\/clip-on-hair-extensions-your-step-by-step-guide\/","name":"Clip-On Hair Extensions: Your Step-by-step Guide - Hairtastic","isPartOf":{"@id":"https:\/\/hairtastic.se\/en\/#website"},"datePublished":"2023-05-23T17:41:58+00:00","dateModified":"2023-05-23T17:49:24+00:00","breadcrumb":{"@id":"https:\/\/hairtastic.se\/en\/clip-on-hair-extensions-your-step-by-step-guide\/#breadcrumb"},"inLanguage":"en-US","potentialAction":[{"@type":"ReadAction","target":["https:\/\/hairtastic.se\/en\/clip-on-hair-extensions-your-step-by-step-guide\/"]}]},{"@type":"BreadcrumbList","@id":"https:\/\/hairtastic.se\/en\/clip-on-hair-extensions-your-step-by-step-guide\/#breadcrumb","itemListElement":[{"@type":"ListItem","position":1,"name":"Hem","item":"https:\/\/hairtastic.se\/en\/"},{"@type":"ListItem","position":2,"name":"Clip-On Hair Extensions: Your Step-by-step Guide"}]},{"@type":"WebSite","@id":"https:\/\/hairtastic.se\/en\/#website","url":"https:\/\/hairtastic.se\/en\/","name":"Hairtastic","description":"\u00c4kta l\u00f6sh\u00e5r med kvalit\u00e9 som h\u00e5ller l\u00e4ngre","publisher":{"@id":"https:\/\/hairtastic.se\/en\/#organization"},"potentialAction":[{"@type":"SearchAction","target":{"@type":"EntryPoint","urlTemplate":"https:\/\/hairtastic.se\/en\/?s={search_term_string}"},"query-input":{"@type":"PropertyValueSpecification","valueRequired":true,"valueName":"search_term_string"}}],"inLanguage":"en-US"},{"@type":"Organization","@id":"https:\/\/hairtastic.se\/en\/#organization","name":"Hairtastic","url":"https:\/\/hairtastic.se\/en\/","logo":{"@type":"ImageObject","inLanguage":"en-US","@id":"https:\/\/hairtastic.se\/en\/#\/schema\/logo\/image\/","url":"https:\/\/hairtastic.se\/wp-content\/uploads\/2015\/12\/logo.jpg","contentUrl":"https:\/\/hairtastic.se\/wp-content\/uploads\/2015\/12\/logo.jpg","width":235,"height":59,"caption":"Hairtastic"},"image":{"@id":"https:\/\/hairtastic.se\/en\/#\/schema\/logo\/image\/"},"sameAs":["https:\/\/www.facebook.com\/Hairtastic-663755403684614\/","https:\/\/www.instagram.com\/hairtasticab\/-566646813447362"]}]}},"_links":{"self":[{"href":"https:\/\/hairtastic.se\/en\/wp-json\/wp\/v2\/pages\/59781","targetHints":{"allow":["GET"]}}],"collection":[{"href":"https:\/\/hairtastic.se\/en\/wp-json\/wp\/v2\/pages"}],"about":[{"href":"https:\/\/hairtastic.se\/en\/wp-json\/wp\/v2\/types\/page"}],"author":[{"embeddable":true,"href":"https:\/\/hairtastic.se\/en\/wp-json\/wp\/v2\/users\/307"}],"replies":[{"embeddable":true,"href":"https:\/\/hairtastic.se\/en\/wp-json\/wp\/v2\/comments?post=59781"}],"version-history":[{"count":1,"href":"https:\/\/hairtastic.se\/en\/wp-json\/wp\/v2\/pages\/59781\/revisions"}],"predecessor-version":[{"id":59782,"href":"https:\/\/hairtastic.se\/en\/wp-json\/wp\/v2\/pages\/59781\/revisions\/59782"}],"wp:attachment":[{"href":"https:\/\/hairtastic.se\/en\/wp-json\/wp\/v2\/media?parent=59781"}],"curies":[{"name":"wp","href":"https:\/\/api.w.org\/{rel}","templated":true}]}}