{"id":62144,"date":"2024-10-22T09:16:47","date_gmt":"2024-10-22T07:16:47","guid":{"rendered":"https:\/\/hairtastic.se\/?page_id=62144"},"modified":"2024-10-22T09:16:47","modified_gmt":"2024-10-22T07:16:47","slug":"terms-of-use","status":"publish","type":"page","link":"https:\/\/hairtastic.se\/en\/terms-of-use\/","title":{"rendered":"Terms of Use"},"content":{"rendered":"<h4>Cookies<\/h4>\n<p>A cookie is a small text file that is saved to, and during subsequent visits on Grotte site\u00a0retrieved from, your computer. Grotte\u00a0uses cookies to enhance and simplify your visit on Grotte site. We do not use cookies to store personal information, or to disclose information to third parties.<\/p>\n<p>There are two types of cookies; permanent and temporary (session cookies). Permanent cookies are stored as a file on your computer for some time. Session cookies are stored temporarily in your computer&#8217;s memory and disappear when you close your browser.<\/p>\n<p>We use persistent cookies to store your language choice as well as which local newsroom you last visited.<\/p>\n<p>We also use cookies to keep track of which images, videos, etc. that you chose to download.<\/p>\n<p>You can easily erase cookies from your computer using your browser. For instructions on how to handle and delete cookies please look under &#8220;Help&#8221; in your browser. Using your browser can choose to disable cookies, or to receive a notification each time a new cookie is sent to your computer.<\/p>\n<p>Please note that if you choose to disable cookies, you will not be able to take advantage of all features on the site.<\/p>\n<h4>Links<\/h4>\n<p>Grotte site may contain links to other websites beyond our control. We cannot be held liable for breaches of integrity or content on these websites &#8211; we simply provide the links to make it easier for people visiting our site to find more information within specific areas.<\/p>\n<h4>Copyright<\/h4>\n<p>The content on this site are copyrighted and belong to\u00a0Grotte.<\/p>\n<h4>Colours<\/h4>\n<p>We cannot guarantee that the colours shown on the website exactly reproduce the colours of the actual garments. This partly depends on the colour reproduction on your computer.<\/p>\n","protected":false},"excerpt":{"rendered":"<p>Cookies A cookie is a small text file that is saved to, and during subsequent visits on Grotte site\u00a0retrieved from, your computer. Grotte\u00a0uses cookies to enhance and simplify your visit on Grotte site. We do not use cookies to store personal information, or to disclose information to third parties. There are two types of cookies; [&hellip;]<\/p>\n","protected":false},"author":307,"featured_media":0,"parent":0,"menu_order":0,"comment_status":"closed","ping_status":"closed","template":"","meta":{"_acf_changed":false,"_exactmetrics_skip_tracking":false,"_exactmetrics_sitenote_active":false,"_exactmetrics_sitenote_note":"","_exactmetrics_sitenote_category":0,"footnotes":""},"class_list":["post-62144","page","type-page","status-publish","hentry"],"acf":[],"yoast_head":"<!-- This site is optimized with the Yoast SEO Premium plugin v26.7 (Yoast SEO v26.7) - https:\/\/yoast.com\/wordpress\/plugins\/seo\/ -->\n<title>Terms of Use - Hairtastic<\/title>\n<meta name=\"robots\" content=\"index, follow, max-snippet:-1, max-image-preview:large, max-video-preview:-1\" \/>\n<link rel=\"canonical\" href=\"https:\/\/hairtastic.se\/en\/terms-of-use\/\" \/>\n<meta property=\"og:locale\" content=\"en_US\" \/>\n<meta property=\"og:type\" content=\"article\" \/>\n<meta property=\"og:title\" content=\"Terms of Use\" \/>\n<meta property=\"og:description\" content=\"Cookies A cookie is a small text file that is saved to, and during subsequent visits on Grotte site\u00a0retrieved from, your computer. Grotte\u00a0uses cookies to enhance and simplify your visit on Grotte site. We do not use cookies to store personal information, or to disclose information to third parties. There are two types of cookies; [&hellip;]\" \/>\n<meta property=\"og:url\" content=\"https:\/\/hairtastic.se\/en\/terms-of-use\/\" \/>\n<meta property=\"og:site_name\" content=\"Hairtastic\" \/>\n<meta property=\"article:publisher\" content=\"https:\/\/www.facebook.com\/Hairtastic-663755403684614\/\" \/>\n<meta name=\"twitter:label1\" content=\"Est. reading time\" \/>\n\t<meta name=\"twitter:data1\" content=\"2 minutes\" \/>\n<script type=\"application\/ld+json\" class=\"yoast-schema-graph\">{\"@context\":\"https:\/\/schema.org\",\"@graph\":[{\"@type\":\"WebPage\",\"@id\":\"https:\/\/hairtastic.se\/en\/terms-of-use\/\",\"url\":\"https:\/\/hairtastic.se\/en\/terms-of-use\/\",\"name\":\"Terms of Use - Hairtastic\",\"isPartOf\":{\"@id\":\"https:\/\/hairtastic.se\/en\/#website\"},\"datePublished\":\"2024-10-22T07:16:47+00:00\",\"breadcrumb\":{\"@id\":\"https:\/\/hairtastic.se\/en\/terms-of-use\/#breadcrumb\"},\"inLanguage\":\"en-US\",\"potentialAction\":[{\"@type\":\"ReadAction\",\"target\":[\"https:\/\/hairtastic.se\/en\/terms-of-use\/\"]}]},{\"@type\":\"BreadcrumbList\",\"@id\":\"https:\/\/hairtastic.se\/en\/terms-of-use\/#breadcrumb\",\"itemListElement\":[{\"@type\":\"ListItem\",\"position\":1,\"name\":\"Hem\",\"item\":\"https:\/\/hairtastic.se\/en\/\"},{\"@type\":\"ListItem\",\"position\":2,\"name\":\"Terms of Use\"}]},{\"@type\":\"WebSite\",\"@id\":\"https:\/\/hairtastic.se\/en\/#website\",\"url\":\"https:\/\/hairtastic.se\/en\/\",\"name\":\"Hairtastic\",\"description\":\"\u00c4kta l\u00f6sh\u00e5r med kvalit\u00e9 som h\u00e5ller l\u00e4ngre\",\"publisher\":{\"@id\":\"https:\/\/hairtastic.se\/en\/#organization\"},\"potentialAction\":[{\"@type\":\"SearchAction\",\"target\":{\"@type\":\"EntryPoint\",\"urlTemplate\":\"https:\/\/hairtastic.se\/en\/?s={search_term_string}\"},\"query-input\":{\"@type\":\"PropertyValueSpecification\",\"valueRequired\":true,\"valueName\":\"search_term_string\"}}],\"inLanguage\":\"en-US\"},{\"@type\":\"Organization\",\"@id\":\"https:\/\/hairtastic.se\/en\/#organization\",\"name\":\"Hairtastic\",\"url\":\"https:\/\/hairtastic.se\/en\/\",\"logo\":{\"@type\":\"ImageObject\",\"inLanguage\":\"en-US\",\"@id\":\"https:\/\/hairtastic.se\/en\/#\/schema\/logo\/image\/\",\"url\":\"https:\/\/hairtastic.se\/wp-content\/uploads\/2015\/12\/logo.jpg\",\"contentUrl\":\"https:\/\/hairtastic.se\/wp-content\/uploads\/2015\/12\/logo.jpg\",\"width\":235,\"height\":59,\"caption\":\"Hairtastic\"},\"image\":{\"@id\":\"https:\/\/hairtastic.se\/en\/#\/schema\/logo\/image\/\"},\"sameAs\":[\"https:\/\/www.facebook.com\/Hairtastic-663755403684614\/\",\"https:\/\/www.instagram.com\/hairtasticab\/-566646813447362\"]}]}<\/script>\n<!-- \/ Yoast SEO Premium plugin. -->","yoast_head_json":{"title":"Terms of Use - Hairtastic","robots":{"index":"index","follow":"follow","max-snippet":"max-snippet:-1","max-image-preview":"max-image-preview:large","max-video-preview":"max-video-preview:-1"},"canonical":"https:\/\/hairtastic.se\/en\/terms-of-use\/","og_locale":"en_US","og_type":"article","og_title":"Terms of Use","og_description":"Cookies A cookie is a small text file that is saved to, and during subsequent visits on Grotte site\u00a0retrieved from, your computer. Grotte\u00a0uses cookies to enhance and simplify your visit on Grotte site. We do not use cookies to store personal information, or to disclose information to third parties. There are two types of cookies; [&hellip;]","og_url":"https:\/\/hairtastic.se\/en\/terms-of-use\/","og_site_name":"Hairtastic","article_publisher":"https:\/\/www.facebook.com\/Hairtastic-663755403684614\/","twitter_misc":{"Est. reading time":"2 minutes"},"schema":{"@context":"https:\/\/schema.org","@graph":[{"@type":"WebPage","@id":"https:\/\/hairtastic.se\/en\/terms-of-use\/","url":"https:\/\/hairtastic.se\/en\/terms-of-use\/","name":"Terms of Use - Hairtastic","isPartOf":{"@id":"https:\/\/hairtastic.se\/en\/#website"},"datePublished":"2024-10-22T07:16:47+00:00","breadcrumb":{"@id":"https:\/\/hairtastic.se\/en\/terms-of-use\/#breadcrumb"},"inLanguage":"en-US","potentialAction":[{"@type":"ReadAction","target":["https:\/\/hairtastic.se\/en\/terms-of-use\/"]}]},{"@type":"BreadcrumbList","@id":"https:\/\/hairtastic.se\/en\/terms-of-use\/#breadcrumb","itemListElement":[{"@type":"ListItem","position":1,"name":"Hem","item":"https:\/\/hairtastic.se\/en\/"},{"@type":"ListItem","position":2,"name":"Terms of Use"}]},{"@type":"WebSite","@id":"https:\/\/hairtastic.se\/en\/#website","url":"https:\/\/hairtastic.se\/en\/","name":"Hairtastic","description":"\u00c4kta l\u00f6sh\u00e5r med kvalit\u00e9 som h\u00e5ller l\u00e4ngre","publisher":{"@id":"https:\/\/hairtastic.se\/en\/#organization"},"potentialAction":[{"@type":"SearchAction","target":{"@type":"EntryPoint","urlTemplate":"https:\/\/hairtastic.se\/en\/?s={search_term_string}"},"query-input":{"@type":"PropertyValueSpecification","valueRequired":true,"valueName":"search_term_string"}}],"inLanguage":"en-US"},{"@type":"Organization","@id":"https:\/\/hairtastic.se\/en\/#organization","name":"Hairtastic","url":"https:\/\/hairtastic.se\/en\/","logo":{"@type":"ImageObject","inLanguage":"en-US","@id":"https:\/\/hairtastic.se\/en\/#\/schema\/logo\/image\/","url":"https:\/\/hairtastic.se\/wp-content\/uploads\/2015\/12\/logo.jpg","contentUrl":"https:\/\/hairtastic.se\/wp-content\/uploads\/2015\/12\/logo.jpg","width":235,"height":59,"caption":"Hairtastic"},"image":{"@id":"https:\/\/hairtastic.se\/en\/#\/schema\/logo\/image\/"},"sameAs":["https:\/\/www.facebook.com\/Hairtastic-663755403684614\/","https:\/\/www.instagram.com\/hairtasticab\/-566646813447362"]}]}},"_links":{"self":[{"href":"https:\/\/hairtastic.se\/en\/wp-json\/wp\/v2\/pages\/62144","targetHints":{"allow":["GET"]}}],"collection":[{"href":"https:\/\/hairtastic.se\/en\/wp-json\/wp\/v2\/pages"}],"about":[{"href":"https:\/\/hairtastic.se\/en\/wp-json\/wp\/v2\/types\/page"}],"author":[{"embeddable":true,"href":"https:\/\/hairtastic.se\/en\/wp-json\/wp\/v2\/users\/307"}],"replies":[{"embeddable":true,"href":"https:\/\/hairtastic.se\/en\/wp-json\/wp\/v2\/comments?post=62144"}],"version-history":[{"count":1,"href":"https:\/\/hairtastic.se\/en\/wp-json\/wp\/v2\/pages\/62144\/revisions"}],"predecessor-version":[{"id":62145,"href":"https:\/\/hairtastic.se\/en\/wp-json\/wp\/v2\/pages\/62144\/revisions\/62145"}],"wp:attachment":[{"href":"https:\/\/hairtastic.se\/en\/wp-json\/wp\/v2\/media?parent=62144"}],"curies":[{"name":"wp","href":"https:\/\/api.w.org\/{rel}","templated":true}]}}