{"id":62147,"date":"2024-10-22T09:18:46","date_gmt":"2024-10-22T07:18:46","guid":{"rendered":"https:\/\/hairtastic.se\/?page_id=62147"},"modified":"2024-10-22T09:18:46","modified_gmt":"2024-10-22T07:18:46","slug":"color-matching-assistance","status":"publish","type":"page","link":"https:\/\/hairtastic.se\/en\/color-matching-assistance\/","title":{"rendered":"Color Matching Assistance"},"content":{"rendered":"<noscript class=\"ninja-forms-noscript-message\">\n\tNotice: JavaScript is required for this content.<\/noscript>\n<div id=\"nf-form-3-cont\" class=\"nf-form-cont\" aria-live=\"polite\" aria-labelledby=\"nf-form-title-3\" aria-describedby=\"nf-form-errors-3\" role=\"form\">\n\n    <div class=\"nf-loading-spinner\"><\/div>\n\n<\/div>\n        <!-- That data is being printed as a workaround to page builders reordering the order of the scripts loaded-->\n        <script>var formDisplay=1;var nfForms=nfForms||[];var form=[];form.id='3';form.settings={\"objectType\":\"Form Setting\",\"editActive\":true,\"title\":\"Color Matching Assistance\",\"default_label_pos\":\"above\",\"show_title\":\"1\",\"clear_complete\":\"1\",\"hide_complete\":\"1\",\"logged_in\":\"\",\"wrapper_class\":\"\",\"element_class\":\"\",\"form_title_heading_level\":\"3\",\"key\":\"\",\"add_submit\":\"0\",\"currency\":\"\",\"unique_field_error\":\"Ett formul\\u00e4r med det h\\u00e4r v\\u00e4rdet har redan skickats.\",\"not_logged_in_msg\":\"\",\"sub_limit_msg\":\"Formul\\u00e4ret har n\\u00e5tt sin inl\\u00e4mningsgr\\u00e4ns.\",\"calculations\":[],\"formContentData\":[\"html_1727892456686\",\"first_and_last_name_1729580804336\",\"e-mail_1729580814903\",\"message_1729580821485\",\"upload_photos_1729580836470\",\"submit_1729580870302\"],\"changeEmailErrorMsg\":\"Please enter a valid email address!\",\"changeDateErrorMsg\":\"Please enter a valid date!\",\"confirmFieldErrorMsg\":\"These fields must match!\",\"fieldNumberNumMinError\":\"Number Min Error\",\"fieldNumberNumMaxError\":\"Number Max Error\",\"fieldNumberIncrementBy\":\"Please increment by \",\"formErrorsCorrectErrors\":\"Please correct errors before submitting this form.\",\"validateRequiredField\":\"This is a required field.\",\"honeypotHoneypotError\":\"Honeypot Error\",\"fieldsMarkedRequired\":\"Fields marked with an <span class=\\\"ninja-forms-req-symbol\\\">*<\\\/span> are required\",\"objectDomain\":\"display\",\"drawerDisabled\":false,\"allow_public_link\":0,\"embed_form\":\"\",\"ninjaForms\":\"Ninja Forms\",\"fieldTextareaRTEInsertLink\":\"Insert Link\",\"fieldTextareaRTEInsertMedia\":\"Insert Media\",\"fieldTextareaRTESelectAFile\":\"Select a file\",\"formHoneypot\":\"If you are a human seeing this field, please leave it empty.\",\"fileUploadOldCodeFileUploadInProgress\":\"File Upload in Progress.\",\"fileUploadOldCodeFileUpload\":\"FILE UPLOAD\",\"currencySymbol\":false,\"thousands_sep\":\",\",\"decimal_point\":\".\",\"siteLocale\":\"en_US\",\"dateFormat\":\"m\\\/d\\\/Y\",\"startOfWeek\":\"1\",\"of\":\"of\",\"previousMonth\":\"Previous Month\",\"nextMonth\":\"Next Month\",\"months\":[\"January\",\"February\",\"March\",\"April\",\"May\",\"June\",\"July\",\"August\",\"September\",\"October\",\"November\",\"December\"],\"monthsShort\":[\"Jan\",\"Feb\",\"Mar\",\"Apr\",\"May\",\"Jun\",\"Jul\",\"Aug\",\"Sep\",\"Oct\",\"Nov\",\"Dec\"],\"weekdays\":[\"Sunday\",\"Monday\",\"Tuesday\",\"Wednesday\",\"Thursday\",\"Friday\",\"Saturday\"],\"weekdaysShort\":[\"Sun\",\"Mon\",\"Tue\",\"Wed\",\"Thu\",\"Fri\",\"Sat\"],\"weekdaysMin\":[\"Su\",\"Mo\",\"Tu\",\"We\",\"Th\",\"Fr\",\"Sa\"],\"recaptchaConsentMissing\":\"reCaptcha validation couldn&#039;t load.\",\"recaptchaMissingCookie\":\"reCaptcha v3 validation couldn&#039;t load the cookie needed to submit the form.\",\"recaptchaConsentEvent\":\"Accept reCaptcha cookies before sending the form.\",\"currency_symbol\":\"\",\"beforeForm\":\"\",\"beforeFields\":\"\",\"afterFields\":\"\",\"afterForm\":\"\"};form.fields=[{\"objectType\":\"Field\",\"objectDomain\":\"fields\",\"editActive\":false,\"order\":1,\"idAttribute\":\"id\",\"label\":\"HTML\",\"type\":\"html\",\"default\":\"<p>Finding your perfect color can be difficult \\u2013 send us a photo of your hair, and we\\u2019ll help you out!<\\\/p><p>Hairtastic offers a wide range of color shades. Follow the three steps below to help us find your perfect color match!<\\\/p><p>Step 1 \\u2013 Fill in the information and let us know anything we should be aware of regarding your hair color.<\\\/p><p>Step 2 \\u2013 Wear white clothing if possible, so nothing competes with your hair color. Take up to 3 photos of the back of your hair in natural, indirect light.<\\\/p><p>Step 3 \\u2013 Upload your photos without any filters or edits that might alter your hair color.<\\\/p><p>Once submitted, a color expert from Hairtastic will analyze your hair and get back to you with recommendations on the most suitable color shade!<\\\/p>\",\"container_class\":\"\",\"element_class\":\"\",\"admin_label\":\"\",\"key\":\"html_1727892456686\",\"drawerDisabled\":false,\"field_label\":\"HTML\",\"field_key\":\"html_1727892456686\",\"id\":17,\"beforeField\":\"\",\"afterField\":\"\",\"value\":\"<p>Finding your perfect color can be difficult \\u2013 send us a photo of your hair, and we\\u2019ll help you out!<\\\/p><p>Hairtastic offers a wide range of color shades. Follow the three steps below to help us find your perfect color match!<\\\/p><p>Step 1 \\u2013 Fill in the information and let us know anything we should be aware of regarding your hair color.<\\\/p><p>Step 2 \\u2013 Wear white clothing if possible, so nothing competes with your hair color. Take up to 3 photos of the back of your hair in natural, indirect light.<\\\/p><p>Step 3 \\u2013 Upload your photos without any filters or edits that might alter your hair color.<\\\/p><p>Once submitted, a color expert from Hairtastic will analyze your hair and get back to you with recommendations on the most suitable color shade!<\\\/p>\",\"label_pos\":\"above\",\"parentType\":\"html\",\"element_templates\":[\"html\",\"input\"],\"old_classname\":\"\",\"wrap_template\":\"wrap\"},{\"objectType\":\"Field\",\"objectDomain\":\"fields\",\"editActive\":false,\"order\":2,\"idAttribute\":\"id\",\"label\":\"First and Last Name\",\"type\":\"firstname\",\"key\":\"first_and_last_name_1729580804336\",\"label_pos\":\"above\",\"required\":1,\"default\":\"\",\"placeholder\":\"\",\"container_class\":\"\",\"element_class\":\"\",\"admin_label\":\"\",\"help_text\":\"\",\"custom_name_attribute\":\"fname\",\"personally_identifiable\":1,\"value\":\"\",\"drawerDisabled\":false,\"field_label\":\"F\\u00f6r- och efternamn\",\"field_key\":\"foer-_och_efternamn_1727884147616\",\"id\":12,\"beforeField\":\"\",\"afterField\":\"\",\"parentType\":\"firstname\",\"element_templates\":[\"firstname\",\"input\"],\"old_classname\":\"\",\"wrap_template\":\"wrap\"},{\"objectType\":\"Field\",\"objectDomain\":\"fields\",\"editActive\":false,\"order\":3,\"idAttribute\":\"id\",\"label\":\"E-mail\",\"type\":\"email\",\"key\":\"e-mail_1729580814903\",\"label_pos\":\"above\",\"required\":1,\"default\":\"\",\"placeholder\":\"\",\"container_class\":\"\",\"element_class\":\"\",\"admin_label\":\"\",\"help_text\":\"\",\"custom_name_attribute\":\"email\",\"personally_identifiable\":1,\"value\":\"\",\"field_label\":\"E-post\",\"field_key\":\"email_1727883871497\",\"drawerDisabled\":false,\"id\":13,\"beforeField\":\"\",\"afterField\":\"\",\"parentType\":\"email\",\"element_templates\":[\"email\",\"input\"],\"old_classname\":\"\",\"wrap_template\":\"wrap\"},{\"objectType\":\"Field\",\"objectDomain\":\"fields\",\"editActive\":false,\"order\":4,\"idAttribute\":\"id\",\"label\":\"Message\",\"type\":\"textarea\",\"key\":\"message_1729580821485\",\"label_pos\":\"above\",\"required\":1,\"default\":\"\",\"placeholder\":\"\",\"container_class\":\"\",\"element_class\":\"\",\"input_limit\":\"\",\"input_limit_type\":\"characters\",\"input_limit_msg\":\"Tecken kvar\",\"manual_key\":\"\",\"admin_label\":\"\",\"help_text\":\"\",\"textarea_rte\":\"\",\"disable_rte_mobile\":\"\",\"textarea_media\":\"\",\"value\":\"\",\"drawerDisabled\":false,\"field_label\":\"Meddelande\",\"field_key\":\"meddelande_1727884173426\",\"id\":14,\"beforeField\":\"\",\"afterField\":\"\",\"parentType\":\"textarea\",\"element_templates\":[\"textarea\",\"input\"],\"old_classname\":\"\",\"wrap_template\":\"wrap\"},{\"objectType\":\"Field\",\"objectDomain\":\"fields\",\"editActive\":false,\"order\":5,\"idAttribute\":\"id\",\"label\":\"Upload photos\",\"type\":\"file_upload\",\"key\":\"upload_photos_1729580836470\",\"label_pos\":\"above\",\"required\":1,\"container_class\":\"\",\"element_class\":\"\",\"manual_key\":\"\",\"help_text\":\"\",\"save_to_server\":1,\"upload_rename\":\"\",\"media_library\":0,\"upload_multi_count\":3,\"upload_types\":\".jpg,.jpeg,.png\",\"max_file_size\":10485760,\"min_file_size\":0,\"select_files_text\":\"Choose photos\",\"cancel_upload_text\":\"Cancel\",\"drawerDisabled\":false,\"field_label\":\"Ladda upp bilder\",\"field_key\":\"ladda_upp_bilder_1727889846275\",\"id\":16,\"beforeField\":\"\",\"afterField\":\"\",\"value\":\"\",\"parentType\":\"textbox\",\"element_templates\":[\"file_upload\",\"input\"],\"old_classname\":\"\",\"wrap_template\":\"wrap\",\"max_chunk_size\":47185920,\"max_file_size_mb\":10,\"min_file_size_mb\":0,\"uploadNonce\":\"10faeeea6f\",\"uploadNonceExpiry\":1776919800},{\"objectType\":\"Field\",\"objectDomain\":\"fields\",\"editActive\":false,\"order\":6,\"idAttribute\":\"id\",\"label\":\"Submit\",\"type\":\"submit\",\"processing_label\":\"Behandlas\",\"container_class\":\"\",\"element_class\":\"\",\"key\":\"submit_1729580870302\",\"admin_label\":\"\",\"field_label\":\"Skicka\",\"field_key\":\"submit_1727884096945\",\"drawerDisabled\":false,\"id\":15,\"beforeField\":\"\",\"afterField\":\"\",\"value\":\"\",\"label_pos\":\"above\",\"parentType\":\"textbox\",\"element_templates\":[\"submit\",\"button\",\"input\"],\"old_classname\":\"\",\"wrap_template\":\"wrap-no-label\"}];nfForms.push(form);<\/script>\n        \n","protected":false},"excerpt":{"rendered":"","protected":false},"author":307,"featured_media":0,"parent":0,"menu_order":0,"comment_status":"closed","ping_status":"closed","template":"","meta":{"_acf_changed":false,"_exactmetrics_skip_tracking":false,"_exactmetrics_sitenote_active":false,"_exactmetrics_sitenote_note":"","_exactmetrics_sitenote_category":0,"footnotes":""},"class_list":["post-62147","page","type-page","status-publish","hentry"],"acf":[],"yoast_head":"<!-- This site is optimized with the Yoast SEO Premium plugin v26.7 (Yoast SEO v26.7) - https:\/\/yoast.com\/wordpress\/plugins\/seo\/ -->\n<title>Color Matching Assistance - Hairtastic<\/title>\n<meta name=\"robots\" content=\"index, follow, max-snippet:-1, max-image-preview:large, max-video-preview:-1\" \/>\n<link rel=\"canonical\" href=\"https:\/\/hairtastic.se\/en\/color-matching-assistance\/\" \/>\n<meta property=\"og:locale\" content=\"en_US\" \/>\n<meta property=\"og:type\" content=\"article\" \/>\n<meta property=\"og:title\" content=\"Color Matching Assistance\" \/>\n<meta property=\"og:url\" content=\"https:\/\/hairtastic.se\/en\/color-matching-assistance\/\" \/>\n<meta property=\"og:site_name\" content=\"Hairtastic\" \/>\n<meta property=\"article:publisher\" content=\"https:\/\/www.facebook.com\/Hairtastic-663755403684614\/\" \/>\n<meta name=\"twitter:label1\" content=\"Est. reading time\" \/>\n\t<meta name=\"twitter:data1\" content=\"1 minute\" \/>\n<script type=\"application\/ld+json\" class=\"yoast-schema-graph\">{\"@context\":\"https:\/\/schema.org\",\"@graph\":[{\"@type\":\"WebPage\",\"@id\":\"https:\/\/hairtastic.se\/en\/color-matching-assistance\/\",\"url\":\"https:\/\/hairtastic.se\/en\/color-matching-assistance\/\",\"name\":\"Color Matching Assistance - Hairtastic\",\"isPartOf\":{\"@id\":\"https:\/\/hairtastic.se\/en\/#website\"},\"datePublished\":\"2024-10-22T07:18:46+00:00\",\"breadcrumb\":{\"@id\":\"https:\/\/hairtastic.se\/en\/color-matching-assistance\/#breadcrumb\"},\"inLanguage\":\"en-US\",\"potentialAction\":[{\"@type\":\"ReadAction\",\"target\":[\"https:\/\/hairtastic.se\/en\/color-matching-assistance\/\"]}]},{\"@type\":\"BreadcrumbList\",\"@id\":\"https:\/\/hairtastic.se\/en\/color-matching-assistance\/#breadcrumb\",\"itemListElement\":[{\"@type\":\"ListItem\",\"position\":1,\"name\":\"Hem\",\"item\":\"https:\/\/hairtastic.se\/en\/\"},{\"@type\":\"ListItem\",\"position\":2,\"name\":\"Color Matching Assistance\"}]},{\"@type\":\"WebSite\",\"@id\":\"https:\/\/hairtastic.se\/en\/#website\",\"url\":\"https:\/\/hairtastic.se\/en\/\",\"name\":\"Hairtastic\",\"description\":\"\u00c4kta l\u00f6sh\u00e5r med kvalit\u00e9 som h\u00e5ller l\u00e4ngre\",\"publisher\":{\"@id\":\"https:\/\/hairtastic.se\/en\/#organization\"},\"potentialAction\":[{\"@type\":\"SearchAction\",\"target\":{\"@type\":\"EntryPoint\",\"urlTemplate\":\"https:\/\/hairtastic.se\/en\/?s={search_term_string}\"},\"query-input\":{\"@type\":\"PropertyValueSpecification\",\"valueRequired\":true,\"valueName\":\"search_term_string\"}}],\"inLanguage\":\"en-US\"},{\"@type\":\"Organization\",\"@id\":\"https:\/\/hairtastic.se\/en\/#organization\",\"name\":\"Hairtastic\",\"url\":\"https:\/\/hairtastic.se\/en\/\",\"logo\":{\"@type\":\"ImageObject\",\"inLanguage\":\"en-US\",\"@id\":\"https:\/\/hairtastic.se\/en\/#\/schema\/logo\/image\/\",\"url\":\"https:\/\/hairtastic.se\/wp-content\/uploads\/2015\/12\/logo.jpg\",\"contentUrl\":\"https:\/\/hairtastic.se\/wp-content\/uploads\/2015\/12\/logo.jpg\",\"width\":235,\"height\":59,\"caption\":\"Hairtastic\"},\"image\":{\"@id\":\"https:\/\/hairtastic.se\/en\/#\/schema\/logo\/image\/\"},\"sameAs\":[\"https:\/\/www.facebook.com\/Hairtastic-663755403684614\/\",\"https:\/\/www.instagram.com\/hairtasticab\/-566646813447362\"]}]}<\/script>\n<!-- \/ Yoast SEO Premium plugin. -->","yoast_head_json":{"title":"Color Matching Assistance - Hairtastic","robots":{"index":"index","follow":"follow","max-snippet":"max-snippet:-1","max-image-preview":"max-image-preview:large","max-video-preview":"max-video-preview:-1"},"canonical":"https:\/\/hairtastic.se\/en\/color-matching-assistance\/","og_locale":"en_US","og_type":"article","og_title":"Color Matching Assistance","og_url":"https:\/\/hairtastic.se\/en\/color-matching-assistance\/","og_site_name":"Hairtastic","article_publisher":"https:\/\/www.facebook.com\/Hairtastic-663755403684614\/","twitter_misc":{"Est. reading time":"1 minute"},"schema":{"@context":"https:\/\/schema.org","@graph":[{"@type":"WebPage","@id":"https:\/\/hairtastic.se\/en\/color-matching-assistance\/","url":"https:\/\/hairtastic.se\/en\/color-matching-assistance\/","name":"Color Matching Assistance - Hairtastic","isPartOf":{"@id":"https:\/\/hairtastic.se\/en\/#website"},"datePublished":"2024-10-22T07:18:46+00:00","breadcrumb":{"@id":"https:\/\/hairtastic.se\/en\/color-matching-assistance\/#breadcrumb"},"inLanguage":"en-US","potentialAction":[{"@type":"ReadAction","target":["https:\/\/hairtastic.se\/en\/color-matching-assistance\/"]}]},{"@type":"BreadcrumbList","@id":"https:\/\/hairtastic.se\/en\/color-matching-assistance\/#breadcrumb","itemListElement":[{"@type":"ListItem","position":1,"name":"Hem","item":"https:\/\/hairtastic.se\/en\/"},{"@type":"ListItem","position":2,"name":"Color Matching Assistance"}]},{"@type":"WebSite","@id":"https:\/\/hairtastic.se\/en\/#website","url":"https:\/\/hairtastic.se\/en\/","name":"Hairtastic","description":"\u00c4kta l\u00f6sh\u00e5r med kvalit\u00e9 som h\u00e5ller l\u00e4ngre","publisher":{"@id":"https:\/\/hairtastic.se\/en\/#organization"},"potentialAction":[{"@type":"SearchAction","target":{"@type":"EntryPoint","urlTemplate":"https:\/\/hairtastic.se\/en\/?s={search_term_string}"},"query-input":{"@type":"PropertyValueSpecification","valueRequired":true,"valueName":"search_term_string"}}],"inLanguage":"en-US"},{"@type":"Organization","@id":"https:\/\/hairtastic.se\/en\/#organization","name":"Hairtastic","url":"https:\/\/hairtastic.se\/en\/","logo":{"@type":"ImageObject","inLanguage":"en-US","@id":"https:\/\/hairtastic.se\/en\/#\/schema\/logo\/image\/","url":"https:\/\/hairtastic.se\/wp-content\/uploads\/2015\/12\/logo.jpg","contentUrl":"https:\/\/hairtastic.se\/wp-content\/uploads\/2015\/12\/logo.jpg","width":235,"height":59,"caption":"Hairtastic"},"image":{"@id":"https:\/\/hairtastic.se\/en\/#\/schema\/logo\/image\/"},"sameAs":["https:\/\/www.facebook.com\/Hairtastic-663755403684614\/","https:\/\/www.instagram.com\/hairtasticab\/-566646813447362"]}]}},"_links":{"self":[{"href":"https:\/\/hairtastic.se\/en\/wp-json\/wp\/v2\/pages\/62147","targetHints":{"allow":["GET"]}}],"collection":[{"href":"https:\/\/hairtastic.se\/en\/wp-json\/wp\/v2\/pages"}],"about":[{"href":"https:\/\/hairtastic.se\/en\/wp-json\/wp\/v2\/types\/page"}],"author":[{"embeddable":true,"href":"https:\/\/hairtastic.se\/en\/wp-json\/wp\/v2\/users\/307"}],"replies":[{"embeddable":true,"href":"https:\/\/hairtastic.se\/en\/wp-json\/wp\/v2\/comments?post=62147"}],"version-history":[{"count":1,"href":"https:\/\/hairtastic.se\/en\/wp-json\/wp\/v2\/pages\/62147\/revisions"}],"predecessor-version":[{"id":62148,"href":"https:\/\/hairtastic.se\/en\/wp-json\/wp\/v2\/pages\/62147\/revisions\/62148"}],"wp:attachment":[{"href":"https:\/\/hairtastic.se\/en\/wp-json\/wp\/v2\/media?parent=62147"}],"curies":[{"name":"wp","href":"https:\/\/api.w.org\/{rel}","templated":true}]}}