{"id":13883,"date":"2019-11-15T11:28:54","date_gmt":"2019-11-15T10:28:54","guid":{"rendered":"https:\/\/hairtastic.se\/produkt\/clip-in-hair-extension\/"},"modified":"2025-12-02T23:00:18","modified_gmt":"2025-12-02T22:00:18","slug":"clip-in-hair-extension","status":"publish","type":"product","link":"https:\/\/hairtastic.se\/en\/produkt\/clip-in-hair-extension\/","title":{"rendered":"Clip-in Hair Extension"},"content":{"rendered":"<p><b>Clip-in Hair Extension<\/b><\/p>\n<p><span style=\"font-weight: 400;\">Use your clip in when you want extra length or volume. The perfect method to use when you don\u2019t want your hair extensions permanent.\u00a0<\/span><\/p>\n<p><span style=\"font-weight: 400;\">Easy to attach and remove with clips and you can do this on your own within a few minutes.<\/span><\/p>\n<p><span style=\"font-weight: 400;\">100% Remy Human Extensions.<\/span><\/p>\n<p>&nbsp;<\/p>\n<p><span style=\"font-weight: 400;\">Length 18\u201d to 24&#8243; and weights from 120g<\/span><\/p>\n<p><span style=\"font-weight: 400;\">Divided in 7 pieces with clips pre-attached\u00a0<\/span><\/p>\n<p>&nbsp;<\/p>\n<p><span style=\"font-weight: 400;\">Hairtastic Remy Hair<\/span><\/p>\n<p><span style=\"font-weight: 400;\">Application: 0,25-1 Hours<\/span><\/p>\n<p><span style=\"font-weight: 400;\">Reapplication: Daily\u00a0<\/span><\/p>\n","protected":false},"excerpt":{"rendered":"<p>Clip-in Hair Extension Use your clip in when you want extra length or volume. The perfect method to use when you don\u2019t want your hair extensions permanent.\u00a0 Easy to attach and remove with clips and you can do this on your own within a few minutes. 100% Remy Human Extensions. &nbsp; Length 18\u201d to 24&#8243; [&hellip;]<\/p>\n","protected":false},"featured_media":13059,"comment_status":"open","ping_status":"closed","template":"","meta":{"_acf_changed":false,"_exactmetrics_skip_tracking":false,"_exactmetrics_sitenote_active":false,"_exactmetrics_sitenote_note":"","_exactmetrics_sitenote_category":0},"product_brand":[],"product_cat":[1347],"product_tag":[],"class_list":{"0":"post-13883","1":"product","2":"type-product","3":"status-publish","4":"has-post-thumbnail","6":"product_cat-clip-in","7":"pa_langd-50-cm-en","8":"pa_langd-60-cm-en","9":"pa_valj_farg-color-ombre-medium-blonde","10":"pa_valj_farg-color-p51-60","11":"pa_valj_farg-farg-1-en","12":"pa_valj_farg-farg-1b-en","13":"pa_valj_farg-farg-2-en","14":"pa_valj_farg-farg-4-en","15":"pa_valj_farg-farg-6-en","16":"pa_valj_farg-farg-7-en","17":"pa_valj_farg-farg-8-en","18":"pa_valj_farg-farg-913-en","19":"pa_valj_farg-farg-10-en-2","20":"pa_valj_farg-farg-10-v-en","21":"pa_valj_farg-farg-20-en","22":"pa_valj_farg-farg-24-en","23":"pa_valj_farg-farg-60-en","24":"pa_valj_farg-farg-60-ash-en","25":"pa_valj_farg-farg-613-en","27":"first","28":"instock","29":"taxable","30":"shipping-taxable","31":"purchasable","32":"product-type-variable","33":"has-default-attributes"},"acf":[],"yoast_head":"<!-- This site is optimized with the Yoast SEO Premium plugin v26.7 (Yoast SEO v26.7) - https:\/\/yoast.com\/wordpress\/plugins\/seo\/ -->\n<title>Clip-in Hair Extension - Hairtastic<\/title>\n<meta name=\"robots\" content=\"index, follow, max-snippet:-1, max-image-preview:large, max-video-preview:-1\" \/>\n<link rel=\"canonical\" href=\"https:\/\/hairtastic.se\/en\/produkt\/clip-in-hair-extension\/\" \/>\n<meta property=\"og:locale\" content=\"en_US\" \/>\n<meta property=\"og:type\" content=\"article\" \/>\n<meta property=\"og:title\" content=\"Clip-in Hair Extension\" \/>\n<meta property=\"og:description\" content=\"Clip-in Hair Extension Use your clip in when you want extra length or volume. The perfect method to use when you don\u2019t want your hair extensions permanent.\u00a0 Easy to attach and remove with clips and you can do this on your own within a few minutes. 100% Remy Human Extensions. &nbsp; Length 18\u201d to 24&#8243; [&hellip;]\" \/>\n<meta property=\"og:url\" content=\"https:\/\/hairtastic.se\/en\/produkt\/clip-in-hair-extension\/\" \/>\n<meta property=\"og:site_name\" content=\"Hairtastic\" \/>\n<meta property=\"article:publisher\" content=\"https:\/\/www.facebook.com\/Hairtastic-663755403684614\/\" \/>\n<meta property=\"article:modified_time\" content=\"2025-12-02T22:00:18+00:00\" \/>\n<meta property=\"og:image\" content=\"https:\/\/hairtastic.se\/wp-content\/uploads\/2014\/07\/740-thickbox_default-clip-on-set-4.jpg\" \/>\n\t<meta property=\"og:image:width\" content=\"600\" \/>\n\t<meta property=\"og:image:height\" content=\"733\" \/>\n\t<meta property=\"og:image:type\" content=\"image\/jpeg\" \/>\n<meta name=\"twitter:label1\" content=\"Availability\" \/>\n\t<meta name=\"twitter:data1\" content=\"In stock\" \/>\n<script type=\"application\/ld+json\" class=\"yoast-schema-graph\">{\"@context\":\"https:\/\/schema.org\",\"@graph\":[{\"@type\":\"WebPage\",\"@id\":\"https:\/\/hairtastic.se\/en\/produkt\/clip-in-hair-extension\/\",\"url\":\"https:\/\/hairtastic.se\/en\/produkt\/clip-in-hair-extension\/\",\"name\":\"Clip-in Hair Extension - Hairtastic\",\"isPartOf\":{\"@id\":\"https:\/\/hairtastic.se\/en\/#website\"},\"primaryImageOfPage\":{\"@id\":\"https:\/\/hairtastic.se\/en\/produkt\/clip-in-hair-extension\/#primaryimage\"},\"image\":{\"@id\":\"https:\/\/hairtastic.se\/en\/produkt\/clip-in-hair-extension\/#primaryimage\"},\"thumbnailUrl\":\"https:\/\/hairtastic.se\/wp-content\/uploads\/2014\/07\/740-thickbox_default-clip-on-set-4.jpg\",\"datePublished\":\"2019-11-15T10:28:54+00:00\",\"dateModified\":\"2025-12-02T22:00:18+00:00\",\"breadcrumb\":{\"@id\":\"https:\/\/hairtastic.se\/en\/produkt\/clip-in-hair-extension\/#breadcrumb\"},\"inLanguage\":\"en-US\",\"potentialAction\":[{\"@type\":\"ReadAction\",\"target\":[\"https:\/\/hairtastic.se\/en\/produkt\/clip-in-hair-extension\/\"]}]},{\"@type\":\"ImageObject\",\"inLanguage\":\"en-US\",\"@id\":\"https:\/\/hairtastic.se\/en\/produkt\/clip-in-hair-extension\/#primaryimage\",\"url\":\"https:\/\/hairtastic.se\/wp-content\/uploads\/2014\/07\/740-thickbox_default-clip-on-set-4.jpg\",\"contentUrl\":\"https:\/\/hairtastic.se\/wp-content\/uploads\/2014\/07\/740-thickbox_default-clip-on-set-4.jpg\",\"width\":600,\"height\":733,\"caption\":\"l\u00f6sh\u00e5r f\u00e4rg 4\"},{\"@type\":\"BreadcrumbList\",\"@id\":\"https:\/\/hairtastic.se\/en\/produkt\/clip-in-hair-extension\/#breadcrumb\",\"itemListElement\":[{\"@type\":\"ListItem\",\"position\":1,\"name\":\"Hem\",\"item\":\"https:\/\/hairtastic.se\/en\/\"},{\"@type\":\"ListItem\",\"position\":2,\"name\":\"Shop\",\"item\":\"https:\/\/hairtastic.se\/shop\/\"},{\"@type\":\"ListItem\",\"position\":3,\"name\":\"Clip-in Hair Extension\"}]},{\"@type\":\"WebSite\",\"@id\":\"https:\/\/hairtastic.se\/en\/#website\",\"url\":\"https:\/\/hairtastic.se\/en\/\",\"name\":\"Hairtastic\",\"description\":\"\u00c4kta l\u00f6sh\u00e5r med kvalit\u00e9 som h\u00e5ller l\u00e4ngre\",\"publisher\":{\"@id\":\"https:\/\/hairtastic.se\/en\/#organization\"},\"potentialAction\":[{\"@type\":\"SearchAction\",\"target\":{\"@type\":\"EntryPoint\",\"urlTemplate\":\"https:\/\/hairtastic.se\/en\/?s={search_term_string}\"},\"query-input\":{\"@type\":\"PropertyValueSpecification\",\"valueRequired\":true,\"valueName\":\"search_term_string\"}}],\"inLanguage\":\"en-US\"},{\"@type\":\"Organization\",\"@id\":\"https:\/\/hairtastic.se\/en\/#organization\",\"name\":\"Hairtastic\",\"url\":\"https:\/\/hairtastic.se\/en\/\",\"logo\":{\"@type\":\"ImageObject\",\"inLanguage\":\"en-US\",\"@id\":\"https:\/\/hairtastic.se\/en\/#\/schema\/logo\/image\/\",\"url\":\"https:\/\/hairtastic.se\/wp-content\/uploads\/2015\/12\/logo.jpg\",\"contentUrl\":\"https:\/\/hairtastic.se\/wp-content\/uploads\/2015\/12\/logo.jpg\",\"width\":235,\"height\":59,\"caption\":\"Hairtastic\"},\"image\":{\"@id\":\"https:\/\/hairtastic.se\/en\/#\/schema\/logo\/image\/\"},\"sameAs\":[\"https:\/\/www.facebook.com\/Hairtastic-663755403684614\/\",\"https:\/\/www.instagram.com\/hairtasticab\/-566646813447362\"]}]}<\/script>\n<meta property=\"og:availability\" content=\"instock\" \/>\n<meta property=\"product:availability\" content=\"instock\" \/>\n<meta property=\"product:retailer_item_id\" content=\"Clip-on-Set-Classic-variant\" \/>\n<meta property=\"product:condition\" content=\"new\" \/>\n<!-- \/ Yoast SEO Premium plugin. -->","yoast_head_json":{"title":"Clip-in Hair Extension - Hairtastic","robots":{"index":"index","follow":"follow","max-snippet":"max-snippet:-1","max-image-preview":"max-image-preview:large","max-video-preview":"max-video-preview:-1"},"canonical":"https:\/\/hairtastic.se\/en\/produkt\/clip-in-hair-extension\/","og_locale":"en_US","og_type":"article","og_title":"Clip-in Hair Extension","og_description":"Clip-in Hair Extension Use your clip in when you want extra length or volume. The perfect method to use when you don\u2019t want your hair extensions permanent.\u00a0 Easy to attach and remove with clips and you can do this on your own within a few minutes. 100% Remy Human Extensions. &nbsp; Length 18\u201d to 24&#8243; [&hellip;]","og_url":"https:\/\/hairtastic.se\/en\/produkt\/clip-in-hair-extension\/","og_site_name":"Hairtastic","article_publisher":"https:\/\/www.facebook.com\/Hairtastic-663755403684614\/","article_modified_time":"2025-12-02T22:00:18+00:00","og_image":[{"width":600,"height":733,"url":"https:\/\/hairtastic.se\/wp-content\/uploads\/2014\/07\/740-thickbox_default-clip-on-set-4.jpg","type":"image\/jpeg"}],"twitter_misc":{"Availability":"In stock"},"schema":{"@context":"https:\/\/schema.org","@graph":[{"@type":"WebPage","@id":"https:\/\/hairtastic.se\/en\/produkt\/clip-in-hair-extension\/","url":"https:\/\/hairtastic.se\/en\/produkt\/clip-in-hair-extension\/","name":"Clip-in Hair Extension - Hairtastic","isPartOf":{"@id":"https:\/\/hairtastic.se\/en\/#website"},"primaryImageOfPage":{"@id":"https:\/\/hairtastic.se\/en\/produkt\/clip-in-hair-extension\/#primaryimage"},"image":{"@id":"https:\/\/hairtastic.se\/en\/produkt\/clip-in-hair-extension\/#primaryimage"},"thumbnailUrl":"https:\/\/hairtastic.se\/wp-content\/uploads\/2014\/07\/740-thickbox_default-clip-on-set-4.jpg","datePublished":"2019-11-15T10:28:54+00:00","dateModified":"2025-12-02T22:00:18+00:00","breadcrumb":{"@id":"https:\/\/hairtastic.se\/en\/produkt\/clip-in-hair-extension\/#breadcrumb"},"inLanguage":"en-US","potentialAction":[{"@type":"ReadAction","target":["https:\/\/hairtastic.se\/en\/produkt\/clip-in-hair-extension\/"]}]},{"@type":"ImageObject","inLanguage":"en-US","@id":"https:\/\/hairtastic.se\/en\/produkt\/clip-in-hair-extension\/#primaryimage","url":"https:\/\/hairtastic.se\/wp-content\/uploads\/2014\/07\/740-thickbox_default-clip-on-set-4.jpg","contentUrl":"https:\/\/hairtastic.se\/wp-content\/uploads\/2014\/07\/740-thickbox_default-clip-on-set-4.jpg","width":600,"height":733,"caption":"l\u00f6sh\u00e5r f\u00e4rg 4"},{"@type":"BreadcrumbList","@id":"https:\/\/hairtastic.se\/en\/produkt\/clip-in-hair-extension\/#breadcrumb","itemListElement":[{"@type":"ListItem","position":1,"name":"Hem","item":"https:\/\/hairtastic.se\/en\/"},{"@type":"ListItem","position":2,"name":"Shop","item":"https:\/\/hairtastic.se\/shop\/"},{"@type":"ListItem","position":3,"name":"Clip-in Hair Extension"}]},{"@type":"WebSite","@id":"https:\/\/hairtastic.se\/en\/#website","url":"https:\/\/hairtastic.se\/en\/","name":"Hairtastic","description":"\u00c4kta l\u00f6sh\u00e5r med kvalit\u00e9 som h\u00e5ller l\u00e4ngre","publisher":{"@id":"https:\/\/hairtastic.se\/en\/#organization"},"potentialAction":[{"@type":"SearchAction","target":{"@type":"EntryPoint","urlTemplate":"https:\/\/hairtastic.se\/en\/?s={search_term_string}"},"query-input":{"@type":"PropertyValueSpecification","valueRequired":true,"valueName":"search_term_string"}}],"inLanguage":"en-US"},{"@type":"Organization","@id":"https:\/\/hairtastic.se\/en\/#organization","name":"Hairtastic","url":"https:\/\/hairtastic.se\/en\/","logo":{"@type":"ImageObject","inLanguage":"en-US","@id":"https:\/\/hairtastic.se\/en\/#\/schema\/logo\/image\/","url":"https:\/\/hairtastic.se\/wp-content\/uploads\/2015\/12\/logo.jpg","contentUrl":"https:\/\/hairtastic.se\/wp-content\/uploads\/2015\/12\/logo.jpg","width":235,"height":59,"caption":"Hairtastic"},"image":{"@id":"https:\/\/hairtastic.se\/en\/#\/schema\/logo\/image\/"},"sameAs":["https:\/\/www.facebook.com\/Hairtastic-663755403684614\/","https:\/\/www.instagram.com\/hairtasticab\/-566646813447362"]}]},"og_availability":"instock","product_availability":"instock","product_retailer_item_id":"Clip-on-Set-Classic-variant","product_condition":"new"},"_links":{"self":[{"href":"https:\/\/hairtastic.se\/en\/wp-json\/wp\/v2\/product\/13883","targetHints":{"allow":["GET"]}}],"collection":[{"href":"https:\/\/hairtastic.se\/en\/wp-json\/wp\/v2\/product"}],"about":[{"href":"https:\/\/hairtastic.se\/en\/wp-json\/wp\/v2\/types\/product"}],"replies":[{"embeddable":true,"href":"https:\/\/hairtastic.se\/en\/wp-json\/wp\/v2\/comments?post=13883"}],"wp:featuredmedia":[{"embeddable":true,"href":"https:\/\/hairtastic.se\/en\/wp-json\/wp\/v2\/media\/13059"}],"wp:attachment":[{"href":"https:\/\/hairtastic.se\/en\/wp-json\/wp\/v2\/media?parent=13883"}],"wp:term":[{"taxonomy":"product_brand","embeddable":true,"href":"https:\/\/hairtastic.se\/en\/wp-json\/wp\/v2\/product_brand?post=13883"},{"taxonomy":"product_cat","embeddable":true,"href":"https:\/\/hairtastic.se\/en\/wp-json\/wp\/v2\/product_cat?post=13883"},{"taxonomy":"product_tag","embeddable":true,"href":"https:\/\/hairtastic.se\/en\/wp-json\/wp\/v2\/product_tag?post=13883"}],"curies":[{"name":"wp","href":"https:\/\/api.w.org\/{rel}","templated":true}]}}