{"id":13911,"date":"2019-11-15T11:17:12","date_gmt":"2019-11-15T10:17:12","guid":{"rendered":"https:\/\/hairtastic.se\/produkt\/tape-in\/"},"modified":"2024-12-01T23:00:29","modified_gmt":"2024-12-01T22:00:29","slug":"tape-in","status":"publish","type":"product","link":"https:\/\/hairtastic.se\/en\/produkt\/tape-in\/","title":{"rendered":"Tape-in"},"content":{"rendered":"<p><b>Tape-in<br \/>\n<\/b>Hairtastic best seller. The natural result with great volume.<\/p>\n<p>Easy to attach, reapplication and removal for your hairstylist.<br \/>\nGentle for your own hair. Best possible quality of developed for many years.<\/p>\n<p><span style=\"font-weight: 400;\">Take a thin veil of hair and attach a weft. Take another and squeeze like a sandwich with your own hair between.<br \/>\n<\/span>One package includes 10 wefts 2,5 g each.<\/p>\n<p><span style=\"font-weight: 400;\">Recommendations.<br \/>\n<\/span>Hair thickening 1-3 packages<br \/>\nFull Hair extension 4-7 packages.<\/p>\n<p>Hairtastic Cuticle Remy Hair<br \/>\nApplication: 0.5 &#8211; 1.5 hours<br \/>\nReapplication: 6-9 weeks<br \/>\nLenght :Aprox 45- 50cm\u00a0 55-60cm<\/p>\n<p>Life span: 6-12 months Cuticle Remy Hair.\u00a0 3-month warranty*<\/p>\n<p><strong>How to take care of your Tape-in\u00a0<\/strong><\/p>\n<div>When reusing your Tape-in, you also need to replace the tape in the hair wefts.<\/div>\n<div>With Hairtastic Refill Tape, you can easily reattach it.<\/div>\n<div>In order to ensure that your hair undergoes fine, fresh and light for a long time,<\/div>\n<div>it is important that you carefully wash and dry the hair extensions.<\/div>\n<div>Use moisturizing wrap and always take care of heat protection in everyday life.<\/div>\n<div>If possible, it is also good if you let your hair dry and not use a hairdryer, the heat wears a lot on the hair.<\/div>\n<div><\/div>\n<div>Because the hair has thin fasteners and soft tape.<\/div>\n<div>You can comfortably get your beauty sleep and sleep with your tape extensions.<\/div>\n<div>We always recommend that you braid your hair before going to bed, to avoid tangles and ropes in the loose hair during the night.<\/div>\n<div>If the hair tips become worn, if you wish, you can cut the loops a little to keep the hair fresh.<\/div>\n<div>Since our tape loose hair is of genuine quality, you can also flat, curl and style your hair just as you wish for your personal style.<\/div>\n<div><\/div>\n<div>You are always welcome to contact us if you have questions about loose hair tape and how to insert tape extensions.<\/div>\n","protected":false},"excerpt":{"rendered":"<p>Tape-in Hairtastic best seller. The natural result with great volume. Easy to attach, reapplication and removal for your hairstylist. Gentle for your own hair. Best possible quality of developed for many years. Take a thin veil of hair and attach a weft. Take another and squeeze like a sandwich with your own hair between. One [&hellip;]<\/p>\n","protected":false},"featured_media":15687,"comment_status":"open","ping_status":"closed","template":"","meta":{"_acf_changed":false,"_exactmetrics_skip_tracking":false,"_exactmetrics_sitenote_active":false,"_exactmetrics_sitenote_note":"","_exactmetrics_sitenote_category":0},"product_brand":[],"product_cat":[1346],"product_tag":[],"class_list":{"0":"post-13911","1":"product","2":"type-product","3":"status-publish","4":"has-post-thumbnail","6":"product_cat-tape-in","7":"pa_langd-50-cm-en","8":"pa_langd-60-cm-en","9":"pa_valj_farg-color-t4-mf","10":"pa_valj_farg-color-p3-9-13","11":"pa_valj_farg-color-t4","12":"pa_valj_farg-color-p2-8","13":"pa_valj_farg-color-t10-60","14":"pa_valj_farg-color-p6-22","15":"pa_valj_farg-color-p50w-613-8","16":"pa_valj_farg-color-10-v-913","17":"pa_valj_farg-color-p51-60","18":"pa_valj_farg-color-lightashbrown","19":"pa_valj_farg-farg-1-en","20":"pa_valj_farg-farg-1b-en","21":"pa_valj_farg-farg-2-en","22":"pa_valj_farg-farg-4-en","23":"pa_valj_farg-farg-6-en","24":"pa_valj_farg-farg-7-en","25":"pa_valj_farg-farg-8-en","26":"pa_valj_farg-farg-913-en","27":"pa_valj_farg-farg-10-en-2","28":"pa_valj_farg-farg-10-v-en","29":"pa_valj_farg-farg-913pianobalayage-en","30":"pa_valj_farg-farg-20-en","31":"pa_valj_farg-farg-22-en","32":"pa_valj_farg-farg-24-en","33":"pa_valj_farg-farg-33-en","34":"pa_valj_farg-farg-60-balayage-2","35":"pa_valj_farg-farg-60-en","36":"pa_valj_farg-farg-60-ash-en","37":"pa_valj_farg-farg-613-en","39":"first","40":"instock","41":"taxable","42":"shipping-taxable","43":"purchasable","44":"product-type-variable","45":"has-default-attributes"},"acf":[],"yoast_head":"<!-- This site is optimized with the Yoast SEO Premium plugin v26.7 (Yoast SEO v26.7) - https:\/\/yoast.com\/wordpress\/plugins\/seo\/ -->\n<title>Tape-in - Hairtastic<\/title>\n<meta name=\"robots\" content=\"index, follow, max-snippet:-1, max-image-preview:large, max-video-preview:-1\" \/>\n<link rel=\"canonical\" href=\"https:\/\/hairtastic.se\/en\/produkt\/tape-in\/\" \/>\n<meta property=\"og:locale\" content=\"en_US\" \/>\n<meta property=\"og:type\" content=\"article\" \/>\n<meta property=\"og:title\" content=\"Tape-in\" \/>\n<meta property=\"og:description\" content=\"Tape-in Hairtastic best seller. The natural result with great volume. Easy to attach, reapplication and removal for your hairstylist. Gentle for your own hair. Best possible quality of developed for many years. Take a thin veil of hair and attach a weft. Take another and squeeze like a sandwich with your own hair between. One [&hellip;]\" \/>\n<meta property=\"og:url\" content=\"https:\/\/hairtastic.se\/en\/produkt\/tape-in\/\" \/>\n<meta property=\"og:site_name\" content=\"Hairtastic\" \/>\n<meta property=\"article:publisher\" content=\"https:\/\/www.facebook.com\/Hairtastic-663755403684614\/\" \/>\n<meta property=\"article:modified_time\" content=\"2024-12-01T22:00:29+00:00\" \/>\n<meta property=\"og:image\" content=\"https:\/\/hairtastic.se\/wp-content\/uploads\/2019\/11\/IMG_5146.jpg\" \/>\n\t<meta property=\"og:image:width\" content=\"1241\" \/>\n\t<meta property=\"og:image:height\" content=\"1751\" \/>\n\t<meta property=\"og:image:type\" content=\"image\/jpeg\" \/>\n<meta name=\"twitter:label1\" content=\"Availability\" \/>\n\t<meta name=\"twitter:data1\" content=\"In stock\" \/>\n<script type=\"application\/ld+json\" class=\"yoast-schema-graph\">{\"@context\":\"https:\/\/schema.org\",\"@graph\":[{\"@type\":\"WebPage\",\"@id\":\"https:\/\/hairtastic.se\/en\/produkt\/tape-in\/\",\"url\":\"https:\/\/hairtastic.se\/en\/produkt\/tape-in\/\",\"name\":\"Tape-in - Hairtastic\",\"isPartOf\":{\"@id\":\"https:\/\/hairtastic.se\/en\/#website\"},\"primaryImageOfPage\":{\"@id\":\"https:\/\/hairtastic.se\/en\/produkt\/tape-in\/#primaryimage\"},\"image\":{\"@id\":\"https:\/\/hairtastic.se\/en\/produkt\/tape-in\/#primaryimage\"},\"thumbnailUrl\":\"https:\/\/hairtastic.se\/wp-content\/uploads\/2019\/11\/IMG_5146.jpg\",\"datePublished\":\"2019-11-15T10:17:12+00:00\",\"dateModified\":\"2024-12-01T22:00:29+00:00\",\"breadcrumb\":{\"@id\":\"https:\/\/hairtastic.se\/en\/produkt\/tape-in\/#breadcrumb\"},\"inLanguage\":\"en-US\",\"potentialAction\":[{\"@type\":\"ReadAction\",\"target\":[\"https:\/\/hairtastic.se\/en\/produkt\/tape-in\/\"]}]},{\"@type\":\"ImageObject\",\"inLanguage\":\"en-US\",\"@id\":\"https:\/\/hairtastic.se\/en\/produkt\/tape-in\/#primaryimage\",\"url\":\"https:\/\/hairtastic.se\/wp-content\/uploads\/2019\/11\/IMG_5146.jpg\",\"contentUrl\":\"https:\/\/hairtastic.se\/wp-content\/uploads\/2019\/11\/IMG_5146.jpg\",\"width\":1241,\"height\":1751},{\"@type\":\"BreadcrumbList\",\"@id\":\"https:\/\/hairtastic.se\/en\/produkt\/tape-in\/#breadcrumb\",\"itemListElement\":[{\"@type\":\"ListItem\",\"position\":1,\"name\":\"Hem\",\"item\":\"https:\/\/hairtastic.se\/en\/\"},{\"@type\":\"ListItem\",\"position\":2,\"name\":\"Shop\",\"item\":\"https:\/\/hairtastic.se\/shop\/\"},{\"@type\":\"ListItem\",\"position\":3,\"name\":\"Tape-in\"}]},{\"@type\":\"WebSite\",\"@id\":\"https:\/\/hairtastic.se\/en\/#website\",\"url\":\"https:\/\/hairtastic.se\/en\/\",\"name\":\"Hairtastic\",\"description\":\"\u00c4kta l\u00f6sh\u00e5r med kvalit\u00e9 som h\u00e5ller l\u00e4ngre\",\"publisher\":{\"@id\":\"https:\/\/hairtastic.se\/en\/#organization\"},\"potentialAction\":[{\"@type\":\"SearchAction\",\"target\":{\"@type\":\"EntryPoint\",\"urlTemplate\":\"https:\/\/hairtastic.se\/en\/?s={search_term_string}\"},\"query-input\":{\"@type\":\"PropertyValueSpecification\",\"valueRequired\":true,\"valueName\":\"search_term_string\"}}],\"inLanguage\":\"en-US\"},{\"@type\":\"Organization\",\"@id\":\"https:\/\/hairtastic.se\/en\/#organization\",\"name\":\"Hairtastic\",\"url\":\"https:\/\/hairtastic.se\/en\/\",\"logo\":{\"@type\":\"ImageObject\",\"inLanguage\":\"en-US\",\"@id\":\"https:\/\/hairtastic.se\/en\/#\/schema\/logo\/image\/\",\"url\":\"https:\/\/hairtastic.se\/wp-content\/uploads\/2015\/12\/logo.jpg\",\"contentUrl\":\"https:\/\/hairtastic.se\/wp-content\/uploads\/2015\/12\/logo.jpg\",\"width\":235,\"height\":59,\"caption\":\"Hairtastic\"},\"image\":{\"@id\":\"https:\/\/hairtastic.se\/en\/#\/schema\/logo\/image\/\"},\"sameAs\":[\"https:\/\/www.facebook.com\/Hairtastic-663755403684614\/\",\"https:\/\/www.instagram.com\/hairtasticab\/-566646813447362\"]}]}<\/script>\n<meta property=\"og:availability\" content=\"instock\" \/>\n<meta property=\"product:availability\" content=\"instock\" \/>\n<meta property=\"product:retailer_item_id\" content=\"Tape-Hair-Variant\" \/>\n<meta property=\"product:condition\" content=\"new\" \/>\n<!-- \/ Yoast SEO Premium plugin. -->","yoast_head_json":{"title":"Tape-in - Hairtastic","robots":{"index":"index","follow":"follow","max-snippet":"max-snippet:-1","max-image-preview":"max-image-preview:large","max-video-preview":"max-video-preview:-1"},"canonical":"https:\/\/hairtastic.se\/en\/produkt\/tape-in\/","og_locale":"en_US","og_type":"article","og_title":"Tape-in","og_description":"Tape-in Hairtastic best seller. The natural result with great volume. Easy to attach, reapplication and removal for your hairstylist. Gentle for your own hair. Best possible quality of developed for many years. Take a thin veil of hair and attach a weft. Take another and squeeze like a sandwich with your own hair between. One [&hellip;]","og_url":"https:\/\/hairtastic.se\/en\/produkt\/tape-in\/","og_site_name":"Hairtastic","article_publisher":"https:\/\/www.facebook.com\/Hairtastic-663755403684614\/","article_modified_time":"2024-12-01T22:00:29+00:00","og_image":[{"width":1241,"height":1751,"url":"https:\/\/hairtastic.se\/wp-content\/uploads\/2019\/11\/IMG_5146.jpg","type":"image\/jpeg"}],"twitter_misc":{"Availability":"In stock"},"schema":{"@context":"https:\/\/schema.org","@graph":[{"@type":"WebPage","@id":"https:\/\/hairtastic.se\/en\/produkt\/tape-in\/","url":"https:\/\/hairtastic.se\/en\/produkt\/tape-in\/","name":"Tape-in - Hairtastic","isPartOf":{"@id":"https:\/\/hairtastic.se\/en\/#website"},"primaryImageOfPage":{"@id":"https:\/\/hairtastic.se\/en\/produkt\/tape-in\/#primaryimage"},"image":{"@id":"https:\/\/hairtastic.se\/en\/produkt\/tape-in\/#primaryimage"},"thumbnailUrl":"https:\/\/hairtastic.se\/wp-content\/uploads\/2019\/11\/IMG_5146.jpg","datePublished":"2019-11-15T10:17:12+00:00","dateModified":"2024-12-01T22:00:29+00:00","breadcrumb":{"@id":"https:\/\/hairtastic.se\/en\/produkt\/tape-in\/#breadcrumb"},"inLanguage":"en-US","potentialAction":[{"@type":"ReadAction","target":["https:\/\/hairtastic.se\/en\/produkt\/tape-in\/"]}]},{"@type":"ImageObject","inLanguage":"en-US","@id":"https:\/\/hairtastic.se\/en\/produkt\/tape-in\/#primaryimage","url":"https:\/\/hairtastic.se\/wp-content\/uploads\/2019\/11\/IMG_5146.jpg","contentUrl":"https:\/\/hairtastic.se\/wp-content\/uploads\/2019\/11\/IMG_5146.jpg","width":1241,"height":1751},{"@type":"BreadcrumbList","@id":"https:\/\/hairtastic.se\/en\/produkt\/tape-in\/#breadcrumb","itemListElement":[{"@type":"ListItem","position":1,"name":"Hem","item":"https:\/\/hairtastic.se\/en\/"},{"@type":"ListItem","position":2,"name":"Shop","item":"https:\/\/hairtastic.se\/shop\/"},{"@type":"ListItem","position":3,"name":"Tape-in"}]},{"@type":"WebSite","@id":"https:\/\/hairtastic.se\/en\/#website","url":"https:\/\/hairtastic.se\/en\/","name":"Hairtastic","description":"\u00c4kta l\u00f6sh\u00e5r med kvalit\u00e9 som h\u00e5ller l\u00e4ngre","publisher":{"@id":"https:\/\/hairtastic.se\/en\/#organization"},"potentialAction":[{"@type":"SearchAction","target":{"@type":"EntryPoint","urlTemplate":"https:\/\/hairtastic.se\/en\/?s={search_term_string}"},"query-input":{"@type":"PropertyValueSpecification","valueRequired":true,"valueName":"search_term_string"}}],"inLanguage":"en-US"},{"@type":"Organization","@id":"https:\/\/hairtastic.se\/en\/#organization","name":"Hairtastic","url":"https:\/\/hairtastic.se\/en\/","logo":{"@type":"ImageObject","inLanguage":"en-US","@id":"https:\/\/hairtastic.se\/en\/#\/schema\/logo\/image\/","url":"https:\/\/hairtastic.se\/wp-content\/uploads\/2015\/12\/logo.jpg","contentUrl":"https:\/\/hairtastic.se\/wp-content\/uploads\/2015\/12\/logo.jpg","width":235,"height":59,"caption":"Hairtastic"},"image":{"@id":"https:\/\/hairtastic.se\/en\/#\/schema\/logo\/image\/"},"sameAs":["https:\/\/www.facebook.com\/Hairtastic-663755403684614\/","https:\/\/www.instagram.com\/hairtasticab\/-566646813447362"]}]},"og_availability":"instock","product_availability":"instock","product_retailer_item_id":"Tape-Hair-Variant","product_condition":"new"},"_links":{"self":[{"href":"https:\/\/hairtastic.se\/en\/wp-json\/wp\/v2\/product\/13911","targetHints":{"allow":["GET"]}}],"collection":[{"href":"https:\/\/hairtastic.se\/en\/wp-json\/wp\/v2\/product"}],"about":[{"href":"https:\/\/hairtastic.se\/en\/wp-json\/wp\/v2\/types\/product"}],"replies":[{"embeddable":true,"href":"https:\/\/hairtastic.se\/en\/wp-json\/wp\/v2\/comments?post=13911"}],"wp:featuredmedia":[{"embeddable":true,"href":"https:\/\/hairtastic.se\/en\/wp-json\/wp\/v2\/media\/15687"}],"wp:attachment":[{"href":"https:\/\/hairtastic.se\/en\/wp-json\/wp\/v2\/media?parent=13911"}],"wp:term":[{"taxonomy":"product_brand","embeddable":true,"href":"https:\/\/hairtastic.se\/en\/wp-json\/wp\/v2\/product_brand?post=13911"},{"taxonomy":"product_cat","embeddable":true,"href":"https:\/\/hairtastic.se\/en\/wp-json\/wp\/v2\/product_cat?post=13911"},{"taxonomy":"product_tag","embeddable":true,"href":"https:\/\/hairtastic.se\/en\/wp-json\/wp\/v2\/product_tag?post=13911"}],"curies":[{"name":"wp","href":"https:\/\/api.w.org\/{rel}","templated":true}]}}