{"id":13934,"date":"2016-10-10T02:03:59","date_gmt":"2016-10-10T00:03:59","guid":{"rendered":"https:\/\/hairtastic.se\/produkt\/nail-hair-supreme\/"},"modified":"2025-12-03T23:00:05","modified_gmt":"2025-12-03T22:00:05","slug":"nail-hair-supreme","status":"publish","type":"product","link":"https:\/\/hairtastic.se\/en\/produkt\/nail-hair-supreme\/","title":{"rendered":"Nail Hair Supreme"},"content":{"rendered":"<div>Nail Hair Supreme is our most exclusive hair extension &#8211; extra carefully selected and extra carefully handled.<\/div>\n<div><\/div>\n<div>Nail Hair Extensions is one of Hairtastic&#8217;s absolute best sellers.<br \/>\nOur Nail Hair Loose Hair always contains 100% Genuine real hair and is available in different lengths and colors.<br \/>\nThis hair extension method attaches the hair into small, thin keratin U-tips with the help of keratin wax and heat pliers.<\/div>\n<div><\/div>\n<div>A hair extension with Nail Hair is especially suitable for those who want the hair extension to be stuck for an extended period of time.<br \/>\nOne of the great benefits of Nail Hair is that the U-tips sit well in place with the help of keratin wax and that it blends naturally into your natural hair because of the thin U-tip that is evenly distributed over your head and your scalp.<br \/>\nThe hair called double drawn is thick all the way from the root to the tops.<br \/>\nIf you take good care of this you can even reuse after a few months of use.<\/div>\n<p><span lang=\"EN-GB\">The Hairtastic Nail Hair extensions keratin U-Tip is applied using a hot fusion connector.<br \/>\nThe quality of the hair is cuticle Remy human hair with thick ends which creates volume and natural results.<br \/>\nThis U-Tip is partially made of\u00a0the same naturally occurring protein found in your hair.<br \/>\nThe U-tips are bonded close to the roots of the hair, and your Hairtastic accredited stylist will ensure there is enough space to allow free movement of your hair which maintains a natural layered texture and feel to\u00a0your hair.<\/span><\/p>\n<p>&nbsp;<\/p>\n<p><b><span lang=\"EN-GB\">This is included:<\/span><\/b><span lang=\"EN-GB\">\u00a020 grams of hair divided in to 20 strands. Each strand weighs 1 gram.<\/span><u><\/u><u><\/u><\/p>\n<p><b><span lang=\"EN-GB\">Please note:<\/span><\/b><span lang=\"EN-GB\">\u00a0Normally you need 50 strands for thickening and 100 strands for a complete hair extension.<br \/>\nWe\u00a0recommend that you mix colors to\u00a0achieve\u00a0a natural look. For more assistance, please visit our salon in central Stockholm, or contact us\u00a0<b>here.\u00a0<\/b><\/span><\/p>\n","protected":false},"excerpt":{"rendered":"<p><strong>Nail Hair Supreme<\/strong> &#8211;\u00a0 <strong>BEST SELLER!<\/strong><br \/>\nThe hair extension for those who want extra high quality and thick ends. The hair extensions are attached on a U-tip Nail Hair made of keratin (which 90% of your own hair consists of!). The hair extension is completely free of silicones and other surface treatments. It is carefully selected in the factory and is just as thick at the roots as the tops which gives a nice and natural swell. This type of hair is therefore called Double drawn hair.<\/p>\n<p>20 strands in each package. 1 gram per strand.<\/p>\n","protected":false},"featured_media":62701,"comment_status":"open","ping_status":"closed","template":"","meta":{"_acf_changed":false,"_exactmetrics_skip_tracking":false,"_exactmetrics_sitenote_active":false,"_exactmetrics_sitenote_note":"","_exactmetrics_sitenote_category":0},"product_brand":[],"product_cat":[1345],"product_tag":[],"class_list":{"0":"post-13934","1":"product","2":"type-product","3":"status-publish","4":"has-post-thumbnail","6":"product_cat-nail-hair-en","7":"pa_langd-50-cm-en","8":"pa_langd-60-cm-en","9":"pa_valj_farg-color-p51-60","10":"pa_valj_farg-farg-1-en","11":"pa_valj_farg-farg-1b-en","12":"pa_valj_farg-farg-2-en","13":"pa_valj_farg-farg-4-en","14":"pa_valj_farg-farg-6-en","15":"pa_valj_farg-farg-7-en","16":"pa_valj_farg-farg-8-en","17":"pa_valj_farg-farg-913-en","18":"pa_valj_farg-farg-10-en-2","19":"pa_valj_farg-farg-10-v-en","20":"pa_valj_farg-farg-20-en","21":"pa_valj_farg-farg-22-en","22":"pa_valj_farg-farg-24-en","23":"pa_valj_farg-farg-33-en","24":"pa_valj_farg-farg-60-balayage-2","25":"pa_valj_farg-farg-60-en","26":"pa_valj_farg-farg-60-ash-en","27":"pa_valj_farg-farg-613-en","29":"first","30":"instock","31":"sale","32":"taxable","33":"shipping-taxable","34":"purchasable","35":"product-type-variable","36":"has-default-attributes"},"acf":[],"yoast_head":"<!-- This site is optimized with the Yoast SEO Premium plugin v26.7 (Yoast SEO v26.7) - https:\/\/yoast.com\/wordpress\/plugins\/seo\/ -->\n<title>Nail Hair Supreme - Hairtastic<\/title>\n<meta name=\"robots\" content=\"index, follow, max-snippet:-1, max-image-preview:large, max-video-preview:-1\" \/>\n<link rel=\"canonical\" href=\"https:\/\/hairtastic.se\/en\/produkt\/nail-hair-supreme\/\" \/>\n<meta property=\"og:locale\" content=\"en_US\" \/>\n<meta property=\"og:type\" content=\"article\" \/>\n<meta property=\"og:title\" content=\"Nail Hair Supreme\" \/>\n<meta property=\"og:description\" content=\"Nail Hair Supreme -\u00a0 BEST SELLER! The hair extension for those who want extra high quality and thick ends. The hair extensions are attached on a U-tip Nail Hair made of keratin (which 90% of your own hair consists of!). The hair extension is completely free of silicones and other surface treatments. It is carefully selected in the factory and is just as thick at the roots as the tops which gives a nice and natural swell. This type of hair is therefore called Double drawn hair.  20 strands in each package. 1 gram per strand.\" \/>\n<meta property=\"og:url\" content=\"https:\/\/hairtastic.se\/en\/produkt\/nail-hair-supreme\/\" \/>\n<meta property=\"og:site_name\" content=\"Hairtastic\" \/>\n<meta property=\"article:publisher\" content=\"https:\/\/www.facebook.com\/Hairtastic-663755403684614\/\" \/>\n<meta property=\"article:modified_time\" content=\"2025-12-03T22:00:05+00:00\" \/>\n<meta property=\"og:image\" content=\"https:\/\/hairtastic.se\/wp-content\/uploads\/2014\/07\/649-thickbox_default-nail-hair-supreme-22.jpg\" \/>\n\t<meta property=\"og:image:width\" content=\"600\" \/>\n\t<meta property=\"og:image:height\" content=\"733\" \/>\n\t<meta property=\"og:image:type\" content=\"image\/jpeg\" \/>\n<meta name=\"twitter:label1\" content=\"Availability\" \/>\n\t<meta name=\"twitter:data1\" content=\"In stock\" \/>\n<script type=\"application\/ld+json\" class=\"yoast-schema-graph\">{\"@context\":\"https:\/\/schema.org\",\"@graph\":[{\"@type\":\"WebPage\",\"@id\":\"https:\/\/hairtastic.se\/en\/produkt\/nail-hair-supreme\/\",\"url\":\"https:\/\/hairtastic.se\/en\/produkt\/nail-hair-supreme\/\",\"name\":\"Nail Hair Supreme - Hairtastic\",\"isPartOf\":{\"@id\":\"https:\/\/hairtastic.se\/en\/#website\"},\"primaryImageOfPage\":{\"@id\":\"https:\/\/hairtastic.se\/en\/produkt\/nail-hair-supreme\/#primaryimage\"},\"image\":{\"@id\":\"https:\/\/hairtastic.se\/en\/produkt\/nail-hair-supreme\/#primaryimage\"},\"thumbnailUrl\":\"https:\/\/hairtastic.se\/wp-content\/uploads\/2025\/02\/p51.60.jpeg\",\"datePublished\":\"2016-10-10T00:03:59+00:00\",\"dateModified\":\"2025-12-03T22:00:05+00:00\",\"breadcrumb\":{\"@id\":\"https:\/\/hairtastic.se\/en\/produkt\/nail-hair-supreme\/#breadcrumb\"},\"inLanguage\":\"en-US\",\"potentialAction\":[{\"@type\":\"ReadAction\",\"target\":[\"https:\/\/hairtastic.se\/en\/produkt\/nail-hair-supreme\/\"]}]},{\"@type\":\"ImageObject\",\"inLanguage\":\"en-US\",\"@id\":\"https:\/\/hairtastic.se\/en\/produkt\/nail-hair-supreme\/#primaryimage\",\"url\":\"https:\/\/hairtastic.se\/wp-content\/uploads\/2025\/02\/p51.60.jpeg\",\"contentUrl\":\"https:\/\/hairtastic.se\/wp-content\/uploads\/2025\/02\/p51.60.jpeg\",\"width\":1063,\"height\":1077,\"caption\":\"P51.60\"},{\"@type\":\"BreadcrumbList\",\"@id\":\"https:\/\/hairtastic.se\/en\/produkt\/nail-hair-supreme\/#breadcrumb\",\"itemListElement\":[{\"@type\":\"ListItem\",\"position\":1,\"name\":\"Hem\",\"item\":\"https:\/\/hairtastic.se\/en\/\"},{\"@type\":\"ListItem\",\"position\":2,\"name\":\"Shop\",\"item\":\"https:\/\/hairtastic.se\/shop\/\"},{\"@type\":\"ListItem\",\"position\":3,\"name\":\"Nail Hair Supreme\"}]},{\"@type\":\"WebSite\",\"@id\":\"https:\/\/hairtastic.se\/en\/#website\",\"url\":\"https:\/\/hairtastic.se\/en\/\",\"name\":\"Hairtastic\",\"description\":\"\u00c4kta l\u00f6sh\u00e5r med kvalit\u00e9 som h\u00e5ller l\u00e4ngre\",\"publisher\":{\"@id\":\"https:\/\/hairtastic.se\/en\/#organization\"},\"potentialAction\":[{\"@type\":\"SearchAction\",\"target\":{\"@type\":\"EntryPoint\",\"urlTemplate\":\"https:\/\/hairtastic.se\/en\/?s={search_term_string}\"},\"query-input\":{\"@type\":\"PropertyValueSpecification\",\"valueRequired\":true,\"valueName\":\"search_term_string\"}}],\"inLanguage\":\"en-US\"},{\"@type\":\"Organization\",\"@id\":\"https:\/\/hairtastic.se\/en\/#organization\",\"name\":\"Hairtastic\",\"url\":\"https:\/\/hairtastic.se\/en\/\",\"logo\":{\"@type\":\"ImageObject\",\"inLanguage\":\"en-US\",\"@id\":\"https:\/\/hairtastic.se\/en\/#\/schema\/logo\/image\/\",\"url\":\"https:\/\/hairtastic.se\/wp-content\/uploads\/2015\/12\/logo.jpg\",\"contentUrl\":\"https:\/\/hairtastic.se\/wp-content\/uploads\/2015\/12\/logo.jpg\",\"width\":235,\"height\":59,\"caption\":\"Hairtastic\"},\"image\":{\"@id\":\"https:\/\/hairtastic.se\/en\/#\/schema\/logo\/image\/\"},\"sameAs\":[\"https:\/\/www.facebook.com\/Hairtastic-663755403684614\/\",\"https:\/\/www.instagram.com\/hairtasticab\/-566646813447362\"]}]}<\/script>\n<meta property=\"og:availability\" content=\"instock\" \/>\n<meta property=\"product:availability\" content=\"instock\" \/>\n<meta property=\"product:retailer_item_id\" content=\"Nail-Hair-Supreme-Variant\" \/>\n<meta property=\"product:condition\" content=\"new\" \/>\n<!-- \/ Yoast SEO Premium plugin. -->","yoast_head_json":{"title":"Nail Hair Supreme - Hairtastic","robots":{"index":"index","follow":"follow","max-snippet":"max-snippet:-1","max-image-preview":"max-image-preview:large","max-video-preview":"max-video-preview:-1"},"canonical":"https:\/\/hairtastic.se\/en\/produkt\/nail-hair-supreme\/","og_locale":"en_US","og_type":"article","og_title":"Nail Hair Supreme","og_description":"Nail Hair Supreme -\u00a0 BEST SELLER! The hair extension for those who want extra high quality and thick ends. The hair extensions are attached on a U-tip Nail Hair made of keratin (which 90% of your own hair consists of!). The hair extension is completely free of silicones and other surface treatments. It is carefully selected in the factory and is just as thick at the roots as the tops which gives a nice and natural swell. This type of hair is therefore called Double drawn hair.  20 strands in each package. 1 gram per strand.","og_url":"https:\/\/hairtastic.se\/en\/produkt\/nail-hair-supreme\/","og_site_name":"Hairtastic","article_publisher":"https:\/\/www.facebook.com\/Hairtastic-663755403684614\/","article_modified_time":"2025-12-03T22:00:05+00:00","og_image":[{"width":600,"height":733,"url":"https:\/\/hairtastic.se\/wp-content\/uploads\/2014\/07\/649-thickbox_default-nail-hair-supreme-22.jpg","type":"image\/jpeg"}],"twitter_misc":{"Availability":"In stock"},"schema":{"@context":"https:\/\/schema.org","@graph":[{"@type":"WebPage","@id":"https:\/\/hairtastic.se\/en\/produkt\/nail-hair-supreme\/","url":"https:\/\/hairtastic.se\/en\/produkt\/nail-hair-supreme\/","name":"Nail Hair Supreme - Hairtastic","isPartOf":{"@id":"https:\/\/hairtastic.se\/en\/#website"},"primaryImageOfPage":{"@id":"https:\/\/hairtastic.se\/en\/produkt\/nail-hair-supreme\/#primaryimage"},"image":{"@id":"https:\/\/hairtastic.se\/en\/produkt\/nail-hair-supreme\/#primaryimage"},"thumbnailUrl":"https:\/\/hairtastic.se\/wp-content\/uploads\/2025\/02\/p51.60.jpeg","datePublished":"2016-10-10T00:03:59+00:00","dateModified":"2025-12-03T22:00:05+00:00","breadcrumb":{"@id":"https:\/\/hairtastic.se\/en\/produkt\/nail-hair-supreme\/#breadcrumb"},"inLanguage":"en-US","potentialAction":[{"@type":"ReadAction","target":["https:\/\/hairtastic.se\/en\/produkt\/nail-hair-supreme\/"]}]},{"@type":"ImageObject","inLanguage":"en-US","@id":"https:\/\/hairtastic.se\/en\/produkt\/nail-hair-supreme\/#primaryimage","url":"https:\/\/hairtastic.se\/wp-content\/uploads\/2025\/02\/p51.60.jpeg","contentUrl":"https:\/\/hairtastic.se\/wp-content\/uploads\/2025\/02\/p51.60.jpeg","width":1063,"height":1077,"caption":"P51.60"},{"@type":"BreadcrumbList","@id":"https:\/\/hairtastic.se\/en\/produkt\/nail-hair-supreme\/#breadcrumb","itemListElement":[{"@type":"ListItem","position":1,"name":"Hem","item":"https:\/\/hairtastic.se\/en\/"},{"@type":"ListItem","position":2,"name":"Shop","item":"https:\/\/hairtastic.se\/shop\/"},{"@type":"ListItem","position":3,"name":"Nail Hair Supreme"}]},{"@type":"WebSite","@id":"https:\/\/hairtastic.se\/en\/#website","url":"https:\/\/hairtastic.se\/en\/","name":"Hairtastic","description":"\u00c4kta l\u00f6sh\u00e5r med kvalit\u00e9 som h\u00e5ller l\u00e4ngre","publisher":{"@id":"https:\/\/hairtastic.se\/en\/#organization"},"potentialAction":[{"@type":"SearchAction","target":{"@type":"EntryPoint","urlTemplate":"https:\/\/hairtastic.se\/en\/?s={search_term_string}"},"query-input":{"@type":"PropertyValueSpecification","valueRequired":true,"valueName":"search_term_string"}}],"inLanguage":"en-US"},{"@type":"Organization","@id":"https:\/\/hairtastic.se\/en\/#organization","name":"Hairtastic","url":"https:\/\/hairtastic.se\/en\/","logo":{"@type":"ImageObject","inLanguage":"en-US","@id":"https:\/\/hairtastic.se\/en\/#\/schema\/logo\/image\/","url":"https:\/\/hairtastic.se\/wp-content\/uploads\/2015\/12\/logo.jpg","contentUrl":"https:\/\/hairtastic.se\/wp-content\/uploads\/2015\/12\/logo.jpg","width":235,"height":59,"caption":"Hairtastic"},"image":{"@id":"https:\/\/hairtastic.se\/en\/#\/schema\/logo\/image\/"},"sameAs":["https:\/\/www.facebook.com\/Hairtastic-663755403684614\/","https:\/\/www.instagram.com\/hairtasticab\/-566646813447362"]}]},"og_availability":"instock","product_availability":"instock","product_retailer_item_id":"Nail-Hair-Supreme-Variant","product_condition":"new"},"_links":{"self":[{"href":"https:\/\/hairtastic.se\/en\/wp-json\/wp\/v2\/product\/13934","targetHints":{"allow":["GET"]}}],"collection":[{"href":"https:\/\/hairtastic.se\/en\/wp-json\/wp\/v2\/product"}],"about":[{"href":"https:\/\/hairtastic.se\/en\/wp-json\/wp\/v2\/types\/product"}],"replies":[{"embeddable":true,"href":"https:\/\/hairtastic.se\/en\/wp-json\/wp\/v2\/comments?post=13934"}],"wp:featuredmedia":[{"embeddable":true,"href":"https:\/\/hairtastic.se\/en\/wp-json\/wp\/v2\/media\/62701"}],"wp:attachment":[{"href":"https:\/\/hairtastic.se\/en\/wp-json\/wp\/v2\/media?parent=13934"}],"wp:term":[{"taxonomy":"product_brand","embeddable":true,"href":"https:\/\/hairtastic.se\/en\/wp-json\/wp\/v2\/product_brand?post=13934"},{"taxonomy":"product_cat","embeddable":true,"href":"https:\/\/hairtastic.se\/en\/wp-json\/wp\/v2\/product_cat?post=13934"},{"taxonomy":"product_tag","embeddable":true,"href":"https:\/\/hairtastic.se\/en\/wp-json\/wp\/v2\/product_tag?post=13934"}],"curies":[{"name":"wp","href":"https:\/\/api.w.org\/{rel}","templated":true}]}}