{"id":13968,"date":"2016-06-17T21:19:55","date_gmt":"2016-06-17T19:19:55","guid":{"rendered":"https:\/\/hairtastic.se\/produkt\/hairtastic-3-pack-haircare\/"},"modified":"2020-12-01T23:00:15","modified_gmt":"2020-12-01T22:00:15","slug":"hairtastic-3-pack-haircare","status":"publish","type":"product","link":"https:\/\/hairtastic.se\/en\/produkt\/hairtastic-3-pack-haircare\/","title":{"rendered":"Hairtastic 3 pack Haircare"},"content":{"rendered":"<div>Hairtastic 3 pack Haircare<\/div>\n<div>Three bottles of what you need to take care of your hair extensions in the best way possible.<\/div>\n<div><\/div>\n<div>\n<div>Leave in conditioner for hair extensions is the key to the perfect result.<\/div>\n<\/div>\n<div>\n<div>The conditioner gently stretches the lengths while protecting the hair from heat. Apply in wet hair and should never be rinsed out.<\/div>\n<div><\/div>\n<div>Hairtastic conditioner gives your extensions the moisture, softness and shines it needs, helping to prevent split ends and damage caused by, for example. heat styling. At the same time, it balances porosity, increases color durability and reduces the risk of static and tangled hair.<\/div>\n<div><\/div>\n<div>Spray in the middle of the hair and the tips with the nozzle at a distance of about 20 cm, comb through for better distribution, style as desired. Avoid getting the product on the keratin brackets on your loose hair.<\/div>\n<div><\/div>\n<div>All Hairtastic hair care products are adapted for hair extensions.<\/div>\n<div>This means that you take care of your hair extension in the best way and with the right care you can use it longer.<\/div>\n<div><\/div>\n<div>Size: 100 ml<\/div>\n<\/div>\n<div>\n<div>Hairtastic Shampoo is specifically designed to wash your hair.<\/div>\n<div><\/div>\n<div>It cleans, nourishes and intensely moisturizes hair extensions but is also great for dry and damaged hair.<\/div>\n<div><\/div>\n<div>All of Hairtastic&#8217;s hair care products are adapted for hair extensions. This means that you take care of your hair extension in the best way and with the right care can use it longer.<\/div>\n<div><\/div>\n<div>Size: 100 ml<\/div>\n<div><\/div>\n<div>\n<div>After cleaning with Hairtastic Hydrating Shampoo, apply in wet hair, comb through from root to tip for better distribution, leave in for 3 minutes and then rinse well. Continue with Hairtastic Multifunctional Leave-in Conditioner Spray.<\/div>\n<div>All of Hairtastic&#8217;s hair care products are made for hair extensions.<\/div>\n<div>This means that if you take care of your hair extensions in the best way you can with the right care use it longer.<\/div>\n<div><\/div>\n<div>Size: 100 ml<\/div>\n<\/div>\n<\/div>\n","protected":false},"excerpt":{"rendered":"<p>Hairtastic 3 pack Haircare Three bottles of what you need to take care of your hair extensions in the best way possible. Leave in conditioner for hair extensions is the key to the perfect result. The conditioner gently stretches the lengths while protecting the hair from heat. Apply in wet hair and should never be [&hellip;]<\/p>\n","protected":false},"featured_media":13820,"comment_status":"open","ping_status":"closed","template":"","meta":{"_acf_changed":false,"_exactmetrics_skip_tracking":false,"_exactmetrics_sitenote_active":false,"_exactmetrics_sitenote_note":"","_exactmetrics_sitenote_category":0},"product_brand":[],"product_cat":[1406],"product_tag":[],"class_list":{"0":"post-13968","1":"product","2":"type-product","3":"status-publish","4":"has-post-thumbnail","6":"product_cat-hair-care","8":"first","9":"instock","10":"taxable","11":"shipping-taxable","12":"purchasable","13":"product-type-simple"},"acf":[],"yoast_head":"<!-- This site is optimized with the Yoast SEO Premium plugin v26.7 (Yoast SEO v26.7) - https:\/\/yoast.com\/wordpress\/plugins\/seo\/ -->\n<title>Hairtastic 3 pack Haircare - Hairtastic<\/title>\n<meta name=\"robots\" content=\"index, follow, max-snippet:-1, max-image-preview:large, max-video-preview:-1\" \/>\n<link rel=\"canonical\" href=\"https:\/\/hairtastic.se\/en\/produkt\/hairtastic-3-pack-haircare\/\" \/>\n<meta property=\"og:locale\" content=\"en_US\" \/>\n<meta property=\"og:type\" content=\"article\" \/>\n<meta property=\"og:title\" content=\"Hairtastic 3 pack Haircare\" \/>\n<meta property=\"og:description\" content=\"Hairtastic 3 pack Haircare Three bottles of what you need to take care of your hair extensions in the best way possible. Leave in conditioner for hair extensions is the key to the perfect result. The conditioner gently stretches the lengths while protecting the hair from heat. Apply in wet hair and should never be [&hellip;]\" \/>\n<meta property=\"og:url\" content=\"https:\/\/hairtastic.se\/en\/produkt\/hairtastic-3-pack-haircare\/\" \/>\n<meta property=\"og:site_name\" content=\"Hairtastic\" \/>\n<meta property=\"article:publisher\" content=\"https:\/\/www.facebook.com\/Hairtastic-663755403684614\/\" \/>\n<meta property=\"article:modified_time\" content=\"2020-12-01T22:00:15+00:00\" \/>\n<meta property=\"og:image\" content=\"https:\/\/hairtastic.se\/wp-content\/uploads\/2016\/06\/thumbnail_Ha\u030arva\u030ardsprodukter.jpg\" \/>\n\t<meta property=\"og:image:width\" content=\"750\" \/>\n\t<meta property=\"og:image:height\" content=\"730\" \/>\n\t<meta property=\"og:image:type\" content=\"image\/jpeg\" \/>\n<meta name=\"twitter:label1\" content=\"Price\" \/>\n\t<meta name=\"twitter:data1\" content=\"&#036;30\" \/>\n\t<meta name=\"twitter:label2\" content=\"Availability\" \/>\n\t<meta name=\"twitter:data2\" content=\"In stock\" \/>\n<script type=\"application\/ld+json\" class=\"yoast-schema-graph\">{\"@context\":\"https:\/\/schema.org\",\"@graph\":[{\"@type\":\"WebPage\",\"@id\":\"https:\/\/hairtastic.se\/en\/produkt\/hairtastic-3-pack-haircare\/\",\"url\":\"https:\/\/hairtastic.se\/en\/produkt\/hairtastic-3-pack-haircare\/\",\"name\":\"Hairtastic 3 pack Haircare - Hairtastic\",\"isPartOf\":{\"@id\":\"https:\/\/hairtastic.se\/en\/#website\"},\"primaryImageOfPage\":{\"@id\":\"https:\/\/hairtastic.se\/en\/produkt\/hairtastic-3-pack-haircare\/#primaryimage\"},\"image\":{\"@id\":\"https:\/\/hairtastic.se\/en\/produkt\/hairtastic-3-pack-haircare\/#primaryimage\"},\"thumbnailUrl\":\"https:\/\/hairtastic.se\/wp-content\/uploads\/2016\/06\/thumbnail_Ha\u030arva\u030ardsprodukter.jpg\",\"datePublished\":\"2016-06-17T19:19:55+00:00\",\"dateModified\":\"2020-12-01T22:00:15+00:00\",\"breadcrumb\":{\"@id\":\"https:\/\/hairtastic.se\/en\/produkt\/hairtastic-3-pack-haircare\/#breadcrumb\"},\"inLanguage\":\"en-US\",\"potentialAction\":[{\"@type\":\"ReadAction\",\"target\":[\"https:\/\/hairtastic.se\/en\/produkt\/hairtastic-3-pack-haircare\/\"]}]},{\"@type\":\"ImageObject\",\"inLanguage\":\"en-US\",\"@id\":\"https:\/\/hairtastic.se\/en\/produkt\/hairtastic-3-pack-haircare\/#primaryimage\",\"url\":\"https:\/\/hairtastic.se\/wp-content\/uploads\/2016\/06\/thumbnail_Ha\u030arva\u030ardsprodukter.jpg\",\"contentUrl\":\"https:\/\/hairtastic.se\/wp-content\/uploads\/2016\/06\/thumbnail_Ha\u030arva\u030ardsprodukter.jpg\",\"width\":750,\"height\":730},{\"@type\":\"BreadcrumbList\",\"@id\":\"https:\/\/hairtastic.se\/en\/produkt\/hairtastic-3-pack-haircare\/#breadcrumb\",\"itemListElement\":[{\"@type\":\"ListItem\",\"position\":1,\"name\":\"Hem\",\"item\":\"https:\/\/hairtastic.se\/en\/\"},{\"@type\":\"ListItem\",\"position\":2,\"name\":\"Shop\",\"item\":\"https:\/\/hairtastic.se\/shop\/\"},{\"@type\":\"ListItem\",\"position\":3,\"name\":\"Hairtastic 3 pack Haircare\"}]},{\"@type\":\"WebSite\",\"@id\":\"https:\/\/hairtastic.se\/en\/#website\",\"url\":\"https:\/\/hairtastic.se\/en\/\",\"name\":\"Hairtastic\",\"description\":\"\u00c4kta l\u00f6sh\u00e5r med kvalit\u00e9 som h\u00e5ller l\u00e4ngre\",\"publisher\":{\"@id\":\"https:\/\/hairtastic.se\/en\/#organization\"},\"potentialAction\":[{\"@type\":\"SearchAction\",\"target\":{\"@type\":\"EntryPoint\",\"urlTemplate\":\"https:\/\/hairtastic.se\/en\/?s={search_term_string}\"},\"query-input\":{\"@type\":\"PropertyValueSpecification\",\"valueRequired\":true,\"valueName\":\"search_term_string\"}}],\"inLanguage\":\"en-US\"},{\"@type\":\"Organization\",\"@id\":\"https:\/\/hairtastic.se\/en\/#organization\",\"name\":\"Hairtastic\",\"url\":\"https:\/\/hairtastic.se\/en\/\",\"logo\":{\"@type\":\"ImageObject\",\"inLanguage\":\"en-US\",\"@id\":\"https:\/\/hairtastic.se\/en\/#\/schema\/logo\/image\/\",\"url\":\"https:\/\/hairtastic.se\/wp-content\/uploads\/2015\/12\/logo.jpg\",\"contentUrl\":\"https:\/\/hairtastic.se\/wp-content\/uploads\/2015\/12\/logo.jpg\",\"width\":235,\"height\":59,\"caption\":\"Hairtastic\"},\"image\":{\"@id\":\"https:\/\/hairtastic.se\/en\/#\/schema\/logo\/image\/\"},\"sameAs\":[\"https:\/\/www.facebook.com\/Hairtastic-663755403684614\/\",\"https:\/\/www.instagram.com\/hairtasticab\/-566646813447362\"]}]}<\/script>\n<meta property=\"product:price:amount\" content=\"30\" \/>\n<meta property=\"product:price:currency\" content=\"USD\" \/>\n<meta property=\"og:availability\" content=\"instock\" \/>\n<meta property=\"product:availability\" content=\"instock\" \/>\n<meta property=\"product:condition\" content=\"new\" \/>\n<!-- \/ Yoast SEO Premium plugin. -->","yoast_head_json":{"title":"Hairtastic 3 pack Haircare - Hairtastic","robots":{"index":"index","follow":"follow","max-snippet":"max-snippet:-1","max-image-preview":"max-image-preview:large","max-video-preview":"max-video-preview:-1"},"canonical":"https:\/\/hairtastic.se\/en\/produkt\/hairtastic-3-pack-haircare\/","og_locale":"en_US","og_type":"article","og_title":"Hairtastic 3 pack Haircare","og_description":"Hairtastic 3 pack Haircare Three bottles of what you need to take care of your hair extensions in the best way possible. Leave in conditioner for hair extensions is the key to the perfect result. The conditioner gently stretches the lengths while protecting the hair from heat. Apply in wet hair and should never be [&hellip;]","og_url":"https:\/\/hairtastic.se\/en\/produkt\/hairtastic-3-pack-haircare\/","og_site_name":"Hairtastic","article_publisher":"https:\/\/www.facebook.com\/Hairtastic-663755403684614\/","article_modified_time":"2020-12-01T22:00:15+00:00","og_image":[{"width":750,"height":730,"url":"https:\/\/hairtastic.se\/wp-content\/uploads\/2016\/06\/thumbnail_Ha\u030arva\u030ardsprodukter.jpg","type":"image\/jpeg"}],"twitter_misc":{"Price":"&#36;30","Availability":"In stock"},"schema":{"@context":"https:\/\/schema.org","@graph":[{"@type":"WebPage","@id":"https:\/\/hairtastic.se\/en\/produkt\/hairtastic-3-pack-haircare\/","url":"https:\/\/hairtastic.se\/en\/produkt\/hairtastic-3-pack-haircare\/","name":"Hairtastic 3 pack Haircare - Hairtastic","isPartOf":{"@id":"https:\/\/hairtastic.se\/en\/#website"},"primaryImageOfPage":{"@id":"https:\/\/hairtastic.se\/en\/produkt\/hairtastic-3-pack-haircare\/#primaryimage"},"image":{"@id":"https:\/\/hairtastic.se\/en\/produkt\/hairtastic-3-pack-haircare\/#primaryimage"},"thumbnailUrl":"https:\/\/hairtastic.se\/wp-content\/uploads\/2016\/06\/thumbnail_Ha\u030arva\u030ardsprodukter.jpg","datePublished":"2016-06-17T19:19:55+00:00","dateModified":"2020-12-01T22:00:15+00:00","breadcrumb":{"@id":"https:\/\/hairtastic.se\/en\/produkt\/hairtastic-3-pack-haircare\/#breadcrumb"},"inLanguage":"en-US","potentialAction":[{"@type":"ReadAction","target":["https:\/\/hairtastic.se\/en\/produkt\/hairtastic-3-pack-haircare\/"]}]},{"@type":"ImageObject","inLanguage":"en-US","@id":"https:\/\/hairtastic.se\/en\/produkt\/hairtastic-3-pack-haircare\/#primaryimage","url":"https:\/\/hairtastic.se\/wp-content\/uploads\/2016\/06\/thumbnail_Ha\u030arva\u030ardsprodukter.jpg","contentUrl":"https:\/\/hairtastic.se\/wp-content\/uploads\/2016\/06\/thumbnail_Ha\u030arva\u030ardsprodukter.jpg","width":750,"height":730},{"@type":"BreadcrumbList","@id":"https:\/\/hairtastic.se\/en\/produkt\/hairtastic-3-pack-haircare\/#breadcrumb","itemListElement":[{"@type":"ListItem","position":1,"name":"Hem","item":"https:\/\/hairtastic.se\/en\/"},{"@type":"ListItem","position":2,"name":"Shop","item":"https:\/\/hairtastic.se\/shop\/"},{"@type":"ListItem","position":3,"name":"Hairtastic 3 pack Haircare"}]},{"@type":"WebSite","@id":"https:\/\/hairtastic.se\/en\/#website","url":"https:\/\/hairtastic.se\/en\/","name":"Hairtastic","description":"\u00c4kta l\u00f6sh\u00e5r med kvalit\u00e9 som h\u00e5ller l\u00e4ngre","publisher":{"@id":"https:\/\/hairtastic.se\/en\/#organization"},"potentialAction":[{"@type":"SearchAction","target":{"@type":"EntryPoint","urlTemplate":"https:\/\/hairtastic.se\/en\/?s={search_term_string}"},"query-input":{"@type":"PropertyValueSpecification","valueRequired":true,"valueName":"search_term_string"}}],"inLanguage":"en-US"},{"@type":"Organization","@id":"https:\/\/hairtastic.se\/en\/#organization","name":"Hairtastic","url":"https:\/\/hairtastic.se\/en\/","logo":{"@type":"ImageObject","inLanguage":"en-US","@id":"https:\/\/hairtastic.se\/en\/#\/schema\/logo\/image\/","url":"https:\/\/hairtastic.se\/wp-content\/uploads\/2015\/12\/logo.jpg","contentUrl":"https:\/\/hairtastic.se\/wp-content\/uploads\/2015\/12\/logo.jpg","width":235,"height":59,"caption":"Hairtastic"},"image":{"@id":"https:\/\/hairtastic.se\/en\/#\/schema\/logo\/image\/"},"sameAs":["https:\/\/www.facebook.com\/Hairtastic-663755403684614\/","https:\/\/www.instagram.com\/hairtasticab\/-566646813447362"]}]},"product_price_amount":"30","product_price_currency":"USD","og_availability":"instock","product_availability":"instock","product_condition":"new"},"_links":{"self":[{"href":"https:\/\/hairtastic.se\/en\/wp-json\/wp\/v2\/product\/13968","targetHints":{"allow":["GET"]}}],"collection":[{"href":"https:\/\/hairtastic.se\/en\/wp-json\/wp\/v2\/product"}],"about":[{"href":"https:\/\/hairtastic.se\/en\/wp-json\/wp\/v2\/types\/product"}],"replies":[{"embeddable":true,"href":"https:\/\/hairtastic.se\/en\/wp-json\/wp\/v2\/comments?post=13968"}],"wp:featuredmedia":[{"embeddable":true,"href":"https:\/\/hairtastic.se\/en\/wp-json\/wp\/v2\/media\/13820"}],"wp:attachment":[{"href":"https:\/\/hairtastic.se\/en\/wp-json\/wp\/v2\/media?parent=13968"}],"wp:term":[{"taxonomy":"product_brand","embeddable":true,"href":"https:\/\/hairtastic.se\/en\/wp-json\/wp\/v2\/product_brand?post=13968"},{"taxonomy":"product_cat","embeddable":true,"href":"https:\/\/hairtastic.se\/en\/wp-json\/wp\/v2\/product_cat?post=13968"},{"taxonomy":"product_tag","embeddable":true,"href":"https:\/\/hairtastic.se\/en\/wp-json\/wp\/v2\/product_tag?post=13968"}],"curies":[{"name":"wp","href":"https:\/\/api.w.org\/{rel}","templated":true}]}}