{"id":13969,"date":"2016-05-21T21:21:47","date_gmt":"2016-05-21T19:21:47","guid":{"rendered":"https:\/\/hairtastic.se\/produkt\/leave-in-conditioner\/"},"modified":"2025-02-04T21:32:38","modified_gmt":"2025-02-04T20:32:38","slug":"leave-in-conditioner","status":"publish","type":"product","link":"https:\/\/hairtastic.se\/en\/produkt\/leave-in-conditioner\/","title":{"rendered":"Leave in conditioner"},"content":{"rendered":"<div>Leave in conditioner for hair extensions is the key to the perfect result.<\/div>\n<div>The conditioner gently stretches the lengths while protecting the hair from heat. Apply in wet hair and should never be rinsed out.<\/div>\n<div><\/div>\n<div>Hairtastic conditioner gives your extensions the moisture, softness and shines it needs, helping to prevent split ends and damage caused by, for example. heat styling. At the same time, it balances porosity, increases color durability and reduces the risk of static and tangled hair.<\/div>\n<div><\/div>\n<div>Spray in the middle of the hair and the tips with the nozzle at a distance of about 20 cm, comb through for better distribution, style as desired. Avoid getting the product on the keratin brackets on your loose hair.<\/div>\n<div><\/div>\n<div>All Hairtastic hair care products are adapted for hair extensions.<\/div>\n<div>This means that you take care of your hair extension in the best way and with the right care you can use it longer.<\/div>\n<div><\/div>\n<div>Size: 100 ml<\/div>\n","protected":false},"excerpt":{"rendered":"<p>Leave-in conditioner that provides moisture, softness, and shine.<\/p>\n<p>It helps prevent split ends and damage to your hair extensions.<\/p>\n","protected":false},"featured_media":13272,"comment_status":"open","ping_status":"closed","template":"","meta":{"_acf_changed":false,"_exactmetrics_skip_tracking":false,"_exactmetrics_sitenote_active":false,"_exactmetrics_sitenote_note":"","_exactmetrics_sitenote_category":0},"product_brand":[],"product_cat":[1406],"product_tag":[],"class_list":{"0":"post-13969","1":"product","2":"type-product","3":"status-publish","4":"has-post-thumbnail","6":"product_cat-hair-care","8":"first","9":"instock","10":"taxable","11":"shipping-taxable","12":"purchasable","13":"product-type-simple"},"acf":[],"yoast_head":"<!-- This site is optimized with the Yoast SEO Premium plugin v26.7 (Yoast SEO v26.7) - https:\/\/yoast.com\/wordpress\/plugins\/seo\/ -->\n<title>Leave in conditioner - Hairtastic<\/title>\n<meta name=\"robots\" content=\"index, follow, max-snippet:-1, max-image-preview:large, max-video-preview:-1\" \/>\n<link rel=\"canonical\" href=\"https:\/\/hairtastic.se\/en\/produkt\/leave-in-conditioner\/\" \/>\n<meta property=\"og:locale\" content=\"en_US\" \/>\n<meta property=\"og:type\" content=\"article\" \/>\n<meta property=\"og:title\" content=\"Leave in conditioner\" \/>\n<meta property=\"og:description\" content=\"Leave-in conditioner that provides moisture, softness, and shine.  It helps prevent split ends and damage to your hair extensions.\" \/>\n<meta property=\"og:url\" content=\"https:\/\/hairtastic.se\/en\/produkt\/leave-in-conditioner\/\" \/>\n<meta property=\"og:site_name\" content=\"Hairtastic\" \/>\n<meta property=\"article:publisher\" content=\"https:\/\/www.facebook.com\/Hairtastic-663755403684614\/\" \/>\n<meta property=\"article:modified_time\" content=\"2025-02-04T20:32:38+00:00\" \/>\n<meta property=\"og:image\" content=\"https:\/\/hairtastic.se\/wp-content\/uploads\/2016\/05\/Conditioner_Spray_Hairtasticjpg.jpg\" \/>\n\t<meta property=\"og:image:width\" content=\"745\" \/>\n\t<meta property=\"og:image:height\" content=\"740\" \/>\n\t<meta property=\"og:image:type\" content=\"image\/jpeg\" \/>\n<meta name=\"twitter:label1\" content=\"Price\" \/>\n\t<meta name=\"twitter:data1\" content=\"&#036;11\" \/>\n\t<meta name=\"twitter:label2\" content=\"Availability\" \/>\n\t<meta name=\"twitter:data2\" content=\"In stock\" \/>\n<script type=\"application\/ld+json\" class=\"yoast-schema-graph\">{\"@context\":\"https:\/\/schema.org\",\"@graph\":[{\"@type\":\"WebPage\",\"@id\":\"https:\/\/hairtastic.se\/en\/produkt\/leave-in-conditioner\/\",\"url\":\"https:\/\/hairtastic.se\/en\/produkt\/leave-in-conditioner\/\",\"name\":\"Leave in conditioner - Hairtastic\",\"isPartOf\":{\"@id\":\"https:\/\/hairtastic.se\/en\/#website\"},\"primaryImageOfPage\":{\"@id\":\"https:\/\/hairtastic.se\/en\/produkt\/leave-in-conditioner\/#primaryimage\"},\"image\":{\"@id\":\"https:\/\/hairtastic.se\/en\/produkt\/leave-in-conditioner\/#primaryimage\"},\"thumbnailUrl\":\"https:\/\/hairtastic.se\/wp-content\/uploads\/2016\/05\/Conditioner_Spray_Hairtasticjpg.jpg\",\"datePublished\":\"2016-05-21T19:21:47+00:00\",\"dateModified\":\"2025-02-04T20:32:38+00:00\",\"breadcrumb\":{\"@id\":\"https:\/\/hairtastic.se\/en\/produkt\/leave-in-conditioner\/#breadcrumb\"},\"inLanguage\":\"en-US\",\"potentialAction\":[{\"@type\":\"ReadAction\",\"target\":[\"https:\/\/hairtastic.se\/en\/produkt\/leave-in-conditioner\/\"]}]},{\"@type\":\"ImageObject\",\"inLanguage\":\"en-US\",\"@id\":\"https:\/\/hairtastic.se\/en\/produkt\/leave-in-conditioner\/#primaryimage\",\"url\":\"https:\/\/hairtastic.se\/wp-content\/uploads\/2016\/05\/Conditioner_Spray_Hairtasticjpg.jpg\",\"contentUrl\":\"https:\/\/hairtastic.se\/wp-content\/uploads\/2016\/05\/Conditioner_Spray_Hairtasticjpg.jpg\",\"width\":745,\"height\":740,\"caption\":\"Balsam och h\u00e5rv\u00e5rd f\u00f6r l\u00f6sh\u00e5r\"},{\"@type\":\"BreadcrumbList\",\"@id\":\"https:\/\/hairtastic.se\/en\/produkt\/leave-in-conditioner\/#breadcrumb\",\"itemListElement\":[{\"@type\":\"ListItem\",\"position\":1,\"name\":\"Hem\",\"item\":\"https:\/\/hairtastic.se\/en\/\"},{\"@type\":\"ListItem\",\"position\":2,\"name\":\"Shop\",\"item\":\"https:\/\/hairtastic.se\/shop\/\"},{\"@type\":\"ListItem\",\"position\":3,\"name\":\"Leave in conditioner\"}]},{\"@type\":\"WebSite\",\"@id\":\"https:\/\/hairtastic.se\/en\/#website\",\"url\":\"https:\/\/hairtastic.se\/en\/\",\"name\":\"Hairtastic\",\"description\":\"\u00c4kta l\u00f6sh\u00e5r med kvalit\u00e9 som h\u00e5ller l\u00e4ngre\",\"publisher\":{\"@id\":\"https:\/\/hairtastic.se\/en\/#organization\"},\"potentialAction\":[{\"@type\":\"SearchAction\",\"target\":{\"@type\":\"EntryPoint\",\"urlTemplate\":\"https:\/\/hairtastic.se\/en\/?s={search_term_string}\"},\"query-input\":{\"@type\":\"PropertyValueSpecification\",\"valueRequired\":true,\"valueName\":\"search_term_string\"}}],\"inLanguage\":\"en-US\"},{\"@type\":\"Organization\",\"@id\":\"https:\/\/hairtastic.se\/en\/#organization\",\"name\":\"Hairtastic\",\"url\":\"https:\/\/hairtastic.se\/en\/\",\"logo\":{\"@type\":\"ImageObject\",\"inLanguage\":\"en-US\",\"@id\":\"https:\/\/hairtastic.se\/en\/#\/schema\/logo\/image\/\",\"url\":\"https:\/\/hairtastic.se\/wp-content\/uploads\/2015\/12\/logo.jpg\",\"contentUrl\":\"https:\/\/hairtastic.se\/wp-content\/uploads\/2015\/12\/logo.jpg\",\"width\":235,\"height\":59,\"caption\":\"Hairtastic\"},\"image\":{\"@id\":\"https:\/\/hairtastic.se\/en\/#\/schema\/logo\/image\/\"},\"sameAs\":[\"https:\/\/www.facebook.com\/Hairtastic-663755403684614\/\",\"https:\/\/www.instagram.com\/hairtasticab\/-566646813447362\"]}]}<\/script>\n<meta property=\"product:price:amount\" content=\"11\" \/>\n<meta property=\"product:price:currency\" content=\"USD\" \/>\n<meta property=\"og:availability\" content=\"instock\" \/>\n<meta property=\"product:availability\" content=\"instock\" \/>\n<meta property=\"product:condition\" content=\"new\" \/>\n<!-- \/ Yoast SEO Premium plugin. -->","yoast_head_json":{"title":"Leave in conditioner - Hairtastic","robots":{"index":"index","follow":"follow","max-snippet":"max-snippet:-1","max-image-preview":"max-image-preview:large","max-video-preview":"max-video-preview:-1"},"canonical":"https:\/\/hairtastic.se\/en\/produkt\/leave-in-conditioner\/","og_locale":"en_US","og_type":"article","og_title":"Leave in conditioner","og_description":"Leave-in conditioner that provides moisture, softness, and shine.  It helps prevent split ends and damage to your hair extensions.","og_url":"https:\/\/hairtastic.se\/en\/produkt\/leave-in-conditioner\/","og_site_name":"Hairtastic","article_publisher":"https:\/\/www.facebook.com\/Hairtastic-663755403684614\/","article_modified_time":"2025-02-04T20:32:38+00:00","og_image":[{"width":745,"height":740,"url":"https:\/\/hairtastic.se\/wp-content\/uploads\/2016\/05\/Conditioner_Spray_Hairtasticjpg.jpg","type":"image\/jpeg"}],"twitter_misc":{"Price":"&#36;11","Availability":"In stock"},"schema":{"@context":"https:\/\/schema.org","@graph":[{"@type":"WebPage","@id":"https:\/\/hairtastic.se\/en\/produkt\/leave-in-conditioner\/","url":"https:\/\/hairtastic.se\/en\/produkt\/leave-in-conditioner\/","name":"Leave in conditioner - Hairtastic","isPartOf":{"@id":"https:\/\/hairtastic.se\/en\/#website"},"primaryImageOfPage":{"@id":"https:\/\/hairtastic.se\/en\/produkt\/leave-in-conditioner\/#primaryimage"},"image":{"@id":"https:\/\/hairtastic.se\/en\/produkt\/leave-in-conditioner\/#primaryimage"},"thumbnailUrl":"https:\/\/hairtastic.se\/wp-content\/uploads\/2016\/05\/Conditioner_Spray_Hairtasticjpg.jpg","datePublished":"2016-05-21T19:21:47+00:00","dateModified":"2025-02-04T20:32:38+00:00","breadcrumb":{"@id":"https:\/\/hairtastic.se\/en\/produkt\/leave-in-conditioner\/#breadcrumb"},"inLanguage":"en-US","potentialAction":[{"@type":"ReadAction","target":["https:\/\/hairtastic.se\/en\/produkt\/leave-in-conditioner\/"]}]},{"@type":"ImageObject","inLanguage":"en-US","@id":"https:\/\/hairtastic.se\/en\/produkt\/leave-in-conditioner\/#primaryimage","url":"https:\/\/hairtastic.se\/wp-content\/uploads\/2016\/05\/Conditioner_Spray_Hairtasticjpg.jpg","contentUrl":"https:\/\/hairtastic.se\/wp-content\/uploads\/2016\/05\/Conditioner_Spray_Hairtasticjpg.jpg","width":745,"height":740,"caption":"Balsam och h\u00e5rv\u00e5rd f\u00f6r l\u00f6sh\u00e5r"},{"@type":"BreadcrumbList","@id":"https:\/\/hairtastic.se\/en\/produkt\/leave-in-conditioner\/#breadcrumb","itemListElement":[{"@type":"ListItem","position":1,"name":"Hem","item":"https:\/\/hairtastic.se\/en\/"},{"@type":"ListItem","position":2,"name":"Shop","item":"https:\/\/hairtastic.se\/shop\/"},{"@type":"ListItem","position":3,"name":"Leave in conditioner"}]},{"@type":"WebSite","@id":"https:\/\/hairtastic.se\/en\/#website","url":"https:\/\/hairtastic.se\/en\/","name":"Hairtastic","description":"\u00c4kta l\u00f6sh\u00e5r med kvalit\u00e9 som h\u00e5ller l\u00e4ngre","publisher":{"@id":"https:\/\/hairtastic.se\/en\/#organization"},"potentialAction":[{"@type":"SearchAction","target":{"@type":"EntryPoint","urlTemplate":"https:\/\/hairtastic.se\/en\/?s={search_term_string}"},"query-input":{"@type":"PropertyValueSpecification","valueRequired":true,"valueName":"search_term_string"}}],"inLanguage":"en-US"},{"@type":"Organization","@id":"https:\/\/hairtastic.se\/en\/#organization","name":"Hairtastic","url":"https:\/\/hairtastic.se\/en\/","logo":{"@type":"ImageObject","inLanguage":"en-US","@id":"https:\/\/hairtastic.se\/en\/#\/schema\/logo\/image\/","url":"https:\/\/hairtastic.se\/wp-content\/uploads\/2015\/12\/logo.jpg","contentUrl":"https:\/\/hairtastic.se\/wp-content\/uploads\/2015\/12\/logo.jpg","width":235,"height":59,"caption":"Hairtastic"},"image":{"@id":"https:\/\/hairtastic.se\/en\/#\/schema\/logo\/image\/"},"sameAs":["https:\/\/www.facebook.com\/Hairtastic-663755403684614\/","https:\/\/www.instagram.com\/hairtasticab\/-566646813447362"]}]},"product_price_amount":"11","product_price_currency":"USD","og_availability":"instock","product_availability":"instock","product_condition":"new"},"_links":{"self":[{"href":"https:\/\/hairtastic.se\/en\/wp-json\/wp\/v2\/product\/13969","targetHints":{"allow":["GET"]}}],"collection":[{"href":"https:\/\/hairtastic.se\/en\/wp-json\/wp\/v2\/product"}],"about":[{"href":"https:\/\/hairtastic.se\/en\/wp-json\/wp\/v2\/types\/product"}],"replies":[{"embeddable":true,"href":"https:\/\/hairtastic.se\/en\/wp-json\/wp\/v2\/comments?post=13969"}],"wp:featuredmedia":[{"embeddable":true,"href":"https:\/\/hairtastic.se\/en\/wp-json\/wp\/v2\/media\/13272"}],"wp:attachment":[{"href":"https:\/\/hairtastic.se\/en\/wp-json\/wp\/v2\/media?parent=13969"}],"wp:term":[{"taxonomy":"product_brand","embeddable":true,"href":"https:\/\/hairtastic.se\/en\/wp-json\/wp\/v2\/product_brand?post=13969"},{"taxonomy":"product_cat","embeddable":true,"href":"https:\/\/hairtastic.se\/en\/wp-json\/wp\/v2\/product_cat?post=13969"},{"taxonomy":"product_tag","embeddable":true,"href":"https:\/\/hairtastic.se\/en\/wp-json\/wp\/v2\/product_tag?post=13969"}],"curies":[{"name":"wp","href":"https:\/\/api.w.org\/{rel}","templated":true}]}}