{"id":32180,"date":"2020-08-11T20:29:40","date_gmt":"2020-08-11T18:29:40","guid":{"rendered":"https:\/\/hairtastic.se\/produkt\/hairtastic-hairband\/"},"modified":"2023-11-27T23:00:38","modified_gmt":"2023-11-27T22:00:38","slug":"hairtastic-hairband","status":"publish","type":"product","link":"https:\/\/hairtastic.se\/en\/produkt\/hairtastic-hairband\/","title":{"rendered":"Hairtastic Hairband"},"content":{"rendered":"<p>With Hairband, you can get both longer and fuller results in just a short time, without straining your own hair.<\/p>\n<p>It is easy to insert and remove and is perfect to use on occasions when you feel like getting a little extra fullness and length.<\/p>\n<h2>What is Hairband?<\/h2>\n<p>This corresponds to a full hair extension that is easily put on with a transparent rope and that you dress like a hair band. A Hairband works just like regular Hairtastic hair extensions.<\/p>\n<p>You can wash and style your hair just the way you want.<\/p>\n<p>&nbsp;<\/p>\n<h2>Content<\/h2>\n<p>Length: 50cm<\/p>\n<p>Weight: 100 gram<\/p>\n<p>4 sewn-on clips<\/p>\n<p>&nbsp;<\/p>\n<h2>Use of product<\/h2>\n<ul>\n<li>Adjust the line to fit your head size<\/li>\n<li>Fasten the line with pliers so that it is firmly attached<\/li>\n<li>Section up your top hair and then hang it on your hair band just like a regular hair band<\/li>\n<li>Then drop your top hair<\/li>\n<li>Then style your hair as you wish<\/li>\n<\/ul>\n<p>&nbsp;<\/p>\n<p><img loading=\"lazy\" decoding=\"async\" class=\"alignnone wp-image-29555 size-large\" src=\"https:\/\/hairtastic.se\/wp-content\/uploads\/2020\/08\/IMG-7376-1024x1017.jpg\" alt=\"\" width=\"640\" height=\"636\" srcset=\"https:\/\/hairtastic.se\/wp-content\/uploads\/2020\/08\/IMG-7376-1024x1017.jpg 1024w, https:\/\/hairtastic.se\/wp-content\/uploads\/2020\/08\/IMG-7376-300x298.jpg 300w, https:\/\/hairtastic.se\/wp-content\/uploads\/2020\/08\/IMG-7376-150x150.jpg 150w, https:\/\/hairtastic.se\/wp-content\/uploads\/2020\/08\/IMG-7376-768x762.jpg 768w, https:\/\/hairtastic.se\/wp-content\/uploads\/2020\/08\/IMG-7376-640x635.jpg 640w, https:\/\/hairtastic.se\/wp-content\/uploads\/2020\/08\/IMG-7376-100x100.jpg 100w, https:\/\/hairtastic.se\/wp-content\/uploads\/2020\/08\/IMG-7376-64x64.jpg 64w, https:\/\/hairtastic.se\/wp-content\/uploads\/2020\/08\/IMG-7376-180x180.jpg 180w, https:\/\/hairtastic.se\/wp-content\/uploads\/2020\/08\/IMG-7376.jpg 1242w\" sizes=\"auto, (max-width: 640px) 100vw, 640px\" \/> <img loading=\"lazy\" decoding=\"async\" class=\"alignnone size-large wp-image-29557\" src=\"https:\/\/hairtastic.se\/wp-content\/uploads\/2020\/08\/IMG-7373-779x1024.jpg\" alt=\"\" width=\"640\" height=\"841\" srcset=\"https:\/\/hairtastic.se\/wp-content\/uploads\/2020\/08\/IMG-7373-779x1024.jpg 779w, https:\/\/hairtastic.se\/wp-content\/uploads\/2020\/08\/IMG-7373-228x300.jpg 228w, https:\/\/hairtastic.se\/wp-content\/uploads\/2020\/08\/IMG-7373-768x1009.jpg 768w, https:\/\/hairtastic.se\/wp-content\/uploads\/2020\/08\/IMG-7373-1169x1536.jpg 1169w, https:\/\/hairtastic.se\/wp-content\/uploads\/2020\/08\/IMG-7373-640x841.jpg 640w, https:\/\/hairtastic.se\/wp-content\/uploads\/2020\/08\/IMG-7373-64x84.jpg 64w, https:\/\/hairtastic.se\/wp-content\/uploads\/2020\/08\/IMG-7373.jpg 1241w\" sizes=\"auto, (max-width: 640px) 100vw, 640px\" \/><\/p>\n","protected":false},"excerpt":{"rendered":"<p>With Hairband, you can get both longer and fuller results in just a short time, without straining your own hair. It is easy to insert and remove and is perfect to use on occasions when you feel like getting a little extra fullness and length. What is Hairband? This corresponds to a full hair extension [&hellip;]<\/p>\n","protected":false},"featured_media":29353,"comment_status":"open","ping_status":"closed","template":"","meta":{"_acf_changed":false,"_exactmetrics_skip_tracking":false,"_exactmetrics_sitenote_active":false,"_exactmetrics_sitenote_note":"","_exactmetrics_sitenote_category":0},"product_brand":[],"product_cat":[1764],"product_tag":[],"class_list":{"0":"post-32180","1":"product","2":"type-product","3":"status-publish","4":"has-post-thumbnail","6":"product_cat-hairband-en","7":"pa_valj_farg-farg-913pianobalayage-en","8":"pa_valj_farg-farg-60-balayage-2","9":"pa_valj_farg-farg-60-ash-en","11":"first","12":"instock","13":"taxable","14":"shipping-taxable","15":"purchasable","16":"product-type-variable","17":"has-default-attributes"},"acf":[],"yoast_head":"<!-- This site is optimized with the Yoast SEO Premium plugin v26.7 (Yoast SEO v26.7) - https:\/\/yoast.com\/wordpress\/plugins\/seo\/ -->\n<title>Hairtastic Hairband - Hairtastic<\/title>\n<meta name=\"robots\" content=\"index, follow, max-snippet:-1, max-image-preview:large, max-video-preview:-1\" \/>\n<link rel=\"canonical\" href=\"https:\/\/hairtastic.se\/en\/produkt\/hairtastic-hairband\/\" \/>\n<meta property=\"og:locale\" content=\"en_US\" \/>\n<meta property=\"og:type\" content=\"article\" \/>\n<meta property=\"og:title\" content=\"Hairtastic Hairband\" \/>\n<meta property=\"og:description\" content=\"With Hairband, you can get both longer and fuller results in just a short time, without straining your own hair. It is easy to insert and remove and is perfect to use on occasions when you feel like getting a little extra fullness and length. What is Hairband? This corresponds to a full hair extension [&hellip;]\" \/>\n<meta property=\"og:url\" content=\"https:\/\/hairtastic.se\/en\/produkt\/hairtastic-hairband\/\" \/>\n<meta property=\"og:site_name\" content=\"Hairtastic\" \/>\n<meta property=\"article:publisher\" content=\"https:\/\/www.facebook.com\/Hairtastic-663755403684614\/\" \/>\n<meta property=\"article:modified_time\" content=\"2023-11-27T22:00:38+00:00\" \/>\n<meta property=\"og:image\" content=\"https:\/\/hairtastic.se\/wp-content\/uploads\/2020\/08\/AF3C0440-B3B1-453D-833D-88426615C919.jpg\" \/>\n\t<meta property=\"og:image:width\" content=\"2048\" \/>\n\t<meta property=\"og:image:height\" content=\"2048\" \/>\n\t<meta property=\"og:image:type\" content=\"image\/jpeg\" \/>\n<meta name=\"twitter:label1\" content=\"Availability\" \/>\n\t<meta name=\"twitter:data1\" content=\"In stock\" \/>\n<script type=\"application\/ld+json\" class=\"yoast-schema-graph\">{\"@context\":\"https:\/\/schema.org\",\"@graph\":[{\"@type\":\"WebPage\",\"@id\":\"https:\/\/hairtastic.se\/en\/produkt\/hairtastic-hairband\/\",\"url\":\"https:\/\/hairtastic.se\/en\/produkt\/hairtastic-hairband\/\",\"name\":\"Hairtastic Hairband - Hairtastic\",\"isPartOf\":{\"@id\":\"https:\/\/hairtastic.se\/en\/#website\"},\"primaryImageOfPage\":{\"@id\":\"https:\/\/hairtastic.se\/en\/produkt\/hairtastic-hairband\/#primaryimage\"},\"image\":{\"@id\":\"https:\/\/hairtastic.se\/en\/produkt\/hairtastic-hairband\/#primaryimage\"},\"thumbnailUrl\":\"https:\/\/hairtastic.se\/wp-content\/uploads\/2020\/08\/AF3C0440-B3B1-453D-833D-88426615C919.jpg\",\"datePublished\":\"2020-08-11T18:29:40+00:00\",\"dateModified\":\"2023-11-27T22:00:38+00:00\",\"breadcrumb\":{\"@id\":\"https:\/\/hairtastic.se\/en\/produkt\/hairtastic-hairband\/#breadcrumb\"},\"inLanguage\":\"en-US\",\"potentialAction\":[{\"@type\":\"ReadAction\",\"target\":[\"https:\/\/hairtastic.se\/en\/produkt\/hairtastic-hairband\/\"]}]},{\"@type\":\"ImageObject\",\"inLanguage\":\"en-US\",\"@id\":\"https:\/\/hairtastic.se\/en\/produkt\/hairtastic-hairband\/#primaryimage\",\"url\":\"https:\/\/hairtastic.se\/wp-content\/uploads\/2020\/08\/AF3C0440-B3B1-453D-833D-88426615C919.jpg\",\"contentUrl\":\"https:\/\/hairtastic.se\/wp-content\/uploads\/2020\/08\/AF3C0440-B3B1-453D-833D-88426615C919.jpg\",\"width\":2048,\"height\":2048},{\"@type\":\"BreadcrumbList\",\"@id\":\"https:\/\/hairtastic.se\/en\/produkt\/hairtastic-hairband\/#breadcrumb\",\"itemListElement\":[{\"@type\":\"ListItem\",\"position\":1,\"name\":\"Hem\",\"item\":\"https:\/\/hairtastic.se\/en\/\"},{\"@type\":\"ListItem\",\"position\":2,\"name\":\"Shop\",\"item\":\"https:\/\/hairtastic.se\/shop\/\"},{\"@type\":\"ListItem\",\"position\":3,\"name\":\"Hairtastic Hairband\"}]},{\"@type\":\"WebSite\",\"@id\":\"https:\/\/hairtastic.se\/en\/#website\",\"url\":\"https:\/\/hairtastic.se\/en\/\",\"name\":\"Hairtastic\",\"description\":\"\u00c4kta l\u00f6sh\u00e5r med kvalit\u00e9 som h\u00e5ller l\u00e4ngre\",\"publisher\":{\"@id\":\"https:\/\/hairtastic.se\/en\/#organization\"},\"potentialAction\":[{\"@type\":\"SearchAction\",\"target\":{\"@type\":\"EntryPoint\",\"urlTemplate\":\"https:\/\/hairtastic.se\/en\/?s={search_term_string}\"},\"query-input\":{\"@type\":\"PropertyValueSpecification\",\"valueRequired\":true,\"valueName\":\"search_term_string\"}}],\"inLanguage\":\"en-US\"},{\"@type\":\"Organization\",\"@id\":\"https:\/\/hairtastic.se\/en\/#organization\",\"name\":\"Hairtastic\",\"url\":\"https:\/\/hairtastic.se\/en\/\",\"logo\":{\"@type\":\"ImageObject\",\"inLanguage\":\"en-US\",\"@id\":\"https:\/\/hairtastic.se\/en\/#\/schema\/logo\/image\/\",\"url\":\"https:\/\/hairtastic.se\/wp-content\/uploads\/2015\/12\/logo.jpg\",\"contentUrl\":\"https:\/\/hairtastic.se\/wp-content\/uploads\/2015\/12\/logo.jpg\",\"width\":235,\"height\":59,\"caption\":\"Hairtastic\"},\"image\":{\"@id\":\"https:\/\/hairtastic.se\/en\/#\/schema\/logo\/image\/\"},\"sameAs\":[\"https:\/\/www.facebook.com\/Hairtastic-663755403684614\/\",\"https:\/\/www.instagram.com\/hairtasticab\/-566646813447362\"]}]}<\/script>\n<meta property=\"og:availability\" content=\"instock\" \/>\n<meta property=\"product:availability\" content=\"instock\" \/>\n<meta property=\"product:retailer_item_id\" content=\"HT-HB\" \/>\n<meta property=\"product:condition\" content=\"new\" \/>\n<!-- \/ Yoast SEO Premium plugin. -->","yoast_head_json":{"title":"Hairtastic Hairband - Hairtastic","robots":{"index":"index","follow":"follow","max-snippet":"max-snippet:-1","max-image-preview":"max-image-preview:large","max-video-preview":"max-video-preview:-1"},"canonical":"https:\/\/hairtastic.se\/en\/produkt\/hairtastic-hairband\/","og_locale":"en_US","og_type":"article","og_title":"Hairtastic Hairband","og_description":"With Hairband, you can get both longer and fuller results in just a short time, without straining your own hair. It is easy to insert and remove and is perfect to use on occasions when you feel like getting a little extra fullness and length. What is Hairband? This corresponds to a full hair extension [&hellip;]","og_url":"https:\/\/hairtastic.se\/en\/produkt\/hairtastic-hairband\/","og_site_name":"Hairtastic","article_publisher":"https:\/\/www.facebook.com\/Hairtastic-663755403684614\/","article_modified_time":"2023-11-27T22:00:38+00:00","og_image":[{"width":2048,"height":2048,"url":"https:\/\/hairtastic.se\/wp-content\/uploads\/2020\/08\/AF3C0440-B3B1-453D-833D-88426615C919.jpg","type":"image\/jpeg"}],"twitter_misc":{"Availability":"In stock"},"schema":{"@context":"https:\/\/schema.org","@graph":[{"@type":"WebPage","@id":"https:\/\/hairtastic.se\/en\/produkt\/hairtastic-hairband\/","url":"https:\/\/hairtastic.se\/en\/produkt\/hairtastic-hairband\/","name":"Hairtastic Hairband - Hairtastic","isPartOf":{"@id":"https:\/\/hairtastic.se\/en\/#website"},"primaryImageOfPage":{"@id":"https:\/\/hairtastic.se\/en\/produkt\/hairtastic-hairband\/#primaryimage"},"image":{"@id":"https:\/\/hairtastic.se\/en\/produkt\/hairtastic-hairband\/#primaryimage"},"thumbnailUrl":"https:\/\/hairtastic.se\/wp-content\/uploads\/2020\/08\/AF3C0440-B3B1-453D-833D-88426615C919.jpg","datePublished":"2020-08-11T18:29:40+00:00","dateModified":"2023-11-27T22:00:38+00:00","breadcrumb":{"@id":"https:\/\/hairtastic.se\/en\/produkt\/hairtastic-hairband\/#breadcrumb"},"inLanguage":"en-US","potentialAction":[{"@type":"ReadAction","target":["https:\/\/hairtastic.se\/en\/produkt\/hairtastic-hairband\/"]}]},{"@type":"ImageObject","inLanguage":"en-US","@id":"https:\/\/hairtastic.se\/en\/produkt\/hairtastic-hairband\/#primaryimage","url":"https:\/\/hairtastic.se\/wp-content\/uploads\/2020\/08\/AF3C0440-B3B1-453D-833D-88426615C919.jpg","contentUrl":"https:\/\/hairtastic.se\/wp-content\/uploads\/2020\/08\/AF3C0440-B3B1-453D-833D-88426615C919.jpg","width":2048,"height":2048},{"@type":"BreadcrumbList","@id":"https:\/\/hairtastic.se\/en\/produkt\/hairtastic-hairband\/#breadcrumb","itemListElement":[{"@type":"ListItem","position":1,"name":"Hem","item":"https:\/\/hairtastic.se\/en\/"},{"@type":"ListItem","position":2,"name":"Shop","item":"https:\/\/hairtastic.se\/shop\/"},{"@type":"ListItem","position":3,"name":"Hairtastic Hairband"}]},{"@type":"WebSite","@id":"https:\/\/hairtastic.se\/en\/#website","url":"https:\/\/hairtastic.se\/en\/","name":"Hairtastic","description":"\u00c4kta l\u00f6sh\u00e5r med kvalit\u00e9 som h\u00e5ller l\u00e4ngre","publisher":{"@id":"https:\/\/hairtastic.se\/en\/#organization"},"potentialAction":[{"@type":"SearchAction","target":{"@type":"EntryPoint","urlTemplate":"https:\/\/hairtastic.se\/en\/?s={search_term_string}"},"query-input":{"@type":"PropertyValueSpecification","valueRequired":true,"valueName":"search_term_string"}}],"inLanguage":"en-US"},{"@type":"Organization","@id":"https:\/\/hairtastic.se\/en\/#organization","name":"Hairtastic","url":"https:\/\/hairtastic.se\/en\/","logo":{"@type":"ImageObject","inLanguage":"en-US","@id":"https:\/\/hairtastic.se\/en\/#\/schema\/logo\/image\/","url":"https:\/\/hairtastic.se\/wp-content\/uploads\/2015\/12\/logo.jpg","contentUrl":"https:\/\/hairtastic.se\/wp-content\/uploads\/2015\/12\/logo.jpg","width":235,"height":59,"caption":"Hairtastic"},"image":{"@id":"https:\/\/hairtastic.se\/en\/#\/schema\/logo\/image\/"},"sameAs":["https:\/\/www.facebook.com\/Hairtastic-663755403684614\/","https:\/\/www.instagram.com\/hairtasticab\/-566646813447362"]}]},"og_availability":"instock","product_availability":"instock","product_retailer_item_id":"HT-HB","product_condition":"new"},"_links":{"self":[{"href":"https:\/\/hairtastic.se\/en\/wp-json\/wp\/v2\/product\/32180","targetHints":{"allow":["GET"]}}],"collection":[{"href":"https:\/\/hairtastic.se\/en\/wp-json\/wp\/v2\/product"}],"about":[{"href":"https:\/\/hairtastic.se\/en\/wp-json\/wp\/v2\/types\/product"}],"replies":[{"embeddable":true,"href":"https:\/\/hairtastic.se\/en\/wp-json\/wp\/v2\/comments?post=32180"}],"wp:featuredmedia":[{"embeddable":true,"href":"https:\/\/hairtastic.se\/en\/wp-json\/wp\/v2\/media\/29353"}],"wp:attachment":[{"href":"https:\/\/hairtastic.se\/en\/wp-json\/wp\/v2\/media?parent=32180"}],"wp:term":[{"taxonomy":"product_brand","embeddable":true,"href":"https:\/\/hairtastic.se\/en\/wp-json\/wp\/v2\/product_brand?post=32180"},{"taxonomy":"product_cat","embeddable":true,"href":"https:\/\/hairtastic.se\/en\/wp-json\/wp\/v2\/product_cat?post=32180"},{"taxonomy":"product_tag","embeddable":true,"href":"https:\/\/hairtastic.se\/en\/wp-json\/wp\/v2\/product_tag?post=32180"}],"curies":[{"name":"wp","href":"https:\/\/api.w.org\/{rel}","templated":true}]}}