{"id":60854,"date":"2023-12-17T11:34:13","date_gmt":"2023-12-17T10:34:13","guid":{"rendered":"https:\/\/hairtastic.se\/produkt\/tape-in-balayage-medium-blonde-50cm-outlet\/"},"modified":"2023-12-17T11:34:13","modified_gmt":"2023-12-17T10:34:13","slug":"tape-in-balayage-medium-blonde-50cm-outlet","status":"publish","type":"product","link":"https:\/\/hairtastic.se\/en\/produkt\/tape-in-balayage-medium-blonde-50cm-outlet\/","title":{"rendered":"Tape-In, Balayage Medium Blonde, 50cm (Outlet)"},"content":{"rendered":"<p>Please note: Refer to the images for an accurate representation of the color of this hair extension, available exclusively in our outlet section.<\/p>\n<p>&nbsp;<\/p>\n<p><b>Tape-in<br \/>\n<\/b>Hairtastic best seller. The natural result with great volume.<\/p>\n<p>Easy to attach, reapplication and removal for your hairstylist.<br \/>\nGentle for your own hair. Best possible quality of developed for many years.<\/p>\n<p>Take a thin veil of hair and attach a weft. Take another and squeeze like a sandwich with your own hair between.<br \/>\nOne package includes 10 wefts 2,5 g each.<\/p>\n<p>Recommendations.<br \/>\nHair thickening 1-3 packages<br \/>\nFull Hair extension 4-7 packages.<\/p>\n<p>Hairtastic Cuticle Remy Hair<br \/>\nApplication: 0.5 \u2013 1.5 hours<br \/>\nReapplication: 6-9 weeks<br \/>\nLenght :Aprox 45- 50cm\u00a0 55-60cm<\/p>\n<p>Life span: 6-12 months Cuticle Remy Hair.\u00a0 3-month warranty*<\/p>\n<p><strong>How to take care of your Tape-in\u00a0<\/strong><\/p>\n<div>When reusing your Tape-in, you also need to replace the tape in the hair wefts.<\/div>\n<div>With Hairtastic Refill Tape, you can easily reattach it.<\/div>\n<div>In order to ensure that your hair undergoes fine, fresh and light for a long time,<\/div>\n<div>it is important that you carefully wash and dry the hair extensions.<\/div>\n<div>Use moisturizing wrap and always take care of heat protection in everyday life.<\/div>\n<div>If possible, it is also good if you let your hair dry and not use a hairdryer, the heat wears a lot on the hair.<\/div>\n<div><\/div>\n<div>Because the hair has thin fasteners and soft tape.<\/div>\n<div>You can comfortably get your beauty sleep and sleep with your tape extensions.<\/div>\n<div>We always recommend that you braid your hair before going to bed, to avoid tangles and ropes in the loose hair during the night.<\/div>\n<div>If the hair tips become worn, if you wish, you can cut the loops a little to keep the hair fresh.<\/div>\n<div>Since our tape loose hair is of genuine quality, you can also flat, curl and style your hair just as you wish for your personal style.<\/div>\n<div><\/div>\n<div>You are always welcome to contact us if you have questions about loose hair tape and how to insert tape extensions.<\/div>\n","protected":false},"excerpt":{"rendered":"<p>Please note: Refer to the images for an accurate representation of the color of this hair extension, available exclusively in our outlet section. &nbsp; Tape-in Hairtastic best seller. The natural result with great volume. Easy to attach, reapplication and removal for your hairstylist. Gentle for your own hair. Best possible quality of developed for many [&hellip;]<\/p>\n","protected":false},"featured_media":60844,"comment_status":"open","ping_status":"closed","template":"","meta":{"_acf_changed":false,"_exactmetrics_skip_tracking":false,"_exactmetrics_sitenote_active":false,"_exactmetrics_sitenote_note":"","_exactmetrics_sitenote_category":0},"product_brand":[],"product_cat":[1785],"product_tag":[],"class_list":{"0":"post-60854","1":"product","2":"type-product","3":"status-publish","4":"has-post-thumbnail","6":"product_cat-outlet-en","8":"first","9":"instock","10":"sale","11":"taxable","12":"shipping-taxable","13":"purchasable","14":"product-type-simple"},"acf":[],"yoast_head":"<!-- This site is optimized with the Yoast SEO Premium plugin v26.7 (Yoast SEO v26.7) - https:\/\/yoast.com\/wordpress\/plugins\/seo\/ -->\n<title>Tape-In, Balayage Medium Blonde, 50cm (Outlet) - Hairtastic<\/title>\n<meta name=\"robots\" content=\"index, follow, max-snippet:-1, max-image-preview:large, max-video-preview:-1\" \/>\n<link rel=\"canonical\" href=\"https:\/\/hairtastic.se\/en\/produkt\/tape-in-balayage-medium-blonde-50cm-outlet\/\" \/>\n<meta property=\"og:locale\" content=\"en_US\" \/>\n<meta property=\"og:type\" content=\"article\" \/>\n<meta property=\"og:title\" content=\"Tape-In, Balayage Medium Blonde, 50cm (Outlet)\" \/>\n<meta property=\"og:description\" content=\"Please note: Refer to the images for an accurate representation of the color of this hair extension, available exclusively in our outlet section. &nbsp; Tape-in Hairtastic best seller. The natural result with great volume. Easy to attach, reapplication and removal for your hairstylist. Gentle for your own hair. Best possible quality of developed for many [&hellip;]\" \/>\n<meta property=\"og:url\" content=\"https:\/\/hairtastic.se\/en\/produkt\/tape-in-balayage-medium-blonde-50cm-outlet\/\" \/>\n<meta property=\"og:site_name\" content=\"Hairtastic\" \/>\n<meta property=\"article:publisher\" content=\"https:\/\/www.facebook.com\/Hairtastic-663755403684614\/\" \/>\n<meta property=\"og:image\" content=\"https:\/\/hairtastic.se\/wp-content\/uploads\/2023\/12\/Outlet-Tapeon-Balayage-mellanblond-50cm.jpg\" \/>\n\t<meta property=\"og:image:width\" content=\"1536\" \/>\n\t<meta property=\"og:image:height\" content=\"2048\" \/>\n\t<meta property=\"og:image:type\" content=\"image\/jpeg\" \/>\n<meta name=\"twitter:label1\" content=\"Price\" \/>\n\t<meta name=\"twitter:data1\" content=\"&#036;88\" \/>\n\t<meta name=\"twitter:label2\" content=\"Availability\" \/>\n\t<meta name=\"twitter:data2\" content=\"In stock\" \/>\n<script type=\"application\/ld+json\" class=\"yoast-schema-graph\">{\"@context\":\"https:\/\/schema.org\",\"@graph\":[{\"@type\":\"WebPage\",\"@id\":\"https:\/\/hairtastic.se\/en\/produkt\/tape-in-balayage-medium-blonde-50cm-outlet\/\",\"url\":\"https:\/\/hairtastic.se\/en\/produkt\/tape-in-balayage-medium-blonde-50cm-outlet\/\",\"name\":\"Tape-In, Balayage Medium Blonde, 50cm (Outlet) - Hairtastic\",\"isPartOf\":{\"@id\":\"https:\/\/hairtastic.se\/en\/#website\"},\"primaryImageOfPage\":{\"@id\":\"https:\/\/hairtastic.se\/en\/produkt\/tape-in-balayage-medium-blonde-50cm-outlet\/#primaryimage\"},\"image\":{\"@id\":\"https:\/\/hairtastic.se\/en\/produkt\/tape-in-balayage-medium-blonde-50cm-outlet\/#primaryimage\"},\"thumbnailUrl\":\"https:\/\/hairtastic.se\/wp-content\/uploads\/2023\/12\/Outlet-Tapeon-Balayage-mellanblond-50cm.jpg\",\"datePublished\":\"2023-12-17T10:34:13+00:00\",\"breadcrumb\":{\"@id\":\"https:\/\/hairtastic.se\/en\/produkt\/tape-in-balayage-medium-blonde-50cm-outlet\/#breadcrumb\"},\"inLanguage\":\"en-US\",\"potentialAction\":[{\"@type\":\"ReadAction\",\"target\":[\"https:\/\/hairtastic.se\/en\/produkt\/tape-in-balayage-medium-blonde-50cm-outlet\/\"]}]},{\"@type\":\"ImageObject\",\"inLanguage\":\"en-US\",\"@id\":\"https:\/\/hairtastic.se\/en\/produkt\/tape-in-balayage-medium-blonde-50cm-outlet\/#primaryimage\",\"url\":\"https:\/\/hairtastic.se\/wp-content\/uploads\/2023\/12\/Outlet-Tapeon-Balayage-mellanblond-50cm.jpg\",\"contentUrl\":\"https:\/\/hairtastic.se\/wp-content\/uploads\/2023\/12\/Outlet-Tapeon-Balayage-mellanblond-50cm.jpg\",\"width\":1536,\"height\":2048},{\"@type\":\"BreadcrumbList\",\"@id\":\"https:\/\/hairtastic.se\/en\/produkt\/tape-in-balayage-medium-blonde-50cm-outlet\/#breadcrumb\",\"itemListElement\":[{\"@type\":\"ListItem\",\"position\":1,\"name\":\"Hem\",\"item\":\"https:\/\/hairtastic.se\/en\/\"},{\"@type\":\"ListItem\",\"position\":2,\"name\":\"Shop\",\"item\":\"https:\/\/hairtastic.se\/shop\/\"},{\"@type\":\"ListItem\",\"position\":3,\"name\":\"Tape-In, Balayage Medium Blonde, 50cm (Outlet)\"}]},{\"@type\":\"WebSite\",\"@id\":\"https:\/\/hairtastic.se\/en\/#website\",\"url\":\"https:\/\/hairtastic.se\/en\/\",\"name\":\"Hairtastic\",\"description\":\"\u00c4kta l\u00f6sh\u00e5r med kvalit\u00e9 som h\u00e5ller l\u00e4ngre\",\"publisher\":{\"@id\":\"https:\/\/hairtastic.se\/en\/#organization\"},\"potentialAction\":[{\"@type\":\"SearchAction\",\"target\":{\"@type\":\"EntryPoint\",\"urlTemplate\":\"https:\/\/hairtastic.se\/en\/?s={search_term_string}\"},\"query-input\":{\"@type\":\"PropertyValueSpecification\",\"valueRequired\":true,\"valueName\":\"search_term_string\"}}],\"inLanguage\":\"en-US\"},{\"@type\":\"Organization\",\"@id\":\"https:\/\/hairtastic.se\/en\/#organization\",\"name\":\"Hairtastic\",\"url\":\"https:\/\/hairtastic.se\/en\/\",\"logo\":{\"@type\":\"ImageObject\",\"inLanguage\":\"en-US\",\"@id\":\"https:\/\/hairtastic.se\/en\/#\/schema\/logo\/image\/\",\"url\":\"https:\/\/hairtastic.se\/wp-content\/uploads\/2015\/12\/logo.jpg\",\"contentUrl\":\"https:\/\/hairtastic.se\/wp-content\/uploads\/2015\/12\/logo.jpg\",\"width\":235,\"height\":59,\"caption\":\"Hairtastic\"},\"image\":{\"@id\":\"https:\/\/hairtastic.se\/en\/#\/schema\/logo\/image\/\"},\"sameAs\":[\"https:\/\/www.facebook.com\/Hairtastic-663755403684614\/\",\"https:\/\/www.instagram.com\/hairtasticab\/-566646813447362\"]}]}<\/script>\n<meta property=\"product:price:amount\" content=\"88\" \/>\n<meta property=\"product:price:currency\" content=\"USD\" \/>\n<meta property=\"og:availability\" content=\"instock\" \/>\n<meta property=\"product:availability\" content=\"instock\" \/>\n<meta property=\"product:condition\" content=\"new\" \/>\n<!-- \/ Yoast SEO Premium plugin. -->","yoast_head_json":{"title":"Tape-In, Balayage Medium Blonde, 50cm (Outlet) - Hairtastic","robots":{"index":"index","follow":"follow","max-snippet":"max-snippet:-1","max-image-preview":"max-image-preview:large","max-video-preview":"max-video-preview:-1"},"canonical":"https:\/\/hairtastic.se\/en\/produkt\/tape-in-balayage-medium-blonde-50cm-outlet\/","og_locale":"en_US","og_type":"article","og_title":"Tape-In, Balayage Medium Blonde, 50cm (Outlet)","og_description":"Please note: Refer to the images for an accurate representation of the color of this hair extension, available exclusively in our outlet section. &nbsp; Tape-in Hairtastic best seller. The natural result with great volume. Easy to attach, reapplication and removal for your hairstylist. Gentle for your own hair. Best possible quality of developed for many [&hellip;]","og_url":"https:\/\/hairtastic.se\/en\/produkt\/tape-in-balayage-medium-blonde-50cm-outlet\/","og_site_name":"Hairtastic","article_publisher":"https:\/\/www.facebook.com\/Hairtastic-663755403684614\/","og_image":[{"width":1536,"height":2048,"url":"https:\/\/hairtastic.se\/wp-content\/uploads\/2023\/12\/Outlet-Tapeon-Balayage-mellanblond-50cm.jpg","type":"image\/jpeg"}],"twitter_misc":{"Price":"&#36;88","Availability":"In stock"},"schema":{"@context":"https:\/\/schema.org","@graph":[{"@type":"WebPage","@id":"https:\/\/hairtastic.se\/en\/produkt\/tape-in-balayage-medium-blonde-50cm-outlet\/","url":"https:\/\/hairtastic.se\/en\/produkt\/tape-in-balayage-medium-blonde-50cm-outlet\/","name":"Tape-In, Balayage Medium Blonde, 50cm (Outlet) - Hairtastic","isPartOf":{"@id":"https:\/\/hairtastic.se\/en\/#website"},"primaryImageOfPage":{"@id":"https:\/\/hairtastic.se\/en\/produkt\/tape-in-balayage-medium-blonde-50cm-outlet\/#primaryimage"},"image":{"@id":"https:\/\/hairtastic.se\/en\/produkt\/tape-in-balayage-medium-blonde-50cm-outlet\/#primaryimage"},"thumbnailUrl":"https:\/\/hairtastic.se\/wp-content\/uploads\/2023\/12\/Outlet-Tapeon-Balayage-mellanblond-50cm.jpg","datePublished":"2023-12-17T10:34:13+00:00","breadcrumb":{"@id":"https:\/\/hairtastic.se\/en\/produkt\/tape-in-balayage-medium-blonde-50cm-outlet\/#breadcrumb"},"inLanguage":"en-US","potentialAction":[{"@type":"ReadAction","target":["https:\/\/hairtastic.se\/en\/produkt\/tape-in-balayage-medium-blonde-50cm-outlet\/"]}]},{"@type":"ImageObject","inLanguage":"en-US","@id":"https:\/\/hairtastic.se\/en\/produkt\/tape-in-balayage-medium-blonde-50cm-outlet\/#primaryimage","url":"https:\/\/hairtastic.se\/wp-content\/uploads\/2023\/12\/Outlet-Tapeon-Balayage-mellanblond-50cm.jpg","contentUrl":"https:\/\/hairtastic.se\/wp-content\/uploads\/2023\/12\/Outlet-Tapeon-Balayage-mellanblond-50cm.jpg","width":1536,"height":2048},{"@type":"BreadcrumbList","@id":"https:\/\/hairtastic.se\/en\/produkt\/tape-in-balayage-medium-blonde-50cm-outlet\/#breadcrumb","itemListElement":[{"@type":"ListItem","position":1,"name":"Hem","item":"https:\/\/hairtastic.se\/en\/"},{"@type":"ListItem","position":2,"name":"Shop","item":"https:\/\/hairtastic.se\/shop\/"},{"@type":"ListItem","position":3,"name":"Tape-In, Balayage Medium Blonde, 50cm (Outlet)"}]},{"@type":"WebSite","@id":"https:\/\/hairtastic.se\/en\/#website","url":"https:\/\/hairtastic.se\/en\/","name":"Hairtastic","description":"\u00c4kta l\u00f6sh\u00e5r med kvalit\u00e9 som h\u00e5ller l\u00e4ngre","publisher":{"@id":"https:\/\/hairtastic.se\/en\/#organization"},"potentialAction":[{"@type":"SearchAction","target":{"@type":"EntryPoint","urlTemplate":"https:\/\/hairtastic.se\/en\/?s={search_term_string}"},"query-input":{"@type":"PropertyValueSpecification","valueRequired":true,"valueName":"search_term_string"}}],"inLanguage":"en-US"},{"@type":"Organization","@id":"https:\/\/hairtastic.se\/en\/#organization","name":"Hairtastic","url":"https:\/\/hairtastic.se\/en\/","logo":{"@type":"ImageObject","inLanguage":"en-US","@id":"https:\/\/hairtastic.se\/en\/#\/schema\/logo\/image\/","url":"https:\/\/hairtastic.se\/wp-content\/uploads\/2015\/12\/logo.jpg","contentUrl":"https:\/\/hairtastic.se\/wp-content\/uploads\/2015\/12\/logo.jpg","width":235,"height":59,"caption":"Hairtastic"},"image":{"@id":"https:\/\/hairtastic.se\/en\/#\/schema\/logo\/image\/"},"sameAs":["https:\/\/www.facebook.com\/Hairtastic-663755403684614\/","https:\/\/www.instagram.com\/hairtasticab\/-566646813447362"]}]},"product_price_amount":"88","product_price_currency":"USD","og_availability":"instock","product_availability":"instock","product_condition":"new"},"_links":{"self":[{"href":"https:\/\/hairtastic.se\/en\/wp-json\/wp\/v2\/product\/60854","targetHints":{"allow":["GET"]}}],"collection":[{"href":"https:\/\/hairtastic.se\/en\/wp-json\/wp\/v2\/product"}],"about":[{"href":"https:\/\/hairtastic.se\/en\/wp-json\/wp\/v2\/types\/product"}],"replies":[{"embeddable":true,"href":"https:\/\/hairtastic.se\/en\/wp-json\/wp\/v2\/comments?post=60854"}],"wp:featuredmedia":[{"embeddable":true,"href":"https:\/\/hairtastic.se\/en\/wp-json\/wp\/v2\/media\/60844"}],"wp:attachment":[{"href":"https:\/\/hairtastic.se\/en\/wp-json\/wp\/v2\/media?parent=60854"}],"wp:term":[{"taxonomy":"product_brand","embeddable":true,"href":"https:\/\/hairtastic.se\/en\/wp-json\/wp\/v2\/product_brand?post=60854"},{"taxonomy":"product_cat","embeddable":true,"href":"https:\/\/hairtastic.se\/en\/wp-json\/wp\/v2\/product_cat?post=60854"},{"taxonomy":"product_tag","embeddable":true,"href":"https:\/\/hairtastic.se\/en\/wp-json\/wp\/v2\/product_tag?post=60854"}],"curies":[{"name":"wp","href":"https:\/\/api.w.org\/{rel}","templated":true}]}}