{"id":62826,"date":"2025-03-16T22:07:26","date_gmt":"2025-03-16T21:07:26","guid":{"rendered":"https:\/\/hairtastic.se\/produkt\/seamless-tape-in-hair-extensions\/"},"modified":"2025-12-02T23:00:21","modified_gmt":"2025-12-02T22:00:21","slug":"seamless-tape-in-hair-extensions","status":"publish","type":"product","link":"https:\/\/hairtastic.se\/en\/produkt\/seamless-tape-in-hair-extensions\/","title":{"rendered":"Seamless Tape-In Hair Extensions"},"content":{"rendered":"<p>Seamless Tape-In Hair Extensions feature ultra-thin, discreet tape tabs that remain invisible when applied.<br \/>\nThe hair-covered tape blends seamlessly with natural hair for a flawless finish.<\/p>\n<p>The thick, double-drawn hair ensures a full, voluminous look with a smooth result.<br \/>\nFor an even more undetectable effect, combine with our regular tape-in extensions on the sides of the head.<\/p>\n<p>With proper care, the hair lasts up to 2 years.<\/p>\n<p>Quantity: 10 pre-taped strands<br \/>\nWidth: 4 cm<br \/>\nWeight: 25 grams<br \/>\nLength: 50 cm<\/p>\n","protected":false},"excerpt":{"rendered":"<p>Seamless Tape-In Hair Extensions feature ultra-thin, discreet tape tabs that remain invisible when applied. The hair-covered tape blends seamlessly with natural hair for a flawless finish. The thick, double-drawn hair ensures a full, voluminous look with a smooth result. For an even more undetectable effect, combine with our regular tape-in extensions on the sides of [&hellip;]<\/p>\n","protected":false},"featured_media":62823,"comment_status":"open","ping_status":"closed","template":"","meta":{"_acf_changed":false,"_exactmetrics_skip_tracking":false,"_exactmetrics_sitenote_active":false,"_exactmetrics_sitenote_note":"","_exactmetrics_sitenote_category":0},"product_brand":[],"product_cat":[1346],"product_tag":[],"class_list":{"0":"post-62826","1":"product","2":"type-product","3":"status-publish","4":"has-post-thumbnail","6":"product_cat-tape-in","7":"pa_valj_farg-color-p51-60","8":"pa_valj_farg-farg-60-ash-en","10":"first","11":"instock","12":"taxable","13":"shipping-taxable","14":"purchasable","15":"product-type-variable","16":"has-default-attributes"},"acf":[],"yoast_head":"<!-- This site is optimized with the Yoast SEO Premium plugin v26.7 (Yoast SEO v26.7) - https:\/\/yoast.com\/wordpress\/plugins\/seo\/ -->\n<title>Seamless Tape-In Hair Extensions - Hairtastic<\/title>\n<meta name=\"robots\" content=\"index, follow, max-snippet:-1, max-image-preview:large, max-video-preview:-1\" \/>\n<link rel=\"canonical\" href=\"https:\/\/hairtastic.se\/en\/produkt\/seamless-tape-in-hair-extensions\/\" \/>\n<meta property=\"og:locale\" content=\"en_US\" \/>\n<meta property=\"og:type\" content=\"article\" \/>\n<meta property=\"og:title\" content=\"Seamless Tape-In Hair Extensions\" \/>\n<meta property=\"og:description\" content=\"Seamless Tape-In Hair Extensions feature ultra-thin, discreet tape tabs that remain invisible when applied. The hair-covered tape blends seamlessly with natural hair for a flawless finish. The thick, double-drawn hair ensures a full, voluminous look with a smooth result. For an even more undetectable effect, combine with our regular tape-in extensions on the sides of [&hellip;]\" \/>\n<meta property=\"og:url\" content=\"https:\/\/hairtastic.se\/en\/produkt\/seamless-tape-in-hair-extensions\/\" \/>\n<meta property=\"og:site_name\" content=\"Hairtastic\" \/>\n<meta property=\"article:publisher\" content=\"https:\/\/www.facebook.com\/Hairtastic-663755403684614\/\" \/>\n<meta property=\"article:modified_time\" content=\"2025-12-02T22:00:21+00:00\" \/>\n<meta property=\"og:image\" content=\"https:\/\/hairtastic.se\/wp-content\/uploads\/2025\/03\/Seamless-product.jpg\" \/>\n\t<meta property=\"og:image:width\" content=\"1000\" \/>\n\t<meta property=\"og:image:height\" content=\"1000\" \/>\n\t<meta property=\"og:image:type\" content=\"image\/jpeg\" \/>\n<meta name=\"twitter:label1\" content=\"Availability\" \/>\n\t<meta name=\"twitter:data1\" content=\"In stock\" \/>\n<script type=\"application\/ld+json\" class=\"yoast-schema-graph\">{\"@context\":\"https:\/\/schema.org\",\"@graph\":[{\"@type\":\"WebPage\",\"@id\":\"https:\/\/hairtastic.se\/en\/produkt\/seamless-tape-in-hair-extensions\/\",\"url\":\"https:\/\/hairtastic.se\/en\/produkt\/seamless-tape-in-hair-extensions\/\",\"name\":\"Seamless Tape-In Hair Extensions - Hairtastic\",\"isPartOf\":{\"@id\":\"https:\/\/hairtastic.se\/en\/#website\"},\"primaryImageOfPage\":{\"@id\":\"https:\/\/hairtastic.se\/en\/produkt\/seamless-tape-in-hair-extensions\/#primaryimage\"},\"image\":{\"@id\":\"https:\/\/hairtastic.se\/en\/produkt\/seamless-tape-in-hair-extensions\/#primaryimage\"},\"thumbnailUrl\":\"https:\/\/hairtastic.se\/wp-content\/uploads\/2025\/03\/Seamless-product.jpg\",\"datePublished\":\"2025-03-16T21:07:26+00:00\",\"dateModified\":\"2025-12-02T22:00:21+00:00\",\"breadcrumb\":{\"@id\":\"https:\/\/hairtastic.se\/en\/produkt\/seamless-tape-in-hair-extensions\/#breadcrumb\"},\"inLanguage\":\"en-US\",\"potentialAction\":[{\"@type\":\"ReadAction\",\"target\":[\"https:\/\/hairtastic.se\/en\/produkt\/seamless-tape-in-hair-extensions\/\"]}]},{\"@type\":\"ImageObject\",\"inLanguage\":\"en-US\",\"@id\":\"https:\/\/hairtastic.se\/en\/produkt\/seamless-tape-in-hair-extensions\/#primaryimage\",\"url\":\"https:\/\/hairtastic.se\/wp-content\/uploads\/2025\/03\/Seamless-product.jpg\",\"contentUrl\":\"https:\/\/hairtastic.se\/wp-content\/uploads\/2025\/03\/Seamless-product.jpg\",\"width\":1000,\"height\":1000},{\"@type\":\"BreadcrumbList\",\"@id\":\"https:\/\/hairtastic.se\/en\/produkt\/seamless-tape-in-hair-extensions\/#breadcrumb\",\"itemListElement\":[{\"@type\":\"ListItem\",\"position\":1,\"name\":\"Hem\",\"item\":\"https:\/\/hairtastic.se\/en\/\"},{\"@type\":\"ListItem\",\"position\":2,\"name\":\"Shop\",\"item\":\"https:\/\/hairtastic.se\/shop\/\"},{\"@type\":\"ListItem\",\"position\":3,\"name\":\"Seamless Tape-In Hair Extensions\"}]},{\"@type\":\"WebSite\",\"@id\":\"https:\/\/hairtastic.se\/en\/#website\",\"url\":\"https:\/\/hairtastic.se\/en\/\",\"name\":\"Hairtastic\",\"description\":\"\u00c4kta l\u00f6sh\u00e5r med kvalit\u00e9 som h\u00e5ller l\u00e4ngre\",\"publisher\":{\"@id\":\"https:\/\/hairtastic.se\/en\/#organization\"},\"potentialAction\":[{\"@type\":\"SearchAction\",\"target\":{\"@type\":\"EntryPoint\",\"urlTemplate\":\"https:\/\/hairtastic.se\/en\/?s={search_term_string}\"},\"query-input\":{\"@type\":\"PropertyValueSpecification\",\"valueRequired\":true,\"valueName\":\"search_term_string\"}}],\"inLanguage\":\"en-US\"},{\"@type\":\"Organization\",\"@id\":\"https:\/\/hairtastic.se\/en\/#organization\",\"name\":\"Hairtastic\",\"url\":\"https:\/\/hairtastic.se\/en\/\",\"logo\":{\"@type\":\"ImageObject\",\"inLanguage\":\"en-US\",\"@id\":\"https:\/\/hairtastic.se\/en\/#\/schema\/logo\/image\/\",\"url\":\"https:\/\/hairtastic.se\/wp-content\/uploads\/2015\/12\/logo.jpg\",\"contentUrl\":\"https:\/\/hairtastic.se\/wp-content\/uploads\/2015\/12\/logo.jpg\",\"width\":235,\"height\":59,\"caption\":\"Hairtastic\"},\"image\":{\"@id\":\"https:\/\/hairtastic.se\/en\/#\/schema\/logo\/image\/\"},\"sameAs\":[\"https:\/\/www.facebook.com\/Hairtastic-663755403684614\/\",\"https:\/\/www.instagram.com\/hairtasticab\/-566646813447362\"]}]}<\/script>\n<meta property=\"og:availability\" content=\"instock\" \/>\n<meta property=\"product:availability\" content=\"instock\" \/>\n<meta property=\"product:condition\" content=\"new\" \/>\n<!-- \/ Yoast SEO Premium plugin. -->","yoast_head_json":{"title":"Seamless Tape-In Hair Extensions - Hairtastic","robots":{"index":"index","follow":"follow","max-snippet":"max-snippet:-1","max-image-preview":"max-image-preview:large","max-video-preview":"max-video-preview:-1"},"canonical":"https:\/\/hairtastic.se\/en\/produkt\/seamless-tape-in-hair-extensions\/","og_locale":"en_US","og_type":"article","og_title":"Seamless Tape-In Hair Extensions","og_description":"Seamless Tape-In Hair Extensions feature ultra-thin, discreet tape tabs that remain invisible when applied. The hair-covered tape blends seamlessly with natural hair for a flawless finish. The thick, double-drawn hair ensures a full, voluminous look with a smooth result. For an even more undetectable effect, combine with our regular tape-in extensions on the sides of [&hellip;]","og_url":"https:\/\/hairtastic.se\/en\/produkt\/seamless-tape-in-hair-extensions\/","og_site_name":"Hairtastic","article_publisher":"https:\/\/www.facebook.com\/Hairtastic-663755403684614\/","article_modified_time":"2025-12-02T22:00:21+00:00","og_image":[{"width":1000,"height":1000,"url":"https:\/\/hairtastic.se\/wp-content\/uploads\/2025\/03\/Seamless-product.jpg","type":"image\/jpeg"}],"twitter_misc":{"Availability":"In stock"},"schema":{"@context":"https:\/\/schema.org","@graph":[{"@type":"WebPage","@id":"https:\/\/hairtastic.se\/en\/produkt\/seamless-tape-in-hair-extensions\/","url":"https:\/\/hairtastic.se\/en\/produkt\/seamless-tape-in-hair-extensions\/","name":"Seamless Tape-In Hair Extensions - Hairtastic","isPartOf":{"@id":"https:\/\/hairtastic.se\/en\/#website"},"primaryImageOfPage":{"@id":"https:\/\/hairtastic.se\/en\/produkt\/seamless-tape-in-hair-extensions\/#primaryimage"},"image":{"@id":"https:\/\/hairtastic.se\/en\/produkt\/seamless-tape-in-hair-extensions\/#primaryimage"},"thumbnailUrl":"https:\/\/hairtastic.se\/wp-content\/uploads\/2025\/03\/Seamless-product.jpg","datePublished":"2025-03-16T21:07:26+00:00","dateModified":"2025-12-02T22:00:21+00:00","breadcrumb":{"@id":"https:\/\/hairtastic.se\/en\/produkt\/seamless-tape-in-hair-extensions\/#breadcrumb"},"inLanguage":"en-US","potentialAction":[{"@type":"ReadAction","target":["https:\/\/hairtastic.se\/en\/produkt\/seamless-tape-in-hair-extensions\/"]}]},{"@type":"ImageObject","inLanguage":"en-US","@id":"https:\/\/hairtastic.se\/en\/produkt\/seamless-tape-in-hair-extensions\/#primaryimage","url":"https:\/\/hairtastic.se\/wp-content\/uploads\/2025\/03\/Seamless-product.jpg","contentUrl":"https:\/\/hairtastic.se\/wp-content\/uploads\/2025\/03\/Seamless-product.jpg","width":1000,"height":1000},{"@type":"BreadcrumbList","@id":"https:\/\/hairtastic.se\/en\/produkt\/seamless-tape-in-hair-extensions\/#breadcrumb","itemListElement":[{"@type":"ListItem","position":1,"name":"Hem","item":"https:\/\/hairtastic.se\/en\/"},{"@type":"ListItem","position":2,"name":"Shop","item":"https:\/\/hairtastic.se\/shop\/"},{"@type":"ListItem","position":3,"name":"Seamless Tape-In Hair Extensions"}]},{"@type":"WebSite","@id":"https:\/\/hairtastic.se\/en\/#website","url":"https:\/\/hairtastic.se\/en\/","name":"Hairtastic","description":"\u00c4kta l\u00f6sh\u00e5r med kvalit\u00e9 som h\u00e5ller l\u00e4ngre","publisher":{"@id":"https:\/\/hairtastic.se\/en\/#organization"},"potentialAction":[{"@type":"SearchAction","target":{"@type":"EntryPoint","urlTemplate":"https:\/\/hairtastic.se\/en\/?s={search_term_string}"},"query-input":{"@type":"PropertyValueSpecification","valueRequired":true,"valueName":"search_term_string"}}],"inLanguage":"en-US"},{"@type":"Organization","@id":"https:\/\/hairtastic.se\/en\/#organization","name":"Hairtastic","url":"https:\/\/hairtastic.se\/en\/","logo":{"@type":"ImageObject","inLanguage":"en-US","@id":"https:\/\/hairtastic.se\/en\/#\/schema\/logo\/image\/","url":"https:\/\/hairtastic.se\/wp-content\/uploads\/2015\/12\/logo.jpg","contentUrl":"https:\/\/hairtastic.se\/wp-content\/uploads\/2015\/12\/logo.jpg","width":235,"height":59,"caption":"Hairtastic"},"image":{"@id":"https:\/\/hairtastic.se\/en\/#\/schema\/logo\/image\/"},"sameAs":["https:\/\/www.facebook.com\/Hairtastic-663755403684614\/","https:\/\/www.instagram.com\/hairtasticab\/-566646813447362"]}]},"og_availability":"instock","product_availability":"instock","product_condition":"new"},"_links":{"self":[{"href":"https:\/\/hairtastic.se\/en\/wp-json\/wp\/v2\/product\/62826","targetHints":{"allow":["GET"]}}],"collection":[{"href":"https:\/\/hairtastic.se\/en\/wp-json\/wp\/v2\/product"}],"about":[{"href":"https:\/\/hairtastic.se\/en\/wp-json\/wp\/v2\/types\/product"}],"replies":[{"embeddable":true,"href":"https:\/\/hairtastic.se\/en\/wp-json\/wp\/v2\/comments?post=62826"}],"wp:featuredmedia":[{"embeddable":true,"href":"https:\/\/hairtastic.se\/en\/wp-json\/wp\/v2\/media\/62823"}],"wp:attachment":[{"href":"https:\/\/hairtastic.se\/en\/wp-json\/wp\/v2\/media?parent=62826"}],"wp:term":[{"taxonomy":"product_brand","embeddable":true,"href":"https:\/\/hairtastic.se\/en\/wp-json\/wp\/v2\/product_brand?post=62826"},{"taxonomy":"product_cat","embeddable":true,"href":"https:\/\/hairtastic.se\/en\/wp-json\/wp\/v2\/product_cat?post=62826"},{"taxonomy":"product_tag","embeddable":true,"href":"https:\/\/hairtastic.se\/en\/wp-json\/wp\/v2\/product_tag?post=62826"}],"curies":[{"name":"wp","href":"https:\/\/api.w.org\/{rel}","templated":true}]}}