{"id":64446,"date":"2026-02-21T12:12:20","date_gmt":"2026-02-21T11:12:20","guid":{"rendered":"https:\/\/hairtastic.se\/produkt\/microring-extension-pliers\/"},"modified":"2026-02-21T12:12:20","modified_gmt":"2026-02-21T11:12:20","slug":"microring-extension-pliers","status":"publish","type":"product","link":"https:\/\/hairtastic.se\/en\/produkt\/microring-extension-pliers\/","title":{"rendered":"Microring Extension Pliers"},"content":{"rendered":"<p>Extension pliers for the application and removal of microring hair extensions. The pliers feature a flat surface for securely closing microrings, an ergonomic grip, and a pointed tip.<\/p>\n<p>They can also be advantageously used for removing nail hair extensions, as the remover penetrates the hair more easily when the keratin bond is first crushed.<\/p>\n","protected":false},"excerpt":{"rendered":"<p>Extension pliers for the application and removal of microring hair extensions. The pliers feature a flat surface for securely closing microrings, an ergonomic grip, and a pointed tip.<\/p>\n<p>They can also be advantageously used for removing nail hair extensions, as the remover penetrates the hair more easily when the keratin bond is first crushed.<\/p>\n","protected":false},"featured_media":64422,"comment_status":"closed","ping_status":"closed","template":"","meta":{"_acf_changed":false,"_exactmetrics_skip_tracking":false,"_exactmetrics_sitenote_active":false,"_exactmetrics_sitenote_note":"","_exactmetrics_sitenote_category":0},"product_brand":[],"product_cat":[1797],"product_tag":[],"class_list":{"0":"post-64446","1":"product","2":"type-product","3":"status-publish","4":"has-post-thumbnail","6":"product_cat-butterfly-weft-premium","8":"first","9":"instock","10":"taxable","11":"shipping-taxable","12":"purchasable","13":"product-type-simple"},"acf":[],"yoast_head":"<!-- This site is optimized with the Yoast SEO Premium plugin v26.7 (Yoast SEO v26.7) - https:\/\/yoast.com\/wordpress\/plugins\/seo\/ -->\n<title>Microring Extension Pliers - Hairtastic<\/title>\n<meta name=\"robots\" content=\"index, follow, max-snippet:-1, max-image-preview:large, max-video-preview:-1\" \/>\n<link rel=\"canonical\" href=\"https:\/\/hairtastic.se\/en\/produkt\/microring-extension-pliers\/\" \/>\n<meta property=\"og:locale\" content=\"en_US\" \/>\n<meta property=\"og:type\" content=\"article\" \/>\n<meta property=\"og:title\" content=\"Microring Extension Pliers\" \/>\n<meta property=\"og:description\" content=\"Extension pliers for the application and removal of microring hair extensions. The pliers feature a flat surface for securely closing microrings, an ergonomic grip, and a pointed tip.  They can also be advantageously used for removing nail hair extensions, as the remover penetrates the hair more easily when the keratin bond is first crushed.\" \/>\n<meta property=\"og:url\" content=\"https:\/\/hairtastic.se\/en\/produkt\/microring-extension-pliers\/\" \/>\n<meta property=\"og:site_name\" content=\"Hairtastic\" \/>\n<meta property=\"article:publisher\" content=\"https:\/\/www.facebook.com\/Hairtastic-663755403684614\/\" \/>\n<meta property=\"og:image\" content=\"https:\/\/hairtastic.se\/wp-content\/uploads\/2026\/02\/Microrings-ExtensionRemovalPliers-26v1.jpg\" \/>\n\t<meta property=\"og:image:width\" content=\"1090\" \/>\n\t<meta property=\"og:image:height\" content=\"1090\" \/>\n\t<meta property=\"og:image:type\" content=\"image\/jpeg\" \/>\n<meta name=\"twitter:label1\" content=\"Price\" \/>\n\t<meta name=\"twitter:data1\" content=\"&#036;15\" \/>\n\t<meta name=\"twitter:label2\" content=\"Availability\" \/>\n\t<meta name=\"twitter:data2\" content=\"In stock\" \/>\n<script type=\"application\/ld+json\" class=\"yoast-schema-graph\">{\"@context\":\"https:\/\/schema.org\",\"@graph\":[{\"@type\":\"WebPage\",\"@id\":\"https:\/\/hairtastic.se\/en\/produkt\/microring-extension-pliers\/\",\"url\":\"https:\/\/hairtastic.se\/en\/produkt\/microring-extension-pliers\/\",\"name\":\"Microring Extension Pliers - Hairtastic\",\"isPartOf\":{\"@id\":\"https:\/\/hairtastic.se\/en\/#website\"},\"primaryImageOfPage\":{\"@id\":\"https:\/\/hairtastic.se\/en\/produkt\/microring-extension-pliers\/#primaryimage\"},\"image\":{\"@id\":\"https:\/\/hairtastic.se\/en\/produkt\/microring-extension-pliers\/#primaryimage\"},\"thumbnailUrl\":\"https:\/\/hairtastic.se\/wp-content\/uploads\/2026\/02\/Microrings-ExtensionRemovalPliers-26v1.jpg\",\"datePublished\":\"2026-02-21T11:12:20+00:00\",\"breadcrumb\":{\"@id\":\"https:\/\/hairtastic.se\/en\/produkt\/microring-extension-pliers\/#breadcrumb\"},\"inLanguage\":\"en-US\",\"potentialAction\":[{\"@type\":\"ReadAction\",\"target\":[\"https:\/\/hairtastic.se\/en\/produkt\/microring-extension-pliers\/\"]}]},{\"@type\":\"ImageObject\",\"inLanguage\":\"en-US\",\"@id\":\"https:\/\/hairtastic.se\/en\/produkt\/microring-extension-pliers\/#primaryimage\",\"url\":\"https:\/\/hairtastic.se\/wp-content\/uploads\/2026\/02\/Microrings-ExtensionRemovalPliers-26v1.jpg\",\"contentUrl\":\"https:\/\/hairtastic.se\/wp-content\/uploads\/2026\/02\/Microrings-ExtensionRemovalPliers-26v1.jpg\",\"width\":1090,\"height\":1090},{\"@type\":\"BreadcrumbList\",\"@id\":\"https:\/\/hairtastic.se\/en\/produkt\/microring-extension-pliers\/#breadcrumb\",\"itemListElement\":[{\"@type\":\"ListItem\",\"position\":1,\"name\":\"Hem\",\"item\":\"https:\/\/hairtastic.se\/en\/\"},{\"@type\":\"ListItem\",\"position\":2,\"name\":\"Shop\",\"item\":\"https:\/\/hairtastic.se\/shop\/\"},{\"@type\":\"ListItem\",\"position\":3,\"name\":\"Microring Extension Pliers\"}]},{\"@type\":\"WebSite\",\"@id\":\"https:\/\/hairtastic.se\/en\/#website\",\"url\":\"https:\/\/hairtastic.se\/en\/\",\"name\":\"Hairtastic\",\"description\":\"\u00c4kta l\u00f6sh\u00e5r med kvalit\u00e9 som h\u00e5ller l\u00e4ngre\",\"publisher\":{\"@id\":\"https:\/\/hairtastic.se\/en\/#organization\"},\"potentialAction\":[{\"@type\":\"SearchAction\",\"target\":{\"@type\":\"EntryPoint\",\"urlTemplate\":\"https:\/\/hairtastic.se\/en\/?s={search_term_string}\"},\"query-input\":{\"@type\":\"PropertyValueSpecification\",\"valueRequired\":true,\"valueName\":\"search_term_string\"}}],\"inLanguage\":\"en-US\"},{\"@type\":\"Organization\",\"@id\":\"https:\/\/hairtastic.se\/en\/#organization\",\"name\":\"Hairtastic\",\"url\":\"https:\/\/hairtastic.se\/en\/\",\"logo\":{\"@type\":\"ImageObject\",\"inLanguage\":\"en-US\",\"@id\":\"https:\/\/hairtastic.se\/en\/#\/schema\/logo\/image\/\",\"url\":\"https:\/\/hairtastic.se\/wp-content\/uploads\/2015\/12\/logo.jpg\",\"contentUrl\":\"https:\/\/hairtastic.se\/wp-content\/uploads\/2015\/12\/logo.jpg\",\"width\":235,\"height\":59,\"caption\":\"Hairtastic\"},\"image\":{\"@id\":\"https:\/\/hairtastic.se\/en\/#\/schema\/logo\/image\/\"},\"sameAs\":[\"https:\/\/www.facebook.com\/Hairtastic-663755403684614\/\",\"https:\/\/www.instagram.com\/hairtasticab\/-566646813447362\"]}]}<\/script>\n<meta property=\"product:price:amount\" content=\"15\" \/>\n<meta property=\"product:price:currency\" content=\"USD\" \/>\n<meta property=\"og:availability\" content=\"instock\" \/>\n<meta property=\"product:availability\" content=\"instock\" \/>\n<meta property=\"product:condition\" content=\"new\" \/>\n<!-- \/ Yoast SEO Premium plugin. -->","yoast_head_json":{"title":"Microring Extension Pliers - Hairtastic","robots":{"index":"index","follow":"follow","max-snippet":"max-snippet:-1","max-image-preview":"max-image-preview:large","max-video-preview":"max-video-preview:-1"},"canonical":"https:\/\/hairtastic.se\/en\/produkt\/microring-extension-pliers\/","og_locale":"en_US","og_type":"article","og_title":"Microring Extension Pliers","og_description":"Extension pliers for the application and removal of microring hair extensions. The pliers feature a flat surface for securely closing microrings, an ergonomic grip, and a pointed tip.  They can also be advantageously used for removing nail hair extensions, as the remover penetrates the hair more easily when the keratin bond is first crushed.","og_url":"https:\/\/hairtastic.se\/en\/produkt\/microring-extension-pliers\/","og_site_name":"Hairtastic","article_publisher":"https:\/\/www.facebook.com\/Hairtastic-663755403684614\/","og_image":[{"width":1090,"height":1090,"url":"https:\/\/hairtastic.se\/wp-content\/uploads\/2026\/02\/Microrings-ExtensionRemovalPliers-26v1.jpg","type":"image\/jpeg"}],"twitter_misc":{"Price":"&#36;15","Availability":"In stock"},"schema":{"@context":"https:\/\/schema.org","@graph":[{"@type":"WebPage","@id":"https:\/\/hairtastic.se\/en\/produkt\/microring-extension-pliers\/","url":"https:\/\/hairtastic.se\/en\/produkt\/microring-extension-pliers\/","name":"Microring Extension Pliers - Hairtastic","isPartOf":{"@id":"https:\/\/hairtastic.se\/en\/#website"},"primaryImageOfPage":{"@id":"https:\/\/hairtastic.se\/en\/produkt\/microring-extension-pliers\/#primaryimage"},"image":{"@id":"https:\/\/hairtastic.se\/en\/produkt\/microring-extension-pliers\/#primaryimage"},"thumbnailUrl":"https:\/\/hairtastic.se\/wp-content\/uploads\/2026\/02\/Microrings-ExtensionRemovalPliers-26v1.jpg","datePublished":"2026-02-21T11:12:20+00:00","breadcrumb":{"@id":"https:\/\/hairtastic.se\/en\/produkt\/microring-extension-pliers\/#breadcrumb"},"inLanguage":"en-US","potentialAction":[{"@type":"ReadAction","target":["https:\/\/hairtastic.se\/en\/produkt\/microring-extension-pliers\/"]}]},{"@type":"ImageObject","inLanguage":"en-US","@id":"https:\/\/hairtastic.se\/en\/produkt\/microring-extension-pliers\/#primaryimage","url":"https:\/\/hairtastic.se\/wp-content\/uploads\/2026\/02\/Microrings-ExtensionRemovalPliers-26v1.jpg","contentUrl":"https:\/\/hairtastic.se\/wp-content\/uploads\/2026\/02\/Microrings-ExtensionRemovalPliers-26v1.jpg","width":1090,"height":1090},{"@type":"BreadcrumbList","@id":"https:\/\/hairtastic.se\/en\/produkt\/microring-extension-pliers\/#breadcrumb","itemListElement":[{"@type":"ListItem","position":1,"name":"Hem","item":"https:\/\/hairtastic.se\/en\/"},{"@type":"ListItem","position":2,"name":"Shop","item":"https:\/\/hairtastic.se\/shop\/"},{"@type":"ListItem","position":3,"name":"Microring Extension Pliers"}]},{"@type":"WebSite","@id":"https:\/\/hairtastic.se\/en\/#website","url":"https:\/\/hairtastic.se\/en\/","name":"Hairtastic","description":"\u00c4kta l\u00f6sh\u00e5r med kvalit\u00e9 som h\u00e5ller l\u00e4ngre","publisher":{"@id":"https:\/\/hairtastic.se\/en\/#organization"},"potentialAction":[{"@type":"SearchAction","target":{"@type":"EntryPoint","urlTemplate":"https:\/\/hairtastic.se\/en\/?s={search_term_string}"},"query-input":{"@type":"PropertyValueSpecification","valueRequired":true,"valueName":"search_term_string"}}],"inLanguage":"en-US"},{"@type":"Organization","@id":"https:\/\/hairtastic.se\/en\/#organization","name":"Hairtastic","url":"https:\/\/hairtastic.se\/en\/","logo":{"@type":"ImageObject","inLanguage":"en-US","@id":"https:\/\/hairtastic.se\/en\/#\/schema\/logo\/image\/","url":"https:\/\/hairtastic.se\/wp-content\/uploads\/2015\/12\/logo.jpg","contentUrl":"https:\/\/hairtastic.se\/wp-content\/uploads\/2015\/12\/logo.jpg","width":235,"height":59,"caption":"Hairtastic"},"image":{"@id":"https:\/\/hairtastic.se\/en\/#\/schema\/logo\/image\/"},"sameAs":["https:\/\/www.facebook.com\/Hairtastic-663755403684614\/","https:\/\/www.instagram.com\/hairtasticab\/-566646813447362"]}]},"product_price_amount":"15","product_price_currency":"USD","og_availability":"instock","product_availability":"instock","product_condition":"new"},"_links":{"self":[{"href":"https:\/\/hairtastic.se\/en\/wp-json\/wp\/v2\/product\/64446","targetHints":{"allow":["GET"]}}],"collection":[{"href":"https:\/\/hairtastic.se\/en\/wp-json\/wp\/v2\/product"}],"about":[{"href":"https:\/\/hairtastic.se\/en\/wp-json\/wp\/v2\/types\/product"}],"replies":[{"embeddable":true,"href":"https:\/\/hairtastic.se\/en\/wp-json\/wp\/v2\/comments?post=64446"}],"wp:featuredmedia":[{"embeddable":true,"href":"https:\/\/hairtastic.se\/en\/wp-json\/wp\/v2\/media\/64422"}],"wp:attachment":[{"href":"https:\/\/hairtastic.se\/en\/wp-json\/wp\/v2\/media?parent=64446"}],"wp:term":[{"taxonomy":"product_brand","embeddable":true,"href":"https:\/\/hairtastic.se\/en\/wp-json\/wp\/v2\/product_brand?post=64446"},{"taxonomy":"product_cat","embeddable":true,"href":"https:\/\/hairtastic.se\/en\/wp-json\/wp\/v2\/product_cat?post=64446"},{"taxonomy":"product_tag","embeddable":true,"href":"https:\/\/hairtastic.se\/en\/wp-json\/wp\/v2\/product_tag?post=64446"}],"curies":[{"name":"wp","href":"https:\/\/api.w.org\/{rel}","templated":true}]}}