{"id":64458,"date":"2026-02-21T10:59:18","date_gmt":"2026-02-21T09:59:18","guid":{"rendered":"https:\/\/hairtastic.se\/produkt\/butterfly-weft-color-2\/"},"modified":"2026-03-18T22:37:27","modified_gmt":"2026-03-18T21:37:27","slug":"butterfly-weft-color-1b","status":"publish","type":"product","link":"https:\/\/hairtastic.se\/en\/produkt\/butterfly-weft-color-1b\/","title":{"rendered":"Butterfly Weft color #1B"},"content":{"rendered":"<ul>\n<li>Ultra-thin, almost invisible seam<\/li>\n<li>Perfect for fine or thin hair<\/li>\n<li>100% Remy human hair<\/li>\n<li>Single Layer Butterfly Weft Extensions<\/li>\n<li>Length: 55\u201360 cm<\/li>\n<li>50 grams<\/li>\n<li>Double drawn<\/li>\n<\/ul>\n<p>Butterfly Weft Premium is designed with an extremely thin and discreet seam, creating a seamless and natural result in all hair types \u2014 especially fine hair.<br \/>\nThe weft is applied without heat, glue, or tape and can easily be customized. It can be cut into smaller sections without unraveling, allowing for a perfectly tailored application.<\/p>\n<p>Application Methods<br \/>\nWhen attaching your weft extensions, you can sew them in using microrings or onto a horizontal braid in the scalp.<\/p>\n<p>Beaded Weft<br \/>\nAttach micro rings or nano rings to your natural hair and sew the weft onto the rings.<br \/>\nThe rings help distribute the weight evenly, making the method gentle on your natural hair.<br \/>\nAfter 4\u20136 weeks, the rings can easily be moved up for a quick and simple refresh.<\/p>\n<p>Weaving<br \/>\nCreate a horizontal braid where you want to attach your weft.<br \/>\nMake sure the braid is thin and tight.<br \/>\nSew the weft securely onto the braid using needle and thread.<\/p>\n","protected":false},"excerpt":{"rendered":"<p>Butterfly Weft Premium is designed with an extremely thin and discreet seam, creating a seamless and natural result in all hair types \u2014 especially fine hair.<br \/>\nThe weft is applied without heat, glue, or tape and can easily be customized. It can be cut into smaller sections without unraveling, allowing for a perfectly tailored application.<\/p>\n<p>Application Methods<br \/>\nWhen attaching your weft extensions, you can sew them in using microrings or onto a horizontal braid in the scalp.<\/p>\n<p>Beaded Weft<br \/>\nAttach micro rings or nano rings to your natural hair and sew the weft onto the rings.<br \/>\nThe rings help distribute the weight evenly, making the method gentle on your natural hair.<br \/>\nAfter 4\u20136 weeks, the rings can easily be moved up for a quick and simple refresh.<\/p>\n<p>Weaving<br \/>\nCreate a horizontal braid where you want to attach your weft.<br \/>\nMake sure the braid is thin and tight.<br \/>\nSew the weft securely onto the braid using needle and thread.<\/p>\n","protected":false},"featured_media":64396,"comment_status":"closed","ping_status":"closed","template":"","meta":{"_acf_changed":false,"_exactmetrics_skip_tracking":false,"_exactmetrics_sitenote_active":false,"_exactmetrics_sitenote_note":"","_exactmetrics_sitenote_category":0},"product_brand":[],"product_cat":[1797],"product_tag":[],"class_list":{"0":"post-64458","1":"product","2":"type-product","3":"status-publish","4":"has-post-thumbnail","6":"product_cat-butterfly-weft-premium","8":"first","9":"instock","10":"taxable","11":"shipping-taxable","12":"purchasable","13":"product-type-simple"},"acf":[],"yoast_head":"<!-- This site is optimized with the Yoast SEO Premium plugin v26.7 (Yoast SEO v26.7) - https:\/\/yoast.com\/wordpress\/plugins\/seo\/ -->\n<title>Butterfly Weft color #1B - Hairtastic<\/title>\n<meta name=\"robots\" content=\"index, follow, max-snippet:-1, max-image-preview:large, max-video-preview:-1\" \/>\n<link rel=\"canonical\" href=\"https:\/\/hairtastic.se\/en\/produkt\/butterfly-weft-color-1b\/\" \/>\n<meta property=\"og:locale\" content=\"en_US\" \/>\n<meta property=\"og:type\" content=\"article\" \/>\n<meta property=\"og:title\" content=\"Butterfly Weft color #1B\" \/>\n<meta property=\"og:description\" content=\"Butterfly Weft Premium is designed with an extremely thin and discreet seam, creating a seamless and natural result in all hair types \u2014 especially fine hair. The weft is applied without heat, glue, or tape and can easily be customized. It can be cut into smaller sections without unraveling, allowing for a perfectly tailored application.  Application Methods When attaching your weft extensions, you can sew them in using microrings or onto a horizontal braid in the scalp.  Beaded Weft Attach micro rings or nano rings to your natural hair and sew the weft onto the rings. The rings help distribute the weight evenly, making the method gentle on your natural hair. After 4\u20136 weeks, the rings can easily be moved up for a quick and simple refresh.  Weaving Create a horizontal braid where you want to attach your weft. Make sure the braid is thin and tight. Sew the weft securely onto the braid using needle and thread.\" \/>\n<meta property=\"og:url\" content=\"https:\/\/hairtastic.se\/en\/produkt\/butterfly-weft-color-1b\/\" \/>\n<meta property=\"og:site_name\" content=\"Hairtastic\" \/>\n<meta property=\"article:publisher\" content=\"https:\/\/www.facebook.com\/Hairtastic-663755403684614\/\" \/>\n<meta property=\"article:modified_time\" content=\"2026-03-18T21:37:27+00:00\" \/>\n<meta property=\"og:image\" content=\"https:\/\/hairtastic.se\/wp-content\/uploads\/2026\/02\/ButterflyWeft-2-26v1.jpg\" \/>\n\t<meta property=\"og:image:width\" content=\"1090\" \/>\n\t<meta property=\"og:image:height\" content=\"1090\" \/>\n\t<meta property=\"og:image:type\" content=\"image\/jpeg\" \/>\n<meta name=\"twitter:label1\" content=\"Price\" \/>\n\t<meta name=\"twitter:data1\" content=\"&#036;290\" \/>\n\t<meta name=\"twitter:label2\" content=\"Availability\" \/>\n\t<meta name=\"twitter:data2\" content=\"In stock\" \/>\n<script type=\"application\/ld+json\" class=\"yoast-schema-graph\">{\"@context\":\"https:\/\/schema.org\",\"@graph\":[{\"@type\":\"WebPage\",\"@id\":\"https:\/\/hairtastic.se\/en\/produkt\/butterfly-weft-color-1b\/\",\"url\":\"https:\/\/hairtastic.se\/en\/produkt\/butterfly-weft-color-1b\/\",\"name\":\"Butterfly Weft color #1B - Hairtastic\",\"isPartOf\":{\"@id\":\"https:\/\/hairtastic.se\/en\/#website\"},\"primaryImageOfPage\":{\"@id\":\"https:\/\/hairtastic.se\/en\/produkt\/butterfly-weft-color-1b\/#primaryimage\"},\"image\":{\"@id\":\"https:\/\/hairtastic.se\/en\/produkt\/butterfly-weft-color-1b\/#primaryimage\"},\"thumbnailUrl\":\"https:\/\/hairtastic.se\/wp-content\/uploads\/2026\/02\/ButterflyWeft-2-26v1.jpg\",\"datePublished\":\"2026-02-21T09:59:18+00:00\",\"dateModified\":\"2026-03-18T21:37:27+00:00\",\"breadcrumb\":{\"@id\":\"https:\/\/hairtastic.se\/en\/produkt\/butterfly-weft-color-1b\/#breadcrumb\"},\"inLanguage\":\"en-US\",\"potentialAction\":[{\"@type\":\"ReadAction\",\"target\":[\"https:\/\/hairtastic.se\/en\/produkt\/butterfly-weft-color-1b\/\"]}]},{\"@type\":\"ImageObject\",\"inLanguage\":\"en-US\",\"@id\":\"https:\/\/hairtastic.se\/en\/produkt\/butterfly-weft-color-1b\/#primaryimage\",\"url\":\"https:\/\/hairtastic.se\/wp-content\/uploads\/2026\/02\/ButterflyWeft-2-26v1.jpg\",\"contentUrl\":\"https:\/\/hairtastic.se\/wp-content\/uploads\/2026\/02\/ButterflyWeft-2-26v1.jpg\",\"width\":1090,\"height\":1090},{\"@type\":\"BreadcrumbList\",\"@id\":\"https:\/\/hairtastic.se\/en\/produkt\/butterfly-weft-color-1b\/#breadcrumb\",\"itemListElement\":[{\"@type\":\"ListItem\",\"position\":1,\"name\":\"Hem\",\"item\":\"https:\/\/hairtastic.se\/en\/\"},{\"@type\":\"ListItem\",\"position\":2,\"name\":\"Shop\",\"item\":\"https:\/\/hairtastic.se\/shop\/\"},{\"@type\":\"ListItem\",\"position\":3,\"name\":\"Butterfly Weft color #1B\"}]},{\"@type\":\"WebSite\",\"@id\":\"https:\/\/hairtastic.se\/en\/#website\",\"url\":\"https:\/\/hairtastic.se\/en\/\",\"name\":\"Hairtastic\",\"description\":\"\u00c4kta l\u00f6sh\u00e5r med kvalit\u00e9 som h\u00e5ller l\u00e4ngre\",\"publisher\":{\"@id\":\"https:\/\/hairtastic.se\/en\/#organization\"},\"potentialAction\":[{\"@type\":\"SearchAction\",\"target\":{\"@type\":\"EntryPoint\",\"urlTemplate\":\"https:\/\/hairtastic.se\/en\/?s={search_term_string}\"},\"query-input\":{\"@type\":\"PropertyValueSpecification\",\"valueRequired\":true,\"valueName\":\"search_term_string\"}}],\"inLanguage\":\"en-US\"},{\"@type\":\"Organization\",\"@id\":\"https:\/\/hairtastic.se\/en\/#organization\",\"name\":\"Hairtastic\",\"url\":\"https:\/\/hairtastic.se\/en\/\",\"logo\":{\"@type\":\"ImageObject\",\"inLanguage\":\"en-US\",\"@id\":\"https:\/\/hairtastic.se\/en\/#\/schema\/logo\/image\/\",\"url\":\"https:\/\/hairtastic.se\/wp-content\/uploads\/2015\/12\/logo.jpg\",\"contentUrl\":\"https:\/\/hairtastic.se\/wp-content\/uploads\/2015\/12\/logo.jpg\",\"width\":235,\"height\":59,\"caption\":\"Hairtastic\"},\"image\":{\"@id\":\"https:\/\/hairtastic.se\/en\/#\/schema\/logo\/image\/\"},\"sameAs\":[\"https:\/\/www.facebook.com\/Hairtastic-663755403684614\/\",\"https:\/\/www.instagram.com\/hairtasticab\/-566646813447362\"]}]}<\/script>\n<meta property=\"product:price:amount\" content=\"290\" \/>\n<meta property=\"product:price:currency\" content=\"USD\" \/>\n<meta property=\"og:availability\" content=\"instock\" \/>\n<meta property=\"product:availability\" content=\"instock\" \/>\n<meta property=\"product:condition\" content=\"new\" \/>\n<!-- \/ Yoast SEO Premium plugin. -->","yoast_head_json":{"title":"Butterfly Weft color #1B - Hairtastic","robots":{"index":"index","follow":"follow","max-snippet":"max-snippet:-1","max-image-preview":"max-image-preview:large","max-video-preview":"max-video-preview:-1"},"canonical":"https:\/\/hairtastic.se\/en\/produkt\/butterfly-weft-color-1b\/","og_locale":"en_US","og_type":"article","og_title":"Butterfly Weft color #1B","og_description":"Butterfly Weft Premium is designed with an extremely thin and discreet seam, creating a seamless and natural result in all hair types \u2014 especially fine hair. The weft is applied without heat, glue, or tape and can easily be customized. It can be cut into smaller sections without unraveling, allowing for a perfectly tailored application.  Application Methods When attaching your weft extensions, you can sew them in using microrings or onto a horizontal braid in the scalp.  Beaded Weft Attach micro rings or nano rings to your natural hair and sew the weft onto the rings. The rings help distribute the weight evenly, making the method gentle on your natural hair. After 4\u20136 weeks, the rings can easily be moved up for a quick and simple refresh.  Weaving Create a horizontal braid where you want to attach your weft. Make sure the braid is thin and tight. Sew the weft securely onto the braid using needle and thread.","og_url":"https:\/\/hairtastic.se\/en\/produkt\/butterfly-weft-color-1b\/","og_site_name":"Hairtastic","article_publisher":"https:\/\/www.facebook.com\/Hairtastic-663755403684614\/","article_modified_time":"2026-03-18T21:37:27+00:00","og_image":[{"width":1090,"height":1090,"url":"https:\/\/hairtastic.se\/wp-content\/uploads\/2026\/02\/ButterflyWeft-2-26v1.jpg","type":"image\/jpeg"}],"twitter_misc":{"Price":"&#36;290","Availability":"In stock"},"schema":{"@context":"https:\/\/schema.org","@graph":[{"@type":"WebPage","@id":"https:\/\/hairtastic.se\/en\/produkt\/butterfly-weft-color-1b\/","url":"https:\/\/hairtastic.se\/en\/produkt\/butterfly-weft-color-1b\/","name":"Butterfly Weft color #1B - Hairtastic","isPartOf":{"@id":"https:\/\/hairtastic.se\/en\/#website"},"primaryImageOfPage":{"@id":"https:\/\/hairtastic.se\/en\/produkt\/butterfly-weft-color-1b\/#primaryimage"},"image":{"@id":"https:\/\/hairtastic.se\/en\/produkt\/butterfly-weft-color-1b\/#primaryimage"},"thumbnailUrl":"https:\/\/hairtastic.se\/wp-content\/uploads\/2026\/02\/ButterflyWeft-2-26v1.jpg","datePublished":"2026-02-21T09:59:18+00:00","dateModified":"2026-03-18T21:37:27+00:00","breadcrumb":{"@id":"https:\/\/hairtastic.se\/en\/produkt\/butterfly-weft-color-1b\/#breadcrumb"},"inLanguage":"en-US","potentialAction":[{"@type":"ReadAction","target":["https:\/\/hairtastic.se\/en\/produkt\/butterfly-weft-color-1b\/"]}]},{"@type":"ImageObject","inLanguage":"en-US","@id":"https:\/\/hairtastic.se\/en\/produkt\/butterfly-weft-color-1b\/#primaryimage","url":"https:\/\/hairtastic.se\/wp-content\/uploads\/2026\/02\/ButterflyWeft-2-26v1.jpg","contentUrl":"https:\/\/hairtastic.se\/wp-content\/uploads\/2026\/02\/ButterflyWeft-2-26v1.jpg","width":1090,"height":1090},{"@type":"BreadcrumbList","@id":"https:\/\/hairtastic.se\/en\/produkt\/butterfly-weft-color-1b\/#breadcrumb","itemListElement":[{"@type":"ListItem","position":1,"name":"Hem","item":"https:\/\/hairtastic.se\/en\/"},{"@type":"ListItem","position":2,"name":"Shop","item":"https:\/\/hairtastic.se\/shop\/"},{"@type":"ListItem","position":3,"name":"Butterfly Weft color #1B"}]},{"@type":"WebSite","@id":"https:\/\/hairtastic.se\/en\/#website","url":"https:\/\/hairtastic.se\/en\/","name":"Hairtastic","description":"\u00c4kta l\u00f6sh\u00e5r med kvalit\u00e9 som h\u00e5ller l\u00e4ngre","publisher":{"@id":"https:\/\/hairtastic.se\/en\/#organization"},"potentialAction":[{"@type":"SearchAction","target":{"@type":"EntryPoint","urlTemplate":"https:\/\/hairtastic.se\/en\/?s={search_term_string}"},"query-input":{"@type":"PropertyValueSpecification","valueRequired":true,"valueName":"search_term_string"}}],"inLanguage":"en-US"},{"@type":"Organization","@id":"https:\/\/hairtastic.se\/en\/#organization","name":"Hairtastic","url":"https:\/\/hairtastic.se\/en\/","logo":{"@type":"ImageObject","inLanguage":"en-US","@id":"https:\/\/hairtastic.se\/en\/#\/schema\/logo\/image\/","url":"https:\/\/hairtastic.se\/wp-content\/uploads\/2015\/12\/logo.jpg","contentUrl":"https:\/\/hairtastic.se\/wp-content\/uploads\/2015\/12\/logo.jpg","width":235,"height":59,"caption":"Hairtastic"},"image":{"@id":"https:\/\/hairtastic.se\/en\/#\/schema\/logo\/image\/"},"sameAs":["https:\/\/www.facebook.com\/Hairtastic-663755403684614\/","https:\/\/www.instagram.com\/hairtasticab\/-566646813447362"]}]},"product_price_amount":"290","product_price_currency":"USD","og_availability":"instock","product_availability":"instock","product_condition":"new"},"_links":{"self":[{"href":"https:\/\/hairtastic.se\/en\/wp-json\/wp\/v2\/product\/64458","targetHints":{"allow":["GET"]}}],"collection":[{"href":"https:\/\/hairtastic.se\/en\/wp-json\/wp\/v2\/product"}],"about":[{"href":"https:\/\/hairtastic.se\/en\/wp-json\/wp\/v2\/types\/product"}],"replies":[{"embeddable":true,"href":"https:\/\/hairtastic.se\/en\/wp-json\/wp\/v2\/comments?post=64458"}],"wp:featuredmedia":[{"embeddable":true,"href":"https:\/\/hairtastic.se\/en\/wp-json\/wp\/v2\/media\/64396"}],"wp:attachment":[{"href":"https:\/\/hairtastic.se\/en\/wp-json\/wp\/v2\/media?parent=64458"}],"wp:term":[{"taxonomy":"product_brand","embeddable":true,"href":"https:\/\/hairtastic.se\/en\/wp-json\/wp\/v2\/product_brand?post=64458"},{"taxonomy":"product_cat","embeddable":true,"href":"https:\/\/hairtastic.se\/en\/wp-json\/wp\/v2\/product_cat?post=64458"},{"taxonomy":"product_tag","embeddable":true,"href":"https:\/\/hairtastic.se\/en\/wp-json\/wp\/v2\/product_tag?post=64458"}],"curies":[{"name":"wp","href":"https:\/\/api.w.org\/{rel}","templated":true}]}}